{"id":5141,"date":"2025-09-19T11:25:45","date_gmt":"2025-09-19T11:25:45","guid":{"rendered":"https:\/\/www.light.fereistore.com\/?post_type=product&#038;p=5141"},"modified":"2025-09-19T11:28:42","modified_gmt":"2025-09-19T11:28:42","slug":"bp4872b-lithium-batteries-power-bank","status":"publish","type":"product","link":"https:\/\/www.light.fereistore.com\/pt\/product\/bp4872b-lithium-batteries-power-bank\/","title":{"rendered":"Banco de pot\u00eancia de baterias de l\u00edtio BP4872B"},"content":{"rendered":"<ul>\n<li>Bateria de l\u00edtio, utilizada para os far\u00f3is HL50II e HL54II, com a luz de bicicleta BL200, BL200X, BL200XQ, atualiza\u00e7\u00e3o BL800C, atualiza\u00e7\u00e3o BL800F.<\/li>\n<li>Extens\u00e3o do cabo de 5,5 DC Jack e OD3,5mm.<\/li>\n<li>Bateria de i\u00f5es de l\u00edtio 4\u00d718650 inserida com placa de circuito de prote\u00e7\u00e3o.<\/li>\n<li>ESPECIFICA\u00c7\u00d5ES<\/li>\n<li>Peso: 235g<\/li>\n<li>Capacidade: 5200mAh<\/li>\n<li>Tens\u00e3o de sa\u00edda: 7,2 a 8,4V<\/li>\n<\/ul>","protected":false},"excerpt":{"rendered":"<ul>\n<li>Bateria de l\u00edtio, utilizada para os far\u00f3is HL50II e HL54II, com a luz de bicicleta BL200, BL200X, BL200XQ, atualiza\u00e7\u00e3o BL800C, atualiza\u00e7\u00e3o BL800F.<\/li>\n<li>Extens\u00e3o do cabo de 5,5 DC Jack e OD3,5mm.<\/li>\n<li>Bateria de i\u00f5es de l\u00edtio 4\u00d718650 inserida com placa de circuito de prote\u00e7\u00e3o.<\/li>\n<li>ESPECIFICA\u00c7\u00d5ES<\/li>\n<li>Peso: 235g<\/li>\n<li>Capacidade: 5200mAh<\/li>\n<li>Tens\u00e3o de sa\u00edda: 7,2 a 8,4V<\/li>\n<\/ul>","protected":false},"featured_media":5144,"comment_status":"open","ping_status":"closed","template":"","meta":{"site-sidebar-layout":"default","site-content-layout":"","ast-site-content-layout":"default","site-content-style":"default","site-sidebar-style":"default","ast-global-header-display":"","ast-banner-title-visibility":"","ast-main-header-display":"","ast-hfb-above-header-display":"","ast-hfb-below-header-display":"","ast-hfb-mobile-header-display":"","site-post-title":"","ast-breadcrumbs-content":"","ast-featured-img":"","footer-sml-layout":"","ast-disable-related-posts":"","theme-transparent-header-meta":"default","adv-header-id-meta":"","stick-header-meta":"default","header-above-stick-meta":"","header-main-stick-meta":"","header-below-stick-meta":"","astra-migrate-meta-layouts":"set","ast-page-background-enabled":"default","ast-page-background-meta":{"desktop":{"background-color":"var(--ast-global-color-4)","background-image":"","background-repeat":"repeat","background-position":"center center","background-size":"auto","background-attachment":"scroll","background-type":"","background-media":"","overlay-type":"","overlay-color":"","overlay-opacity":"","overlay-gradient":""},"tablet":{"background-color":"","background-image":"","background-repeat":"repeat","background-position":"center center","background-size":"auto","background-attachment":"scroll","background-type":"","background-media":"","overlay-type":"","overlay-color":"","overlay-opacity":"","overlay-gradient":""},"mobile":{"background-color":"","background-image":"","background-repeat":"repeat","background-position":"center center","background-size":"auto","background-attachment":"scroll","background-type":"","background-media":"","overlay-type":"","overlay-color":"","overlay-opacity":"","overlay-gradient":""}},"ast-content-background-meta":{"desktop":{"background-color":"var(--ast-global-color-5)","background-image":"","background-repeat":"repeat","background-position":"center center","background-size":"auto","background-attachment":"scroll","background-type":"","background-media":"","overlay-type":"","overlay-color":"","overlay-opacity":"","overlay-gradient":""},"tablet":{"background-color":"var(--ast-global-color-5)","background-image":"","background-repeat":"repeat","background-position":"center center","background-size":"auto","background-attachment":"scroll","background-type":"","background-media":"","overlay-type":"","overlay-color":"","overlay-opacity":"","overlay-gradient":""},"mobile":{"background-color":"var(--ast-global-color-5)","background-image":"","background-repeat":"repeat","background-position":"center center","background-size":"auto","background-attachment":"scroll","background-type":"","background-media":"","overlay-type":"","overlay-color":"","overlay-opacity":"","overlay-gradient":""}}},"product_brand":[88],"product_cat":[122],"product_tag":[128],"class_list":{"0":"post-5141","1":"product","2":"type-product","3":"status-publish","4":"has-post-thumbnail","6":"product_brand-ferei","7":"product_cat-charger","8":"product_tag-charger","9":"desktop-align-center","10":"tablet-align-left","11":"mobile-align-left","12":"ast-product-gallery-layout-horizontal-slider","13":"ast-magnify-disabled","15":"first","16":"instock","17":"shipping-taxable","18":"purchasable","19":"product-type-simple"},"_links":{"self":[{"href":"https:\/\/www.light.fereistore.com\/pt\/wp-json\/wp\/v2\/product\/5141","targetHints":{"allow":["GET"]}}],"collection":[{"href":"https:\/\/www.light.fereistore.com\/pt\/wp-json\/wp\/v2\/product"}],"about":[{"href":"https:\/\/www.light.fereistore.com\/pt\/wp-json\/wp\/v2\/types\/product"}],"replies":[{"embeddable":true,"href":"https:\/\/www.light.fereistore.com\/pt\/wp-json\/wp\/v2\/comments?post=5141"}],"version-history":[{"count":0,"href":"https:\/\/www.light.fereistore.com\/pt\/wp-json\/wp\/v2\/product\/5141\/revisions"}],"wp:featuredmedia":[{"embeddable":true,"href":"https:\/\/www.light.fereistore.com\/pt\/wp-json\/wp\/v2\/media\/5144"}],"wp:attachment":[{"href":"https:\/\/www.light.fereistore.com\/pt\/wp-json\/wp\/v2\/media?parent=5141"}],"wp:term":[{"taxonomy":"product_brand","embeddable":true,"href":"https:\/\/www.light.fereistore.com\/pt\/wp-json\/wp\/v2\/product_brand?post=5141"},{"taxonomy":"product_cat","embeddable":true,"href":"https:\/\/www.light.fereistore.com\/pt\/wp-json\/wp\/v2\/product_cat?post=5141"},{"taxonomy":"product_tag","embeddable":true,"href":"https:\/\/www.light.fereistore.com\/pt\/wp-json\/wp\/v2\/product_tag?post=5141"}],"curies":[{"name":"wp","href":"https:\/\/api.w.org\/{rel}","templated":true}]}}