{"id":5067,"date":"2025-09-19T07:40:22","date_gmt":"2025-09-19T07:40:22","guid":{"rendered":"https:\/\/www.light.fereistore.com\/?post_type=product&#038;p=5067"},"modified":"2025-09-19T07:40:22","modified_gmt":"2025-09-19T07:40:22","slug":"ferei-ac009b-3-5dc-ac-plug-charger","status":"publish","type":"product","link":"https:\/\/www.light.fereistore.com\/pt\/product\/ferei-ac009b-3-5dc-ac-plug-charger\/","title":{"rendered":"Carregador de ficha AC 3.5DC Ferei AC009B"},"content":{"rendered":"<ul>\n<li>Carregador CA com ficha 3,5DC.<\/li>\n<li>Especialmente para o novo suporte de pilhas C28.<\/li>\n<li>O modelo de carregamento \u00e9 de corrente constante transformada em tens\u00e3o constante, com prote\u00e7\u00e3o contra sobrecarga\/curto-circuito\/polaridade inversa.<\/li>\n<li>F\u00e1cil de utilizar: Cada bateria separada tem um indicador luminoso LED de tr\u00eas cores: VERMELHO - a carregar, VERDE - cheia e sem pilha, VERDE - pilha colocada com polaridade incorrecta. Para garantir a seguran\u00e7a e a fiabilidade das pilhas e da carga<\/li>\n<\/ul>","protected":false},"excerpt":{"rendered":"<ul>\n<li>Carregador CA com ficha 3,5DC.<\/li>\n<li>Especialmente para o novo suporte de pilhas C28.<\/li>\n<li>O modelo de carregamento \u00e9 de corrente constante transformada em tens\u00e3o constante, com prote\u00e7\u00e3o contra sobrecarga\/curto-circuito\/polaridade inversa.<\/li>\n<li>F\u00e1cil de utilizar: Cada bateria separada tem um indicador luminoso LED de tr\u00eas cores: VERMELHO - a carregar, VERDE - cheia e sem pilha, VERDE - pilha colocada com polaridade incorrecta. Para garantir a seguran\u00e7a e a fiabilidade das pilhas e da carga<\/li>\n<\/ul>","protected":false},"featured_media":5070,"comment_status":"open","ping_status":"closed","template":"","meta":{"site-sidebar-layout":"default","site-content-layout":"","ast-site-content-layout":"default","site-content-style":"default","site-sidebar-style":"default","ast-global-header-display":"","ast-banner-title-visibility":"","ast-main-header-display":"","ast-hfb-above-header-display":"","ast-hfb-below-header-display":"","ast-hfb-mobile-header-display":"","site-post-title":"","ast-breadcrumbs-content":"","ast-featured-img":"","footer-sml-layout":"","ast-disable-related-posts":"","theme-transparent-header-meta":"default","adv-header-id-meta":"","stick-header-meta":"default","header-above-stick-meta":"","header-main-stick-meta":"","header-below-stick-meta":"","astra-migrate-meta-layouts":"set","ast-page-background-enabled":"default","ast-page-background-meta":{"desktop":{"background-color":"var(--ast-global-color-4)","background-image":"","background-repeat":"repeat","background-position":"center center","background-size":"auto","background-attachment":"scroll","background-type":"","background-media":"","overlay-type":"","overlay-color":"","overlay-opacity":"","overlay-gradient":""},"tablet":{"background-color":"","background-image":"","background-repeat":"repeat","background-position":"center center","background-size":"auto","background-attachment":"scroll","background-type":"","background-media":"","overlay-type":"","overlay-color":"","overlay-opacity":"","overlay-gradient":""},"mobile":{"background-color":"","background-image":"","background-repeat":"repeat","background-position":"center center","background-size":"auto","background-attachment":"scroll","background-type":"","background-media":"","overlay-type":"","overlay-color":"","overlay-opacity":"","overlay-gradient":""}},"ast-content-background-meta":{"desktop":{"background-color":"var(--ast-global-color-5)","background-image":"","background-repeat":"repeat","background-position":"center center","background-size":"auto","background-attachment":"scroll","background-type":"","background-media":"","overlay-type":"","overlay-color":"","overlay-opacity":"","overlay-gradient":""},"tablet":{"background-color":"var(--ast-global-color-5)","background-image":"","background-repeat":"repeat","background-position":"center center","background-size":"auto","background-attachment":"scroll","background-type":"","background-media":"","overlay-type":"","overlay-color":"","overlay-opacity":"","overlay-gradient":""},"mobile":{"background-color":"var(--ast-global-color-5)","background-image":"","background-repeat":"repeat","background-position":"center center","background-size":"auto","background-attachment":"scroll","background-type":"","background-media":"","overlay-type":"","overlay-color":"","overlay-opacity":"","overlay-gradient":""}}},"product_brand":[],"product_cat":[122],"product_tag":[],"class_list":{"0":"post-5067","1":"product","2":"type-product","3":"status-publish","4":"has-post-thumbnail","6":"product_cat-charger","7":"desktop-align-center","8":"tablet-align-left","9":"mobile-align-left","10":"ast-product-gallery-layout-horizontal-slider","11":"ast-magnify-disabled","13":"first","14":"instock","15":"shipping-taxable","16":"purchasable","17":"product-type-simple"},"_links":{"self":[{"href":"https:\/\/www.light.fereistore.com\/pt\/wp-json\/wp\/v2\/product\/5067","targetHints":{"allow":["GET"]}}],"collection":[{"href":"https:\/\/www.light.fereistore.com\/pt\/wp-json\/wp\/v2\/product"}],"about":[{"href":"https:\/\/www.light.fereistore.com\/pt\/wp-json\/wp\/v2\/types\/product"}],"replies":[{"embeddable":true,"href":"https:\/\/www.light.fereistore.com\/pt\/wp-json\/wp\/v2\/comments?post=5067"}],"version-history":[{"count":0,"href":"https:\/\/www.light.fereistore.com\/pt\/wp-json\/wp\/v2\/product\/5067\/revisions"}],"wp:featuredmedia":[{"embeddable":true,"href":"https:\/\/www.light.fereistore.com\/pt\/wp-json\/wp\/v2\/media\/5070"}],"wp:attachment":[{"href":"https:\/\/www.light.fereistore.com\/pt\/wp-json\/wp\/v2\/media?parent=5067"}],"wp:term":[{"taxonomy":"product_brand","embeddable":true,"href":"https:\/\/www.light.fereistore.com\/pt\/wp-json\/wp\/v2\/product_brand?post=5067"},{"taxonomy":"product_cat","embeddable":true,"href":"https:\/\/www.light.fereistore.com\/pt\/wp-json\/wp\/v2\/product_cat?post=5067"},{"taxonomy":"product_tag","embeddable":true,"href":"https:\/\/www.light.fereistore.com\/pt\/wp-json\/wp\/v2\/product_tag?post=5067"}],"curies":[{"name":"wp","href":"https:\/\/api.w.org\/{rel}","templated":true}]}}