{"id":5028,"date":"2025-09-19T06:44:47","date_gmt":"2025-09-19T06:44:47","guid":{"rendered":"https:\/\/www.light.fereistore.com\/?post_type=product&#038;p=5028"},"modified":"2025-09-19T06:46:03","modified_gmt":"2025-09-19T06:46:03","slug":"feri-ac300-ac-plug-charger","status":"publish","type":"product","link":"https:\/\/www.light.fereistore.com\/pt\/product\/feri-ac300-ac-plug-charger\/","title":{"rendered":"Carregador de ficha CA Feri AC300"},"content":{"rendered":"<ul>\n<li>Adaptador CA, recarga profissional para W170, W170A, W163 e W163B usado apenas.<\/li>\n<li>O modelo de carregamento \u00e9 de corrente constante transformada em tens\u00e3o constante, com prote\u00e7\u00e3o contra sobrecarga\/curto-circuito\/polaridade inversa.<\/li>\n<li>F\u00e1cil de utilizar: Cada bateria separada tem um indicador luminoso LED de tr\u00eas cores: VERMELHO - a carregar, VERDE - cheia e sem pilha, VERDE - pilha colocada com polaridade incorrecta.<\/li>\n<li>Para garantir a seguran\u00e7a e a fiabilidade das baterias e da carga.<\/li>\n<li>Entrada: 100-240V AC50\/60Hz<\/li>\n<li>Sa\u00edda: DC12.6V- 2.0A<\/li>\n<\/ul>","protected":false},"excerpt":{"rendered":"<ul>\n<li>Adaptador CA, recarga profissional para W170, W170A, W163 e W163B usado apenas.<\/li>\n<li>O modelo de carregamento \u00e9 de corrente constante transformada em tens\u00e3o constante, com prote\u00e7\u00e3o contra sobrecarga\/curto-circuito\/polaridade inversa.<\/li>\n<li>F\u00e1cil de utilizar: Cada bateria separada tem um indicador luminoso LED de tr\u00eas cores: VERMELHO - a carregar, VERDE - cheia e sem pilha, VERDE - pilha colocada com polaridade incorrecta.<\/li>\n<li>Para garantir a seguran\u00e7a e a fiabilidade das baterias e da carga.<\/li>\n<li>Entrada: 100-240V AC50\/60Hz<\/li>\n<li>Sa\u00edda: DC12.6V- 2.0A<\/li>\n<\/ul>","protected":false},"featured_media":5031,"comment_status":"open","ping_status":"closed","template":"","meta":{"site-sidebar-layout":"default","site-content-layout":"","ast-site-content-layout":"default","site-content-style":"default","site-sidebar-style":"default","ast-global-header-display":"","ast-banner-title-visibility":"","ast-main-header-display":"","ast-hfb-above-header-display":"","ast-hfb-below-header-display":"","ast-hfb-mobile-header-display":"","site-post-title":"","ast-breadcrumbs-content":"","ast-featured-img":"","footer-sml-layout":"","ast-disable-related-posts":"","theme-transparent-header-meta":"default","adv-header-id-meta":"","stick-header-meta":"default","header-above-stick-meta":"","header-main-stick-meta":"","header-below-stick-meta":"","astra-migrate-meta-layouts":"set","ast-page-background-enabled":"default","ast-page-background-meta":{"desktop":{"background-color":"var(--ast-global-color-4)","background-image":"","background-repeat":"repeat","background-position":"center center","background-size":"auto","background-attachment":"scroll","background-type":"","background-media":"","overlay-type":"","overlay-color":"","overlay-opacity":"","overlay-gradient":""},"tablet":{"background-color":"","background-image":"","background-repeat":"repeat","background-position":"center center","background-size":"auto","background-attachment":"scroll","background-type":"","background-media":"","overlay-type":"","overlay-color":"","overlay-opacity":"","overlay-gradient":""},"mobile":{"background-color":"","background-image":"","background-repeat":"repeat","background-position":"center center","background-size":"auto","background-attachment":"scroll","background-type":"","background-media":"","overlay-type":"","overlay-color":"","overlay-opacity":"","overlay-gradient":""}},"ast-content-background-meta":{"desktop":{"background-color":"var(--ast-global-color-5)","background-image":"","background-repeat":"repeat","background-position":"center center","background-size":"auto","background-attachment":"scroll","background-type":"","background-media":"","overlay-type":"","overlay-color":"","overlay-opacity":"","overlay-gradient":""},"tablet":{"background-color":"var(--ast-global-color-5)","background-image":"","background-repeat":"repeat","background-position":"center center","background-size":"auto","background-attachment":"scroll","background-type":"","background-media":"","overlay-type":"","overlay-color":"","overlay-opacity":"","overlay-gradient":""},"mobile":{"background-color":"var(--ast-global-color-5)","background-image":"","background-repeat":"repeat","background-position":"center center","background-size":"auto","background-attachment":"scroll","background-type":"","background-media":"","overlay-type":"","overlay-color":"","overlay-opacity":"","overlay-gradient":""}}},"product_brand":[88],"product_cat":[122],"product_tag":[128],"class_list":{"0":"post-5028","1":"product","2":"type-product","3":"status-publish","4":"has-post-thumbnail","6":"product_brand-ferei","7":"product_cat-charger","8":"product_tag-charger","9":"desktop-align-center","10":"tablet-align-left","11":"mobile-align-left","12":"ast-product-gallery-layout-horizontal-slider","13":"ast-magnify-disabled","15":"first","16":"instock","17":"shipping-taxable","18":"product-type-simple"},"_links":{"self":[{"href":"https:\/\/www.light.fereistore.com\/pt\/wp-json\/wp\/v2\/product\/5028","targetHints":{"allow":["GET"]}}],"collection":[{"href":"https:\/\/www.light.fereistore.com\/pt\/wp-json\/wp\/v2\/product"}],"about":[{"href":"https:\/\/www.light.fereistore.com\/pt\/wp-json\/wp\/v2\/types\/product"}],"replies":[{"embeddable":true,"href":"https:\/\/www.light.fereistore.com\/pt\/wp-json\/wp\/v2\/comments?post=5028"}],"version-history":[{"count":0,"href":"https:\/\/www.light.fereistore.com\/pt\/wp-json\/wp\/v2\/product\/5028\/revisions"}],"wp:featuredmedia":[{"embeddable":true,"href":"https:\/\/www.light.fereistore.com\/pt\/wp-json\/wp\/v2\/media\/5031"}],"wp:attachment":[{"href":"https:\/\/www.light.fereistore.com\/pt\/wp-json\/wp\/v2\/media?parent=5028"}],"wp:term":[{"taxonomy":"product_brand","embeddable":true,"href":"https:\/\/www.light.fereistore.com\/pt\/wp-json\/wp\/v2\/product_brand?post=5028"},{"taxonomy":"product_cat","embeddable":true,"href":"https:\/\/www.light.fereistore.com\/pt\/wp-json\/wp\/v2\/product_cat?post=5028"},{"taxonomy":"product_tag","embeddable":true,"href":"https:\/\/www.light.fereistore.com\/pt\/wp-json\/wp\/v2\/product_tag?post=5028"}],"curies":[{"name":"wp","href":"https:\/\/api.w.org\/{rel}","templated":true}]}}