{"id":1959,"date":"2025-06-25T10:09:08","date_gmt":"2025-06-25T10:09:08","guid":{"rendered":"https:\/\/www.light.fereistore.com\/?page_id=1959"},"modified":"2025-06-25T10:09:10","modified_gmt":"2025-06-25T10:09:10","slug":"warranty-policy","status":"publish","type":"page","link":"https:\/\/www.light.fereistore.com\/pt\/warranty-policy\/","title":{"rendered":"Pol\u00edtica de garantia"},"content":{"rendered":"<p><strong>Luzes e componentes para bicicletas<\/strong><\/p>\n\n\n\n<p>Caro cliente,<\/p>\n\n\n\n<p>Obrigado por ter escolhido os produtos Ferei. Para o servir melhor, leia atentamente as seguintes condi\u00e7\u00f5es de garantia relativas \u00e0 sua compra:<\/p>\n\n\n\n<ol start=\"1\" class=\"wp-block-list\">\n<li>Qualquer produto Ferei que apresente um mau funcionamento ou deixe de funcionar\u00a0<strong>no prazo de 14 dias<\/strong>\u00a0O produto que n\u00e3o tenha sido adquirido em condi\u00e7\u00f5es normais de utiliza\u00e7\u00e3o pode ser devolvido a qualquer distribuidor\/revendedor autorizado ou \u00e0 Ferei para troca por um produto igual ou equivalente.<\/li>\n\n\n\n<li>Todas as luzes e componentes de bicicletas Ferei s\u00e3o garantidos contra defeitos de fabrico e\/ou mau funcionamento\u00a0<strong>durante 2 anos a partir da data de compra<\/strong>\u00a0com o recibo de venda original.<\/li>\n\n\n\n<li>O per\u00edodo de garantia para\u00a0<strong>produtos perec\u00edveis e acess\u00f3rios<\/strong>\u00a0(lentes de vidro, an\u00e9is de veda\u00e7\u00e3o, interruptores de borracha, pilhas, etc.) \u00e9\u00a0<strong>8 meses<\/strong>\u00a0a partir da data de compra. O per\u00edodo de garantia dos adaptadores AC ou carregadores Ferei \u00e9\u00a0<strong>12 meses<\/strong>.<\/li>\n\n\n\n<li>Em caso de d\u00favidas sobre a garantia, contactar o\u00a0<strong>Centro de Servi\u00e7o Ferei diretamente<\/strong>\u00a0ou o seu distribuidor\/retalhista local.\u00a0<strong>N\u00e3o tentar a auto-repara\u00e7\u00e3o em nenhuma circunst\u00e2ncia.<\/strong><\/li>\n\n\n\n<li>Se algum produto Ferei se tornar defeituoso\u00a0<strong>fora do per\u00edodo de garantia<\/strong>, os clientes podem mandar repar\u00e1-lo numa\u00a0<strong>custo mutuamente acordado<\/strong>.<\/li>\n\n\n\n<li>A garantia da Ferei passa a ser\u00a0<strong>nulo e sem efeito<\/strong>\u00a0nestas condi\u00e7\u00f5es:\n<ul class=\"wp-block-list\">\n<li><strong>A:<\/strong>\u00a0Avaria resultante de uma utiliza\u00e7\u00e3o incorrecta.<\/li>\n\n\n\n<li><strong>B:<\/strong>\u00a0Mau funcionamento devido a modifica\u00e7\u00e3o ou desmontagem n\u00e3o autorizada.<\/li>\n\n\n\n<li><strong>C:<\/strong>\u00a0Avaria causada por manuten\u00e7\u00e3o e\/ou armazenamento incorrectos.<\/li>\n\n\n\n<li><strong>D:<\/strong>\u00a0Aus\u00eancia de um recibo de venda, fatura ou cart\u00e3o de garantia v\u00e1lidos.<\/li>\n\n\n\n<li><strong>E:<\/strong>\u00a0O produto \u00e9 contrafeito.<\/li>\n\n\n\n<li><strong>F:<\/strong>\u00a0Cessa\u00e7\u00e3o do funcionamento devido a danos por impacto e\/ou queda.<\/li>\n<\/ul>\n<\/li>\n\n\n\n<li><strong>Local de execu\u00e7\u00e3o e jurisdi\u00e7\u00e3o:<\/strong>\u00a0Shenzhen, China. Regido pela lei chinesa.<\/li>\n<\/ol>\n\n\n\n<p><strong>Garantia alargada:<\/strong><\/p>\n\n\n\n<ol start=\"1\" class=\"wp-block-list\">\n<li>Os novos utilizadores registados no nosso s\u00edtio Web oficial beneficiam de uma garantia alargada (por exemplo, dois meses ou meio ano).<\/li>\n\n\n\n<li>Os produtos personalizados FEREI beneficiam de uma nova garantia de servi\u00e7o em fun\u00e7\u00e3o dos modelos espec\u00edficos.<\/li>\n<\/ol>","protected":false},"excerpt":{"rendered":"<p>Luzes e componentes para bicicletas Caro cliente, Obrigado por escolher os produtos Ferei. Para o servir melhor, por favor leia atentamente as seguintes condi\u00e7\u00f5es de garantia relativas \u00e0 sua compra: Garantia alargada:<\/p>","protected":false},"author":1,"featured_media":0,"parent":0,"menu_order":0,"comment_status":"closed","ping_status":"closed","template":"","meta":{"site-sidebar-layout":"default","site-content-layout":"","ast-site-content-layout":"default","site-content-style":"default","site-sidebar-style":"default","ast-global-header-display":"","ast-banner-title-visibility":"","ast-main-header-display":"","ast-hfb-above-header-display":"","ast-hfb-below-header-display":"","ast-hfb-mobile-header-display":"","site-post-title":"","ast-breadcrumbs-content":"","ast-featured-img":"","footer-sml-layout":"","ast-disable-related-posts":"","theme-transparent-header-meta":"","adv-header-id-meta":"","stick-header-meta":"","header-above-stick-meta":"","header-main-stick-meta":"","header-below-stick-meta":"","astra-migrate-meta-layouts":"set","ast-page-background-enabled":"default","ast-page-background-meta":{"desktop":{"background-color":"var(--ast-global-color-4)","background-image":"","background-repeat":"repeat","background-position":"center center","background-size":"auto","background-attachment":"scroll","background-type":"","background-media":"","overlay-type":"","overlay-color":"","overlay-opacity":"","overlay-gradient":""},"tablet":{"background-color":"","background-image":"","background-repeat":"repeat","background-position":"center center","background-size":"auto","background-attachment":"scroll","background-type":"","background-media":"","overlay-type":"","overlay-color":"","overlay-opacity":"","overlay-gradient":""},"mobile":{"background-color":"","background-image":"","background-repeat":"repeat","background-position":"center center","background-size":"auto","background-attachment":"scroll","background-type":"","background-media":"","overlay-type":"","overlay-color":"","overlay-opacity":"","overlay-gradient":""}},"ast-content-background-meta":{"desktop":{"background-color":"var(--ast-global-color-5)","background-image":"","background-repeat":"repeat","background-position":"center center","background-size":"auto","background-attachment":"scroll","background-type":"","background-media":"","overlay-type":"","overlay-color":"","overlay-opacity":"","overlay-gradient":""},"tablet":{"background-color":"var(--ast-global-color-5)","background-image":"","background-repeat":"repeat","background-position":"center center","background-size":"auto","background-attachment":"scroll","background-type":"","background-media":"","overlay-type":"","overlay-color":"","overlay-opacity":"","overlay-gradient":""},"mobile":{"background-color":"var(--ast-global-color-5)","background-image":"","background-repeat":"repeat","background-position":"center center","background-size":"auto","background-attachment":"scroll","background-type":"","background-media":"","overlay-type":"","overlay-color":"","overlay-opacity":"","overlay-gradient":""}},"footnotes":""},"class_list":["post-1959","page","type-page","status-publish","hentry"],"_links":{"self":[{"href":"https:\/\/www.light.fereistore.com\/pt\/wp-json\/wp\/v2\/pages\/1959","targetHints":{"allow":["GET"]}}],"collection":[{"href":"https:\/\/www.light.fereistore.com\/pt\/wp-json\/wp\/v2\/pages"}],"about":[{"href":"https:\/\/www.light.fereistore.com\/pt\/wp-json\/wp\/v2\/types\/page"}],"author":[{"embeddable":true,"href":"https:\/\/www.light.fereistore.com\/pt\/wp-json\/wp\/v2\/users\/1"}],"replies":[{"embeddable":true,"href":"https:\/\/www.light.fereistore.com\/pt\/wp-json\/wp\/v2\/comments?post=1959"}],"version-history":[{"count":0,"href":"https:\/\/www.light.fereistore.com\/pt\/wp-json\/wp\/v2\/pages\/1959\/revisions"}],"wp:attachment":[{"href":"https:\/\/www.light.fereistore.com\/pt\/wp-json\/wp\/v2\/media?parent=1959"}],"curies":[{"name":"wp","href":"https:\/\/api.w.org\/{rel}","templated":true}]}}