{"id":1951,"date":"2025-06-25T09:29:56","date_gmt":"2025-06-25T09:29:56","guid":{"rendered":"https:\/\/www.light.fereistore.com\/?page_id=1951"},"modified":"2025-06-25T09:29:58","modified_gmt":"2025-06-25T09:29:58","slug":"shipping-policy","status":"publish","type":"page","link":"https:\/\/www.light.fereistore.com\/pt\/shipping-policy\/","title":{"rendered":"Pol\u00edtica de envio"},"content":{"rendered":"<p><strong>Envio gratuito<\/strong><br>Enviamos para todo o mundo utilizando servi\u00e7os de correio internacionais de renome. Se o seu pa\u00eds n\u00e3o estiver listado como uma op\u00e7\u00e3o no nosso s\u00edtio Web, contacte-nos em&nbsp;<a href=\"https:\/\/mailto:ferei@ferei.com\/\" target=\"_blank\" rel=\"noreferrer noopener\">ferei@ferei.com<\/a>&nbsp;para assist\u00eancia.<\/p>\n\n\n\n<p>Oferecemos&nbsp;<strong>envio gratuito para mais de 70 pa\u00edses<\/strong>&nbsp;para todas as encomendas de conjuntos de rodas efectuadas no nosso s\u00edtio Web.<\/p>\n\n\n\n<p>Al\u00e9m disso, fornecemos um&nbsp;<strong>m\u00e9todo de envio com imposto inclu\u00eddo<\/strong>&nbsp;para estes pa\u00edses\/regi\u00f5es:<\/p>\n\n\n\n<ul class=\"wp-block-list\">\n<li>Os Estados Unidos<\/li>\n\n\n\n<li>A maioria dos pa\u00edses da UE<\/li>\n\n\n\n<li>Reino Unido<\/li>\n\n\n\n<li>Austr\u00e1lia<\/li>\n\n\n\n<li>Emirados \u00c1rabes Unidos<\/li>\n\n\n\n<li>Mal\u00e1sia<\/li>\n\n\n\n<li>Tail\u00e2ndia<\/li>\n\n\n\n<li>Vietname<\/li>\n\n\n\n<li>Manila, Filipinas (dispon\u00edvel mediante pedido)<\/li>\n<\/ul>\n\n\n\n<p>Clientes que selecionam o envio com imposto inclu\u00eddo&nbsp;<strong>n\u00e3o pagar\u00e1 direitos aduaneiros<\/strong>.<\/p>\n\n\n\n<p>Devido aos elevados custos de transporte para destinos remotos,&nbsp;<strong>o envio gratuito n\u00e3o est\u00e1 dispon\u00edvel<\/strong>&nbsp;nestes pa\u00edses. Aplicam-se taxas adicionais:<br><em>Turquia, Israel, Chile, Brasil, Argentina, Uruguai, Peru, M\u00e9xico, Costa Rica, Ar\u00e1bia Saudita, Qatar.<\/em><br>Se enviar para estes destinos, envie um e-mail para&nbsp;<a href=\"https:\/\/mailto:ferei@ferei.com\/\" target=\"_blank\" rel=\"noreferrer noopener\">ferei@ferei.com<\/a>&nbsp;para mais pormenores.<\/p>\n\n\n\n<p><strong>Op\u00e7\u00f5es de entrega e prazos<\/strong><\/p>\n\n\n\n<ul class=\"wp-block-list\">\n<li>EMS\/DPD: 15-30 dias<\/li>\n\n\n\n<li>FedEx\/DHL\/UPS: 5-10 dias<br><em>(Podem ocorrer atrasos durante o desalfandegamento)<\/em><\/li>\n<\/ul>\n\n\n\n<p>Ap\u00f3s o envio, enviaremos imediatamente por correio eletr\u00f3nico o seu n\u00famero de seguimento. Tamb\u00e9m pode:<\/p>\n\n\n\n<ol start=\"1\" class=\"wp-block-list\">\n<li>Consulte o nosso s\u00edtio Web<\/li>\n\n\n\n<li>Acompanhar via:\u00a0<a href=\"https:\/\/www.17track.net\/\" target=\"_blank\" rel=\"noreferrer noopener\">https:\/\/www.17track.net\/<\/a><\/li>\n<\/ol>\n\n\n\n<p>*Aplica-se o envio gratuito&nbsp;<strong>apenas para encomendas de conjuntos de rodas<\/strong>. As encomendas apenas de acess\u00f3rios t\u00eam custos de envio.<\/p>\n\n\n\n<p><strong>Processamento de encomendas<\/strong><\/p>\n\n\n\n<ul class=\"wp-block-list\">\n<li><strong>Encomendas durante a semana<\/strong>\u00a0(de segunda a sexta-feira): Processado no mesmo dia<\/li>\n\n\n\n<li><strong>Encomendas de fim de semana<\/strong>\u00a0(s\u00e1bado e domingo): Processado na segunda-feira seguinte<\/li>\n<\/ul>\n\n\n\n<p>Ap\u00f3s a encomenda, enviamos o seu pedido para a f\u00e1brica. Prazos de produ\u00e7\u00e3o:<\/p>\n\n\n\n<ul class=\"wp-block-list\">\n<li><strong>Jantes em stock<\/strong>: 5 dias \u00fateis<\/li>\n\n\n\n<li><strong>Jantes personalizadas\/fora de stock<\/strong>: 12-15 dias \u00fateis<\/li>\n<\/ul>\n\n\n\n<p><strong>Prazo de entrega total = Tempo de produ\u00e7\u00e3o + Tempo de log\u00edstica<\/strong><br>(*Os envios internacionais requerem um processamento de 3-5 dias \u00fateis*)<\/p>\n\n\n\n<p>Uma vez expedido do nosso armaz\u00e9m, a velocidade de expedi\u00e7\u00e3o est\u00e1 fora do nosso controlo. Para pedidos urgentes, contactar&nbsp;<a href=\"https:\/\/mailto:ferei@ferei.com\/\" target=\"_blank\" rel=\"noreferrer noopener\">ferei@ferei.com<\/a>. O tempo de tr\u00e2nsito \u00e9 suficiente.<\/p>\n\n\n\n<p><em>(Nota: Todas as pol\u00edticas, listas de pa\u00edses, calend\u00e1rios, dados de contacto e excep\u00e7\u00f5es s\u00e3o preservados de forma id\u00eantica ao texto original).<\/em><\/p>","protected":false},"excerpt":{"rendered":"<p>Free ShippingWe ship worldwide using renowned international courier services. If your country isn\u2019t listed as an option on our website, contact us at&nbsp;ferei@ferei.com&nbsp;for assistance. We offer&nbsp;free shipping to over 70 countries&nbsp;for all wheelset orders placed on our website. Additionally, we provide a&nbsp;tax-included shipping method&nbsp;to these countries\/regions: Customers selecting tax-included shipping&nbsp;will not pay customs duties. Due [&hellip;]<\/p>\n","protected":false},"author":1,"featured_media":0,"parent":0,"menu_order":0,"comment_status":"closed","ping_status":"closed","template":"","meta":{"site-sidebar-layout":"default","site-content-layout":"","ast-site-content-layout":"default","site-content-style":"default","site-sidebar-style":"default","ast-global-header-display":"","ast-banner-title-visibility":"","ast-main-header-display":"","ast-hfb-above-header-display":"","ast-hfb-below-header-display":"","ast-hfb-mobile-header-display":"","site-post-title":"","ast-breadcrumbs-content":"","ast-featured-img":"","footer-sml-layout":"","ast-disable-related-posts":"","theme-transparent-header-meta":"","adv-header-id-meta":"","stick-header-meta":"","header-above-stick-meta":"","header-main-stick-meta":"","header-below-stick-meta":"","astra-migrate-meta-layouts":"set","ast-page-background-enabled":"default","ast-page-background-meta":{"desktop":{"background-color":"var(--ast-global-color-4)","background-image":"","background-repeat":"repeat","background-position":"center center","background-size":"auto","background-attachment":"scroll","background-type":"","background-media":"","overlay-type":"","overlay-color":"","overlay-opacity":"","overlay-gradient":""},"tablet":{"background-color":"","background-image":"","background-repeat":"repeat","background-position":"center center","background-size":"auto","background-attachment":"scroll","background-type":"","background-media":"","overlay-type":"","overlay-color":"","overlay-opacity":"","overlay-gradient":""},"mobile":{"background-color":"","background-image":"","background-repeat":"repeat","background-position":"center center","background-size":"auto","background-attachment":"scroll","background-type":"","background-media":"","overlay-type":"","overlay-color":"","overlay-opacity":"","overlay-gradient":""}},"ast-content-background-meta":{"desktop":{"background-color":"var(--ast-global-color-5)","background-image":"","background-repeat":"repeat","background-position":"center center","background-size":"auto","background-attachment":"scroll","background-type":"","background-media":"","overlay-type":"","overlay-color":"","overlay-opacity":"","overlay-gradient":""},"tablet":{"background-color":"var(--ast-global-color-5)","background-image":"","background-repeat":"repeat","background-position":"center center","background-size":"auto","background-attachment":"scroll","background-type":"","background-media":"","overlay-type":"","overlay-color":"","overlay-opacity":"","overlay-gradient":""},"mobile":{"background-color":"var(--ast-global-color-5)","background-image":"","background-repeat":"repeat","background-position":"center center","background-size":"auto","background-attachment":"scroll","background-type":"","background-media":"","overlay-type":"","overlay-color":"","overlay-opacity":"","overlay-gradient":""}},"footnotes":""},"class_list":["post-1951","page","type-page","status-publish","hentry"],"_links":{"self":[{"href":"https:\/\/www.light.fereistore.com\/pt\/wp-json\/wp\/v2\/pages\/1951","targetHints":{"allow":["GET"]}}],"collection":[{"href":"https:\/\/www.light.fereistore.com\/pt\/wp-json\/wp\/v2\/pages"}],"about":[{"href":"https:\/\/www.light.fereistore.com\/pt\/wp-json\/wp\/v2\/types\/page"}],"author":[{"embeddable":true,"href":"https:\/\/www.light.fereistore.com\/pt\/wp-json\/wp\/v2\/users\/1"}],"replies":[{"embeddable":true,"href":"https:\/\/www.light.fereistore.com\/pt\/wp-json\/wp\/v2\/comments?post=1951"}],"version-history":[{"count":0,"href":"https:\/\/www.light.fereistore.com\/pt\/wp-json\/wp\/v2\/pages\/1951\/revisions"}],"wp:attachment":[{"href":"https:\/\/www.light.fereistore.com\/pt\/wp-json\/wp\/v2\/media?parent=1951"}],"curies":[{"name":"wp","href":"https:\/\/api.w.org\/{rel}","templated":true}]}}