{"id":1934,"date":"2025-06-25T09:35:08","date_gmt":"2025-06-25T09:35:08","guid":{"rendered":"https:\/\/www.light.fereistore.com\/?page_id=1934"},"modified":"2025-06-25T09:35:10","modified_gmt":"2025-06-25T09:35:10","slug":"politica-de-pagamento","status":"publish","type":"page","link":"https:\/\/www.light.fereistore.com\/pt\/payment-policy\/","title":{"rendered":"pol\u00edtica de pagamento"},"content":{"rendered":"<p>Pagamento<\/p>\n\n\n\n<p>Que condi\u00e7\u00f5es de pagamento aceitamos?<\/p>\n\n\n\n<p>Aceitamos os seguintes m\u00e9todos de pagamento: PayPal, transfer\u00eancia banc\u00e1ria e cart\u00f5es de cr\u00e9dito\/d\u00e9bito.<\/p>\n\n\n\n<p>Nota: Para pagamentos com cart\u00e3o de cr\u00e9dito\/d\u00e9bito, ser\u00e1 aplicada uma taxa de processamento adicional de 4% imposta pelo processador de pagamentos. Esta taxa \u00e9 da responsabilidade do comprador.<\/p>\n\n\n\n<p>Para evitar a taxa do cart\u00e3o 4%, pode adicionar o seu cart\u00e3o de cr\u00e9dito\/d\u00e9bito \u00e0 sua conta PayPal e concluir o pagamento atrav\u00e9s do PayPal.<\/p>\n\n\n\n<p>Est\u00e1 a ter problemas? Contacte-nos em: ferei@ferei.com.<\/p>\n\n\n\n<p>PayPal (recomendado)<\/p>\n\n\n\n<p>Ao selecionar \u201cPagar via PayPal\u201d no checkout, \u00e9 redireccionado para a plataforma segura do PayPal.<\/p>\n\n\n\n<p>\u2192 N\u00e3o tem conta PayPal? Escolha \u201cPagar com cart\u00e3o de d\u00e9bito\/cr\u00e9dito\u201d na p\u00e1gina de in\u00edcio de sess\u00e3o do PayPal.<\/p>\n\n\n\n<p>\u2192 PayPal aceita: Visa, Mastercard, American Express, Discover, JCB e outros cart\u00f5es principais.<\/p>\n\n\n\n<p>Motivos comuns de falha de pagamento:<\/p>\n\n\n\n<p>N\u00famero de cart\u00e3o, c\u00f3digo de seguran\u00e7a ou dados de fatura\u00e7\u00e3o incorrectos<\/p>\n\n\n\n<p>Restri\u00e7\u00f5es do cart\u00e3o para este tipo de transa\u00e7\u00e3o<\/p>\n\n\n\n<p>Limite de despesas excedido ou cart\u00e3o expirado<\/p>\n\n\n\n<p>Decl\u00ednio do banco<\/p>\n\n\n\n<p>Resolu\u00e7\u00e3o: Verifique os detalhes da fatura\u00e7\u00e3o, contacte o emissor do cart\u00e3o ou experimente outro cart\u00e3o.<\/p>\n\n\n\n<p>Notas:<\/p>\n\n\n\n<p>Aplica-se uma taxa de processamento de 4%.<\/p>\n\n\n\n<p>Os pagamentos s\u00e3o processados de forma segura pela Stripe (certificada pelo PCI). Nunca recolhemos os dados do seu cart\u00e3o.<\/p>\n\n\n\n<p>Transfer\u00eancia banc\u00e1ria\/eletr\u00f3nica<\/p>\n\n\n\n<p>Contacte-nos em ferei@ferei.com para solicitar os detalhes da transfer\u00eancia banc\u00e1ria.<\/p>\n\n\n\n<p>\u2192 Utilize o seu ID de encomenda como refer\u00eancia de pagamento.<\/p>\n\n\n\n<p>\u2192 As encomendas s\u00f3 s\u00e3o expedidas ap\u00f3s a rece\u00e7\u00e3o dos fundos.<\/p>","protected":false},"excerpt":{"rendered":"<p>Payment What terms of payment do we accept? We accept the following payment methods: PayPal, bank transfer, and credit\/debit cards. Please note: For credit\/debit card payments, an additional 4% processing fee imposed by the payment processor will apply. This fee is the buyer\u2019s responsibility. To avoid the 4% card fee, you may add your credit\/debit [&hellip;]<\/p>\n","protected":false},"author":1,"featured_media":0,"parent":0,"menu_order":0,"comment_status":"closed","ping_status":"closed","template":"","meta":{"site-sidebar-layout":"default","site-content-layout":"","ast-site-content-layout":"default","site-content-style":"default","site-sidebar-style":"default","ast-global-header-display":"","ast-banner-title-visibility":"","ast-main-header-display":"","ast-hfb-above-header-display":"","ast-hfb-below-header-display":"","ast-hfb-mobile-header-display":"","site-post-title":"","ast-breadcrumbs-content":"","ast-featured-img":"","footer-sml-layout":"","ast-disable-related-posts":"","theme-transparent-header-meta":"","adv-header-id-meta":"","stick-header-meta":"","header-above-stick-meta":"","header-main-stick-meta":"","header-below-stick-meta":"","astra-migrate-meta-layouts":"set","ast-page-background-enabled":"default","ast-page-background-meta":{"desktop":{"background-color":"var(--ast-global-color-4)","background-image":"","background-repeat":"repeat","background-position":"center center","background-size":"auto","background-attachment":"scroll","background-type":"","background-media":"","overlay-type":"","overlay-color":"","overlay-opacity":"","overlay-gradient":""},"tablet":{"background-color":"","background-image":"","background-repeat":"repeat","background-position":"center center","background-size":"auto","background-attachment":"scroll","background-type":"","background-media":"","overlay-type":"","overlay-color":"","overlay-opacity":"","overlay-gradient":""},"mobile":{"background-color":"","background-image":"","background-repeat":"repeat","background-position":"center center","background-size":"auto","background-attachment":"scroll","background-type":"","background-media":"","overlay-type":"","overlay-color":"","overlay-opacity":"","overlay-gradient":""}},"ast-content-background-meta":{"desktop":{"background-color":"var(--ast-global-color-5)","background-image":"","background-repeat":"repeat","background-position":"center center","background-size":"auto","background-attachment":"scroll","background-type":"","background-media":"","overlay-type":"","overlay-color":"","overlay-opacity":"","overlay-gradient":""},"tablet":{"background-color":"var(--ast-global-color-5)","background-image":"","background-repeat":"repeat","background-position":"center center","background-size":"auto","background-attachment":"scroll","background-type":"","background-media":"","overlay-type":"","overlay-color":"","overlay-opacity":"","overlay-gradient":""},"mobile":{"background-color":"var(--ast-global-color-5)","background-image":"","background-repeat":"repeat","background-position":"center center","background-size":"auto","background-attachment":"scroll","background-type":"","background-media":"","overlay-type":"","overlay-color":"","overlay-opacity":"","overlay-gradient":""}},"footnotes":""},"class_list":["post-1934","page","type-page","status-publish","hentry"],"_links":{"self":[{"href":"https:\/\/www.light.fereistore.com\/pt\/wp-json\/wp\/v2\/pages\/1934","targetHints":{"allow":["GET"]}}],"collection":[{"href":"https:\/\/www.light.fereistore.com\/pt\/wp-json\/wp\/v2\/pages"}],"about":[{"href":"https:\/\/www.light.fereistore.com\/pt\/wp-json\/wp\/v2\/types\/page"}],"author":[{"embeddable":true,"href":"https:\/\/www.light.fereistore.com\/pt\/wp-json\/wp\/v2\/users\/1"}],"replies":[{"embeddable":true,"href":"https:\/\/www.light.fereistore.com\/pt\/wp-json\/wp\/v2\/comments?post=1934"}],"version-history":[{"count":0,"href":"https:\/\/www.light.fereistore.com\/pt\/wp-json\/wp\/v2\/pages\/1934\/revisions"}],"wp:attachment":[{"href":"https:\/\/www.light.fereistore.com\/pt\/wp-json\/wp\/v2\/media?parent=1934"}],"curies":[{"name":"wp","href":"https:\/\/api.w.org\/{rel}","templated":true}]}}