{"id":4910,"date":"2025-09-19T03:18:48","date_gmt":"2025-09-19T03:18:48","guid":{"rendered":"https:\/\/www.light.fereistore.com\/?post_type=product&#038;p=4910"},"modified":"2025-09-19T03:24:02","modified_gmt":"2025-09-19T03:24:02","slug":"ferei-d49-filter","status":"publish","type":"product","link":"https:\/\/www.light.fereistore.com\/it\/product\/ferei-d49-filter\/","title":{"rendered":"Filtro Ferei D49"},"content":{"rendered":"<ul>\n<li>Filtro e diffusore Ferei per luci subacquee.<\/li>\n<li>Particolarmente adatto per Ferei W160\/W160A.<\/li>\n<li>Fissando il filtro con la custodia in gomma siliconica Ferei sulla testa di W160\/W160A, la luce produrr\u00e0 un fascio caldo, che ha una migliore penetrazione nell'acqua torbida.<\/li>\n<li>Fissando il diffusore con la custodia in gomma siliconica Ferei sulla testa di W160\/W160A, la luce produrr\u00e0 un fascio pi\u00f9 ampio, in grado di offrire al subacqueo una visione pi\u00f9 ampia sott'acqua.<\/li>\n<li>Diametro: 61 mm<\/li>\n<li>Altezza: 4,0 mm<\/li>\n<\/ul>","protected":false},"excerpt":{"rendered":"<ul>\n<li>Filtro e diffusore Ferei per luci subacquee.<\/li>\n<li>Particolarmente adatto per Ferei W160\/W160A.<\/li>\n<li>Fissando il filtro con la custodia in gomma siliconica Ferei sulla testa di W160\/W160A, la luce produrr\u00e0 un fascio caldo, che ha una migliore penetrazione nell'acqua torbida.<\/li>\n<li>Fissando il diffusore con la custodia in gomma siliconica Ferei sulla testa di W160\/W160A, la luce produrr\u00e0 un fascio pi\u00f9 ampio, in grado di offrire al subacqueo una visione pi\u00f9 ampia sott'acqua.<\/li>\n<li>Diametro: 61 mm<\/li>\n<li>Altezza: 4,0 mm<\/li>\n<\/ul>","protected":false},"featured_media":4914,"comment_status":"open","ping_status":"closed","template":"","meta":{"site-sidebar-layout":"default","site-content-layout":"","ast-site-content-layout":"default","site-content-style":"default","site-sidebar-style":"default","ast-global-header-display":"","ast-banner-title-visibility":"","ast-main-header-display":"","ast-hfb-above-header-display":"","ast-hfb-below-header-display":"","ast-hfb-mobile-header-display":"","site-post-title":"","ast-breadcrumbs-content":"","ast-featured-img":"","footer-sml-layout":"","ast-disable-related-posts":"","theme-transparent-header-meta":"default","adv-header-id-meta":"","stick-header-meta":"default","header-above-stick-meta":"","header-main-stick-meta":"","header-below-stick-meta":"","astra-migrate-meta-layouts":"set","ast-page-background-enabled":"default","ast-page-background-meta":{"desktop":{"background-color":"var(--ast-global-color-4)","background-image":"","background-repeat":"repeat","background-position":"center center","background-size":"auto","background-attachment":"scroll","background-type":"","background-media":"","overlay-type":"","overlay-color":"","overlay-opacity":"","overlay-gradient":""},"tablet":{"background-color":"","background-image":"","background-repeat":"repeat","background-position":"center center","background-size":"auto","background-attachment":"scroll","background-type":"","background-media":"","overlay-type":"","overlay-color":"","overlay-opacity":"","overlay-gradient":""},"mobile":{"background-color":"","background-image":"","background-repeat":"repeat","background-position":"center center","background-size":"auto","background-attachment":"scroll","background-type":"","background-media":"","overlay-type":"","overlay-color":"","overlay-opacity":"","overlay-gradient":""}},"ast-content-background-meta":{"desktop":{"background-color":"var(--ast-global-color-5)","background-image":"","background-repeat":"repeat","background-position":"center center","background-size":"auto","background-attachment":"scroll","background-type":"","background-media":"","overlay-type":"","overlay-color":"","overlay-opacity":"","overlay-gradient":""},"tablet":{"background-color":"var(--ast-global-color-5)","background-image":"","background-repeat":"repeat","background-position":"center center","background-size":"auto","background-attachment":"scroll","background-type":"","background-media":"","overlay-type":"","overlay-color":"","overlay-opacity":"","overlay-gradient":""},"mobile":{"background-color":"var(--ast-global-color-5)","background-image":"","background-repeat":"repeat","background-position":"center center","background-size":"auto","background-attachment":"scroll","background-type":"","background-media":"","overlay-type":"","overlay-color":"","overlay-opacity":"","overlay-gradient":""}}},"product_brand":[88],"product_cat":[124],"product_tag":[125],"class_list":{"0":"post-4910","1":"product","2":"type-product","3":"status-publish","4":"has-post-thumbnail","6":"product_brand-ferei","7":"product_cat-filters","8":"product_tag-filter","9":"desktop-align-center","10":"tablet-align-left","11":"mobile-align-left","12":"ast-product-gallery-layout-horizontal-slider","13":"ast-magnify-disabled","15":"first","16":"instock","17":"shipping-taxable","18":"purchasable","19":"product-type-simple"},"_links":{"self":[{"href":"https:\/\/www.light.fereistore.com\/it\/wp-json\/wp\/v2\/product\/4910","targetHints":{"allow":["GET"]}}],"collection":[{"href":"https:\/\/www.light.fereistore.com\/it\/wp-json\/wp\/v2\/product"}],"about":[{"href":"https:\/\/www.light.fereistore.com\/it\/wp-json\/wp\/v2\/types\/product"}],"replies":[{"embeddable":true,"href":"https:\/\/www.light.fereistore.com\/it\/wp-json\/wp\/v2\/comments?post=4910"}],"version-history":[{"count":0,"href":"https:\/\/www.light.fereistore.com\/it\/wp-json\/wp\/v2\/product\/4910\/revisions"}],"wp:featuredmedia":[{"embeddable":true,"href":"https:\/\/www.light.fereistore.com\/it\/wp-json\/wp\/v2\/media\/4914"}],"wp:attachment":[{"href":"https:\/\/www.light.fereistore.com\/it\/wp-json\/wp\/v2\/media?parent=4910"}],"wp:term":[{"taxonomy":"product_brand","embeddable":true,"href":"https:\/\/www.light.fereistore.com\/it\/wp-json\/wp\/v2\/product_brand?post=4910"},{"taxonomy":"product_cat","embeddable":true,"href":"https:\/\/www.light.fereistore.com\/it\/wp-json\/wp\/v2\/product_cat?post=4910"},{"taxonomy":"product_tag","embeddable":true,"href":"https:\/\/www.light.fereistore.com\/it\/wp-json\/wp\/v2\/product_tag?post=4910"}],"curies":[{"name":"wp","href":"https:\/\/api.w.org\/{rel}","templated":true}]}}