{"id":5135,"date":"2025-09-19T11:23:52","date_gmt":"2025-09-19T11:23:52","guid":{"rendered":"https:\/\/www.light.fereistore.com\/?post_type=product&#038;p=5135"},"modified":"2025-09-19T11:23:52","modified_gmt":"2025-09-19T11:23:52","slug":"bp2872b-lithium-batteries-power-bank","status":"publish","type":"product","link":"https:\/\/www.light.fereistore.com\/fr\/product\/bp2872b-lithium-batteries-power-bank\/","title":{"rendered":"BP2872B banque d'\u00e9nergie au lithium"},"content":{"rendered":"<ul>\n<li>Batterie professionnelle au lithium, utilis\u00e9e pour la lampe de v\u00e9lo BL800 .<\/li>\n<li>Prolongation de la prise 5.5 DC et du c\u00e2ble OD5.0mm.<\/li>\n<li>2\u00d718650 batteries Li-ion ins\u00e9r\u00e9es dans un circuit de protection.<\/li>\n<li>Taille : 87.2mm*42.3mm*24mm<\/li>\n<li>Poids : 128g<\/li>\n<li>Capacit\u00e9 : 2600mAh<\/li>\n<li>Tension de sortie : 7,2 \u00e0 8,4 V<\/li>\n<\/ul>","protected":false},"excerpt":{"rendered":"<ul>\n<li>Batterie professionnelle au lithium, utilis\u00e9e pour la lampe de v\u00e9lo BL800 .<\/li>\n<li>Prolongation de la prise 5.5 DC et du c\u00e2ble OD5.0mm.<\/li>\n<li>2\u00d718650 batteries Li-ion ins\u00e9r\u00e9es dans un circuit de protection.<\/li>\n<li>Taille : 87.2mm*42.3mm*24mm<\/li>\n<li>Poids : 128g<\/li>\n<li>Capacit\u00e9 : 2600mAh<\/li>\n<li>Tension de sortie : 7,2 \u00e0 8,4 V<\/li>\n<\/ul>","protected":false},"featured_media":5138,"comment_status":"open","ping_status":"closed","template":"","meta":{"site-sidebar-layout":"default","site-content-layout":"","ast-site-content-layout":"default","site-content-style":"default","site-sidebar-style":"default","ast-global-header-display":"","ast-banner-title-visibility":"","ast-main-header-display":"","ast-hfb-above-header-display":"","ast-hfb-below-header-display":"","ast-hfb-mobile-header-display":"","site-post-title":"","ast-breadcrumbs-content":"","ast-featured-img":"","footer-sml-layout":"","ast-disable-related-posts":"","theme-transparent-header-meta":"default","adv-header-id-meta":"","stick-header-meta":"default","header-above-stick-meta":"","header-main-stick-meta":"","header-below-stick-meta":"","astra-migrate-meta-layouts":"set","ast-page-background-enabled":"default","ast-page-background-meta":{"desktop":{"background-color":"var(--ast-global-color-4)","background-image":"","background-repeat":"repeat","background-position":"center center","background-size":"auto","background-attachment":"scroll","background-type":"","background-media":"","overlay-type":"","overlay-color":"","overlay-opacity":"","overlay-gradient":""},"tablet":{"background-color":"","background-image":"","background-repeat":"repeat","background-position":"center center","background-size":"auto","background-attachment":"scroll","background-type":"","background-media":"","overlay-type":"","overlay-color":"","overlay-opacity":"","overlay-gradient":""},"mobile":{"background-color":"","background-image":"","background-repeat":"repeat","background-position":"center center","background-size":"auto","background-attachment":"scroll","background-type":"","background-media":"","overlay-type":"","overlay-color":"","overlay-opacity":"","overlay-gradient":""}},"ast-content-background-meta":{"desktop":{"background-color":"var(--ast-global-color-5)","background-image":"","background-repeat":"repeat","background-position":"center center","background-size":"auto","background-attachment":"scroll","background-type":"","background-media":"","overlay-type":"","overlay-color":"","overlay-opacity":"","overlay-gradient":""},"tablet":{"background-color":"var(--ast-global-color-5)","background-image":"","background-repeat":"repeat","background-position":"center center","background-size":"auto","background-attachment":"scroll","background-type":"","background-media":"","overlay-type":"","overlay-color":"","overlay-opacity":"","overlay-gradient":""},"mobile":{"background-color":"var(--ast-global-color-5)","background-image":"","background-repeat":"repeat","background-position":"center center","background-size":"auto","background-attachment":"scroll","background-type":"","background-media":"","overlay-type":"","overlay-color":"","overlay-opacity":"","overlay-gradient":""}}},"product_brand":[88],"product_cat":[122],"product_tag":[],"class_list":{"0":"post-5135","1":"product","2":"type-product","3":"status-publish","4":"has-post-thumbnail","6":"product_brand-ferei","7":"product_cat-charger","8":"desktop-align-center","9":"tablet-align-left","10":"mobile-align-left","11":"ast-product-gallery-layout-horizontal-slider","12":"ast-magnify-disabled","14":"first","15":"instock","16":"shipping-taxable","17":"purchasable","18":"product-type-simple"},"_links":{"self":[{"href":"https:\/\/www.light.fereistore.com\/fr\/wp-json\/wp\/v2\/product\/5135","targetHints":{"allow":["GET"]}}],"collection":[{"href":"https:\/\/www.light.fereistore.com\/fr\/wp-json\/wp\/v2\/product"}],"about":[{"href":"https:\/\/www.light.fereistore.com\/fr\/wp-json\/wp\/v2\/types\/product"}],"replies":[{"embeddable":true,"href":"https:\/\/www.light.fereistore.com\/fr\/wp-json\/wp\/v2\/comments?post=5135"}],"version-history":[{"count":0,"href":"https:\/\/www.light.fereistore.com\/fr\/wp-json\/wp\/v2\/product\/5135\/revisions"}],"wp:featuredmedia":[{"embeddable":true,"href":"https:\/\/www.light.fereistore.com\/fr\/wp-json\/wp\/v2\/media\/5138"}],"wp:attachment":[{"href":"https:\/\/www.light.fereistore.com\/fr\/wp-json\/wp\/v2\/media?parent=5135"}],"wp:term":[{"taxonomy":"product_brand","embeddable":true,"href":"https:\/\/www.light.fereistore.com\/fr\/wp-json\/wp\/v2\/product_brand?post=5135"},{"taxonomy":"product_cat","embeddable":true,"href":"https:\/\/www.light.fereistore.com\/fr\/wp-json\/wp\/v2\/product_cat?post=5135"},{"taxonomy":"product_tag","embeddable":true,"href":"https:\/\/www.light.fereistore.com\/fr\/wp-json\/wp\/v2\/product_tag?post=5135"}],"curies":[{"name":"wp","href":"https:\/\/api.w.org\/{rel}","templated":true}]}}