{"id":5119,"date":"2025-09-19T11:11:51","date_gmt":"2025-09-19T11:11:51","guid":{"rendered":"https:\/\/www.light.fereistore.com\/?post_type=product&#038;p=5119"},"modified":"2025-09-19T11:31:25","modified_gmt":"2025-09-19T11:31:25","slug":"bp2836b-lithium-batteries-power-bank","status":"publish","type":"product","link":"https:\/\/www.light.fereistore.com\/fr\/product\/bp2836b-lithium-batteries-power-bank\/","title":{"rendered":"Banque d'\u00e9nergie BP28(36B) \u00e0 piles au lithium"},"content":{"rendered":"<ul>\n<li>Batterie professionnelle au lithium, utilis\u00e9e pour les lampes frontales HL40II, HL40AAII, HL20II, HL20AAII, HL08II, H08AAII et HL65 en version 5.5DC.<\/li>\n<li>Extension de la prise 5.5 DC et du c\u00e2ble OD 3.5mm .<\/li>\n<li>2\u00d718650 batteries Li-ion ins\u00e9r\u00e9es dans un circuit de protection.<\/li>\n<li>Taille : 87.2mm*42.3mm*24mm<\/li>\n<li>Poids : 128g<\/li>\n<li>Capacit\u00e9 : 5200mAh<\/li>\n<li>Tension de sortie : 3,7 \u00e0 4,2 V<\/li>\n<\/ul>","protected":false},"excerpt":{"rendered":"<ul>\n<li>Batterie professionnelle au lithium, utilis\u00e9e pour les lampes frontales HL40II, HL40AAII, HL20II, HL20AAII, HL08II, H08AAII et HL65 en version 5.5DC.<\/li>\n<li>Extension de la prise 5.5 DC et du c\u00e2ble OD 3.5mm .<\/li>\n<li>2\u00d718650 batteries Li-ion ins\u00e9r\u00e9es dans un circuit de protection.<\/li>\n<li>Taille : 87.2mm*42.3mm*24mm<\/li>\n<li>Poids : 128g<\/li>\n<li>Capacit\u00e9 : 5200mAh<\/li>\n<li>Tension de sortie : 3,7 \u00e0 4,2 V<\/li>\n<\/ul>","protected":false},"featured_media":5123,"comment_status":"open","ping_status":"closed","template":"","meta":{"site-sidebar-layout":"default","site-content-layout":"","ast-site-content-layout":"default","site-content-style":"default","site-sidebar-style":"default","ast-global-header-display":"","ast-banner-title-visibility":"","ast-main-header-display":"","ast-hfb-above-header-display":"","ast-hfb-below-header-display":"","ast-hfb-mobile-header-display":"","site-post-title":"","ast-breadcrumbs-content":"","ast-featured-img":"","footer-sml-layout":"","ast-disable-related-posts":"","theme-transparent-header-meta":"default","adv-header-id-meta":"","stick-header-meta":"default","header-above-stick-meta":"","header-main-stick-meta":"","header-below-stick-meta":"","astra-migrate-meta-layouts":"set","ast-page-background-enabled":"default","ast-page-background-meta":{"desktop":{"background-color":"var(--ast-global-color-4)","background-image":"","background-repeat":"repeat","background-position":"center center","background-size":"auto","background-attachment":"scroll","background-type":"","background-media":"","overlay-type":"","overlay-color":"","overlay-opacity":"","overlay-gradient":""},"tablet":{"background-color":"","background-image":"","background-repeat":"repeat","background-position":"center center","background-size":"auto","background-attachment":"scroll","background-type":"","background-media":"","overlay-type":"","overlay-color":"","overlay-opacity":"","overlay-gradient":""},"mobile":{"background-color":"","background-image":"","background-repeat":"repeat","background-position":"center center","background-size":"auto","background-attachment":"scroll","background-type":"","background-media":"","overlay-type":"","overlay-color":"","overlay-opacity":"","overlay-gradient":""}},"ast-content-background-meta":{"desktop":{"background-color":"var(--ast-global-color-5)","background-image":"","background-repeat":"repeat","background-position":"center center","background-size":"auto","background-attachment":"scroll","background-type":"","background-media":"","overlay-type":"","overlay-color":"","overlay-opacity":"","overlay-gradient":""},"tablet":{"background-color":"var(--ast-global-color-5)","background-image":"","background-repeat":"repeat","background-position":"center center","background-size":"auto","background-attachment":"scroll","background-type":"","background-media":"","overlay-type":"","overlay-color":"","overlay-opacity":"","overlay-gradient":""},"mobile":{"background-color":"var(--ast-global-color-5)","background-image":"","background-repeat":"repeat","background-position":"center center","background-size":"auto","background-attachment":"scroll","background-type":"","background-media":"","overlay-type":"","overlay-color":"","overlay-opacity":"","overlay-gradient":""}}},"product_brand":[88],"product_cat":[122],"product_tag":[128],"class_list":{"0":"post-5119","1":"product","2":"type-product","3":"status-publish","4":"has-post-thumbnail","6":"product_brand-ferei","7":"product_cat-charger","8":"product_tag-charger","9":"desktop-align-center","10":"tablet-align-left","11":"mobile-align-left","12":"ast-product-gallery-layout-horizontal-slider","13":"ast-magnify-disabled","15":"first","16":"instock","17":"shipping-taxable","18":"purchasable","19":"product-type-simple"},"_links":{"self":[{"href":"https:\/\/www.light.fereistore.com\/fr\/wp-json\/wp\/v2\/product\/5119","targetHints":{"allow":["GET"]}}],"collection":[{"href":"https:\/\/www.light.fereistore.com\/fr\/wp-json\/wp\/v2\/product"}],"about":[{"href":"https:\/\/www.light.fereistore.com\/fr\/wp-json\/wp\/v2\/types\/product"}],"replies":[{"embeddable":true,"href":"https:\/\/www.light.fereistore.com\/fr\/wp-json\/wp\/v2\/comments?post=5119"}],"version-history":[{"count":0,"href":"https:\/\/www.light.fereistore.com\/fr\/wp-json\/wp\/v2\/product\/5119\/revisions"}],"wp:featuredmedia":[{"embeddable":true,"href":"https:\/\/www.light.fereistore.com\/fr\/wp-json\/wp\/v2\/media\/5123"}],"wp:attachment":[{"href":"https:\/\/www.light.fereistore.com\/fr\/wp-json\/wp\/v2\/media?parent=5119"}],"wp:term":[{"taxonomy":"product_brand","embeddable":true,"href":"https:\/\/www.light.fereistore.com\/fr\/wp-json\/wp\/v2\/product_brand?post=5119"},{"taxonomy":"product_cat","embeddable":true,"href":"https:\/\/www.light.fereistore.com\/fr\/wp-json\/wp\/v2\/product_cat?post=5119"},{"taxonomy":"product_tag","embeddable":true,"href":"https:\/\/www.light.fereistore.com\/fr\/wp-json\/wp\/v2\/product_tag?post=5119"}],"curies":[{"name":"wp","href":"https:\/\/api.w.org\/{rel}","templated":true}]}}