{"id":5033,"date":"2025-09-19T06:49:57","date_gmt":"2025-09-19T06:49:57","guid":{"rendered":"https:\/\/www.light.fereistore.com\/?post_type=product&#038;p=5033"},"modified":"2025-09-19T06:56:44","modified_gmt":"2025-09-19T06:56:44","slug":"feri-ac400-ac-plug-charger","status":"publish","type":"product","link":"https:\/\/www.light.fereistore.com\/fr\/product\/feri-ac400-ac-plug-charger\/","title":{"rendered":"Feri AC400 AC plug Charger"},"content":{"rendered":"<ul>\n<li>Adaptateur AC, recharge professionnelle pour W172,W172B, utilis\u00e9 seulement. .<\/li>\n<li>Le mod\u00e8le de charge est un courant constant transform\u00e9 en tension constante, avec une protection contre les surcharges, les courts-circuits et l'inversion de polarit\u00e9.<\/li>\n<li>Facile \u00e0 utiliser : Chaque batterie s\u00e9par\u00e9e est dot\u00e9e d'un indicateur lumineux LED \u00e0 trois couleurs : ROUGE - en cours de chargement, VERT - pleine et sans batterie, VERT - batterie r\u00e9gl\u00e9e avec une mauvaise polarit\u00e9.<\/li>\n<li>S'assurer de la s\u00e9curit\u00e9 et de la fiabilit\u00e9 des batteries et de la charge.<\/li>\n<li>Entr\u00e9e : 100-240V AC50\/60Hz<\/li>\n<li>Sortie : DC13V- 2.0A<\/li>\n<\/ul>","protected":false},"excerpt":{"rendered":"<ul>\n<li>Adaptateur AC, recharge professionnelle pour W172,W172B, utilis\u00e9 seulement. .<\/li>\n<li>Le mod\u00e8le de charge est un courant constant transform\u00e9 en tension constante, avec une protection contre les surcharges, les courts-circuits et l'inversion de polarit\u00e9.<\/li>\n<li>Facile \u00e0 utiliser : Chaque batterie s\u00e9par\u00e9e est dot\u00e9e d'un indicateur lumineux LED \u00e0 trois couleurs : ROUGE - en cours de chargement, VERT - pleine et sans batterie, VERT - batterie r\u00e9gl\u00e9e avec une mauvaise polarit\u00e9.<\/li>\n<li>S'assurer de la s\u00e9curit\u00e9 et de la fiabilit\u00e9 des batteries et de la charge.<\/li>\n<li>Entr\u00e9e : 100-240V AC50\/60Hz<\/li>\n<li>Sortie : DC13V- 2.0A<\/li>\n<\/ul>","protected":false},"featured_media":5036,"comment_status":"open","ping_status":"closed","template":"","meta":{"site-sidebar-layout":"default","site-content-layout":"","ast-site-content-layout":"default","site-content-style":"default","site-sidebar-style":"default","ast-global-header-display":"","ast-banner-title-visibility":"","ast-main-header-display":"","ast-hfb-above-header-display":"","ast-hfb-below-header-display":"","ast-hfb-mobile-header-display":"","site-post-title":"","ast-breadcrumbs-content":"","ast-featured-img":"","footer-sml-layout":"","ast-disable-related-posts":"","theme-transparent-header-meta":"default","adv-header-id-meta":"","stick-header-meta":"default","header-above-stick-meta":"","header-main-stick-meta":"","header-below-stick-meta":"","astra-migrate-meta-layouts":"set","ast-page-background-enabled":"default","ast-page-background-meta":{"desktop":{"background-color":"var(--ast-global-color-4)","background-image":"","background-repeat":"repeat","background-position":"center center","background-size":"auto","background-attachment":"scroll","background-type":"","background-media":"","overlay-type":"","overlay-color":"","overlay-opacity":"","overlay-gradient":""},"tablet":{"background-color":"","background-image":"","background-repeat":"repeat","background-position":"center center","background-size":"auto","background-attachment":"scroll","background-type":"","background-media":"","overlay-type":"","overlay-color":"","overlay-opacity":"","overlay-gradient":""},"mobile":{"background-color":"","background-image":"","background-repeat":"repeat","background-position":"center center","background-size":"auto","background-attachment":"scroll","background-type":"","background-media":"","overlay-type":"","overlay-color":"","overlay-opacity":"","overlay-gradient":""}},"ast-content-background-meta":{"desktop":{"background-color":"var(--ast-global-color-5)","background-image":"","background-repeat":"repeat","background-position":"center center","background-size":"auto","background-attachment":"scroll","background-type":"","background-media":"","overlay-type":"","overlay-color":"","overlay-opacity":"","overlay-gradient":""},"tablet":{"background-color":"var(--ast-global-color-5)","background-image":"","background-repeat":"repeat","background-position":"center center","background-size":"auto","background-attachment":"scroll","background-type":"","background-media":"","overlay-type":"","overlay-color":"","overlay-opacity":"","overlay-gradient":""},"mobile":{"background-color":"var(--ast-global-color-5)","background-image":"","background-repeat":"repeat","background-position":"center center","background-size":"auto","background-attachment":"scroll","background-type":"","background-media":"","overlay-type":"","overlay-color":"","overlay-opacity":"","overlay-gradient":""}}},"product_brand":[88],"product_cat":[122],"product_tag":[128],"class_list":{"0":"post-5033","1":"product","2":"type-product","3":"status-publish","4":"has-post-thumbnail","6":"product_brand-ferei","7":"product_cat-charger","8":"product_tag-charger","9":"desktop-align-center","10":"tablet-align-left","11":"mobile-align-left","12":"ast-product-gallery-layout-horizontal-slider","13":"ast-magnify-disabled","15":"first","16":"instock","17":"shipping-taxable","18":"purchasable","19":"product-type-simple"},"_links":{"self":[{"href":"https:\/\/www.light.fereistore.com\/fr\/wp-json\/wp\/v2\/product\/5033","targetHints":{"allow":["GET"]}}],"collection":[{"href":"https:\/\/www.light.fereistore.com\/fr\/wp-json\/wp\/v2\/product"}],"about":[{"href":"https:\/\/www.light.fereistore.com\/fr\/wp-json\/wp\/v2\/types\/product"}],"replies":[{"embeddable":true,"href":"https:\/\/www.light.fereistore.com\/fr\/wp-json\/wp\/v2\/comments?post=5033"}],"version-history":[{"count":0,"href":"https:\/\/www.light.fereistore.com\/fr\/wp-json\/wp\/v2\/product\/5033\/revisions"}],"wp:featuredmedia":[{"embeddable":true,"href":"https:\/\/www.light.fereistore.com\/fr\/wp-json\/wp\/v2\/media\/5036"}],"wp:attachment":[{"href":"https:\/\/www.light.fereistore.com\/fr\/wp-json\/wp\/v2\/media?parent=5033"}],"wp:term":[{"taxonomy":"product_brand","embeddable":true,"href":"https:\/\/www.light.fereistore.com\/fr\/wp-json\/wp\/v2\/product_brand?post=5033"},{"taxonomy":"product_cat","embeddable":true,"href":"https:\/\/www.light.fereistore.com\/fr\/wp-json\/wp\/v2\/product_cat?post=5033"},{"taxonomy":"product_tag","embeddable":true,"href":"https:\/\/www.light.fereistore.com\/fr\/wp-json\/wp\/v2\/product_tag?post=5033"}],"curies":[{"name":"wp","href":"https:\/\/api.w.org\/{rel}","templated":true}]}}