{"id":4964,"date":"2025-09-19T04:04:35","date_gmt":"2025-09-19T04:04:35","guid":{"rendered":"https:\/\/www.light.fereistore.com\/?post_type=product&#038;p=4964"},"modified":"2025-09-19T05:40:26","modified_gmt":"2025-09-19T05:40:26","slug":"ferei-c29-battery-charger","status":"publish","type":"product","link":"https:\/\/www.light.fereistore.com\/fr\/product\/ferei-c29-battery-charger\/","title":{"rendered":"Chargeur de batterie Ferei C29"},"content":{"rendered":"<ul>\n<li>4 X 18650 Batterie Lithium Charge<\/li>\n<li>Capable de charger 4 batteries simultan\u00e9ment.<\/li>\n<li>Chacun des quatre emplacements de batterie est surveill\u00e9 et charg\u00e9 ind\u00e9pendamment.<\/li>\n<li>D\u00e9tecte automatiquement l'\u00e9tat de la batterie et s\u00e9lectionne la tension et le mode de charge appropri\u00e9s.<\/li>\n<li>La LED affiche l'\u00e9tat d'avancement de la charge pour chaque batterie.<\/li>\n<li>Le chargement s'arr\u00eate automatiquement lorsqu'il est termin\u00e9.<\/li>\n<li>Protection contre l'inversion de polarit\u00e9.<\/li>\n<\/ul>","protected":false},"excerpt":{"rendered":"<ul>\n<li>4 X 18650 Batterie Lithium Charge<\/li>\n<li>Capable de charger 4 batteries simultan\u00e9ment.<\/li>\n<li>Chacun des quatre emplacements de batterie est surveill\u00e9 et charg\u00e9 ind\u00e9pendamment.<\/li>\n<li>D\u00e9tecte automatiquement l'\u00e9tat de la batterie et s\u00e9lectionne la tension et le mode de charge appropri\u00e9s.<\/li>\n<li>La LED affiche l'\u00e9tat d'avancement de la charge pour chaque batterie.<\/li>\n<li>Le chargement s'arr\u00eate automatiquement lorsqu'il est termin\u00e9.<\/li>\n<li>Protection contre l'inversion de polarit\u00e9.<\/li>\n<\/ul>","protected":false},"featured_media":4967,"comment_status":"open","ping_status":"closed","template":"","meta":{"site-sidebar-layout":"default","site-content-layout":"","ast-site-content-layout":"default","site-content-style":"default","site-sidebar-style":"default","ast-global-header-display":"","ast-banner-title-visibility":"","ast-main-header-display":"","ast-hfb-above-header-display":"","ast-hfb-below-header-display":"","ast-hfb-mobile-header-display":"","site-post-title":"","ast-breadcrumbs-content":"","ast-featured-img":"","footer-sml-layout":"","ast-disable-related-posts":"","theme-transparent-header-meta":"default","adv-header-id-meta":"","stick-header-meta":"default","header-above-stick-meta":"","header-main-stick-meta":"","header-below-stick-meta":"","astra-migrate-meta-layouts":"set","ast-page-background-enabled":"default","ast-page-background-meta":{"desktop":{"background-color":"var(--ast-global-color-4)","background-image":"","background-repeat":"repeat","background-position":"center center","background-size":"auto","background-attachment":"scroll","background-type":"","background-media":"","overlay-type":"","overlay-color":"","overlay-opacity":"","overlay-gradient":""},"tablet":{"background-color":"","background-image":"","background-repeat":"repeat","background-position":"center center","background-size":"auto","background-attachment":"scroll","background-type":"","background-media":"","overlay-type":"","overlay-color":"","overlay-opacity":"","overlay-gradient":""},"mobile":{"background-color":"","background-image":"","background-repeat":"repeat","background-position":"center center","background-size":"auto","background-attachment":"scroll","background-type":"","background-media":"","overlay-type":"","overlay-color":"","overlay-opacity":"","overlay-gradient":""}},"ast-content-background-meta":{"desktop":{"background-color":"var(--ast-global-color-5)","background-image":"","background-repeat":"repeat","background-position":"center center","background-size":"auto","background-attachment":"scroll","background-type":"","background-media":"","overlay-type":"","overlay-color":"","overlay-opacity":"","overlay-gradient":""},"tablet":{"background-color":"var(--ast-global-color-5)","background-image":"","background-repeat":"repeat","background-position":"center center","background-size":"auto","background-attachment":"scroll","background-type":"","background-media":"","overlay-type":"","overlay-color":"","overlay-opacity":"","overlay-gradient":""},"mobile":{"background-color":"var(--ast-global-color-5)","background-image":"","background-repeat":"repeat","background-position":"center center","background-size":"auto","background-attachment":"scroll","background-type":"","background-media":"","overlay-type":"","overlay-color":"","overlay-opacity":"","overlay-gradient":""}}},"product_brand":[88],"product_cat":[123],"product_tag":[127],"class_list":{"0":"post-4964","1":"product","2":"type-product","3":"status-publish","4":"has-post-thumbnail","6":"product_brand-ferei","7":"product_cat-battery-casing","8":"product_tag-casing","9":"desktop-align-center","10":"tablet-align-left","11":"mobile-align-left","12":"ast-product-gallery-layout-horizontal-slider","13":"ast-magnify-disabled","15":"first","16":"instock","17":"shipping-taxable","18":"purchasable","19":"product-type-simple"},"_links":{"self":[{"href":"https:\/\/www.light.fereistore.com\/fr\/wp-json\/wp\/v2\/product\/4964","targetHints":{"allow":["GET"]}}],"collection":[{"href":"https:\/\/www.light.fereistore.com\/fr\/wp-json\/wp\/v2\/product"}],"about":[{"href":"https:\/\/www.light.fereistore.com\/fr\/wp-json\/wp\/v2\/types\/product"}],"replies":[{"embeddable":true,"href":"https:\/\/www.light.fereistore.com\/fr\/wp-json\/wp\/v2\/comments?post=4964"}],"version-history":[{"count":0,"href":"https:\/\/www.light.fereistore.com\/fr\/wp-json\/wp\/v2\/product\/4964\/revisions"}],"wp:featuredmedia":[{"embeddable":true,"href":"https:\/\/www.light.fereistore.com\/fr\/wp-json\/wp\/v2\/media\/4967"}],"wp:attachment":[{"href":"https:\/\/www.light.fereistore.com\/fr\/wp-json\/wp\/v2\/media?parent=4964"}],"wp:term":[{"taxonomy":"product_brand","embeddable":true,"href":"https:\/\/www.light.fereistore.com\/fr\/wp-json\/wp\/v2\/product_brand?post=4964"},{"taxonomy":"product_cat","embeddable":true,"href":"https:\/\/www.light.fereistore.com\/fr\/wp-json\/wp\/v2\/product_cat?post=4964"},{"taxonomy":"product_tag","embeddable":true,"href":"https:\/\/www.light.fereistore.com\/fr\/wp-json\/wp\/v2\/product_tag?post=4964"}],"curies":[{"name":"wp","href":"https:\/\/api.w.org\/{rel}","templated":true}]}}