{"id":4932,"date":"2025-09-19T03:46:09","date_gmt":"2025-09-19T03:46:09","guid":{"rendered":"https:\/\/www.light.fereistore.com\/?post_type=product&#038;p=4932"},"modified":"2025-09-19T03:46:09","modified_gmt":"2025-09-19T03:46:09","slug":"ferei-d43-filter","status":"publish","type":"product","link":"https:\/\/www.light.fereistore.com\/fr\/product\/ferei-d43-filter\/","title":{"rendered":"Filtre Ferei D43"},"content":{"rendered":"<ul>\n<li>Filtres rouges Ferei pour lampe de poche FT15 :<\/li>\n<li>Facile \u00e0 attacher, facile \u00e0 enlever.<\/li>\n<li>Fixer le filtre avec l'\u00e9tui en caoutchouc silicon\u00e9 Ferei sur la t\u00eate du FT15, les lampes de poche produiront un faisceau de lumi\u00e8re rouge.<\/li>\n<li>La lumi\u00e8re rouge est couramment utilis\u00e9e pour pr\u00e9server la vision nocturne et r\u00e9duire la probabilit\u00e9 d'alerter le gibier, qui ne per\u00e7oit g\u00e9n\u00e9ralement pas bien la lumi\u00e8re rouge.<\/li>\n<\/ul>","protected":false},"excerpt":{"rendered":"<ul>\n<li>Filtres rouges Ferei pour lampe de poche FT15 :<\/li>\n<li>Facile \u00e0 attacher, facile \u00e0 enlever.<\/li>\n<li>Fixer le filtre avec l'\u00e9tui en caoutchouc silicon\u00e9 Ferei sur la t\u00eate du FT15, les lampes de poche produiront un faisceau de lumi\u00e8re rouge.<\/li>\n<li>La lumi\u00e8re rouge est couramment utilis\u00e9e pour pr\u00e9server la vision nocturne et r\u00e9duire la probabilit\u00e9 d'alerter le gibier, qui ne per\u00e7oit g\u00e9n\u00e9ralement pas bien la lumi\u00e8re rouge.<\/li>\n<\/ul>","protected":false},"featured_media":4935,"comment_status":"open","ping_status":"closed","template":"","meta":{"site-sidebar-layout":"default","site-content-layout":"","ast-site-content-layout":"default","site-content-style":"default","site-sidebar-style":"default","ast-global-header-display":"","ast-banner-title-visibility":"","ast-main-header-display":"","ast-hfb-above-header-display":"","ast-hfb-below-header-display":"","ast-hfb-mobile-header-display":"","site-post-title":"","ast-breadcrumbs-content":"","ast-featured-img":"","footer-sml-layout":"","ast-disable-related-posts":"","theme-transparent-header-meta":"default","adv-header-id-meta":"","stick-header-meta":"default","header-above-stick-meta":"","header-main-stick-meta":"","header-below-stick-meta":"","astra-migrate-meta-layouts":"set","ast-page-background-enabled":"default","ast-page-background-meta":{"desktop":{"background-color":"var(--ast-global-color-4)","background-image":"","background-repeat":"repeat","background-position":"center center","background-size":"auto","background-attachment":"scroll","background-type":"","background-media":"","overlay-type":"","overlay-color":"","overlay-opacity":"","overlay-gradient":""},"tablet":{"background-color":"","background-image":"","background-repeat":"repeat","background-position":"center center","background-size":"auto","background-attachment":"scroll","background-type":"","background-media":"","overlay-type":"","overlay-color":"","overlay-opacity":"","overlay-gradient":""},"mobile":{"background-color":"","background-image":"","background-repeat":"repeat","background-position":"center center","background-size":"auto","background-attachment":"scroll","background-type":"","background-media":"","overlay-type":"","overlay-color":"","overlay-opacity":"","overlay-gradient":""}},"ast-content-background-meta":{"desktop":{"background-color":"var(--ast-global-color-5)","background-image":"","background-repeat":"repeat","background-position":"center center","background-size":"auto","background-attachment":"scroll","background-type":"","background-media":"","overlay-type":"","overlay-color":"","overlay-opacity":"","overlay-gradient":""},"tablet":{"background-color":"var(--ast-global-color-5)","background-image":"","background-repeat":"repeat","background-position":"center center","background-size":"auto","background-attachment":"scroll","background-type":"","background-media":"","overlay-type":"","overlay-color":"","overlay-opacity":"","overlay-gradient":""},"mobile":{"background-color":"var(--ast-global-color-5)","background-image":"","background-repeat":"repeat","background-position":"center center","background-size":"auto","background-attachment":"scroll","background-type":"","background-media":"","overlay-type":"","overlay-color":"","overlay-opacity":"","overlay-gradient":""}}},"product_brand":[],"product_cat":[124],"product_tag":[],"class_list":{"0":"post-4932","1":"product","2":"type-product","3":"status-publish","4":"has-post-thumbnail","6":"product_cat-filters","7":"desktop-align-center","8":"tablet-align-left","9":"mobile-align-left","10":"ast-product-gallery-layout-horizontal-slider","11":"ast-magnify-disabled","12":"ast-product-single-variable","14":"first","15":"instock","16":"shipping-taxable","17":"purchasable","18":"product-type-variable"},"_links":{"self":[{"href":"https:\/\/www.light.fereistore.com\/fr\/wp-json\/wp\/v2\/product\/4932","targetHints":{"allow":["GET"]}}],"collection":[{"href":"https:\/\/www.light.fereistore.com\/fr\/wp-json\/wp\/v2\/product"}],"about":[{"href":"https:\/\/www.light.fereistore.com\/fr\/wp-json\/wp\/v2\/types\/product"}],"replies":[{"embeddable":true,"href":"https:\/\/www.light.fereistore.com\/fr\/wp-json\/wp\/v2\/comments?post=4932"}],"version-history":[{"count":0,"href":"https:\/\/www.light.fereistore.com\/fr\/wp-json\/wp\/v2\/product\/4932\/revisions"}],"wp:featuredmedia":[{"embeddable":true,"href":"https:\/\/www.light.fereistore.com\/fr\/wp-json\/wp\/v2\/media\/4935"}],"wp:attachment":[{"href":"https:\/\/www.light.fereistore.com\/fr\/wp-json\/wp\/v2\/media?parent=4932"}],"wp:term":[{"taxonomy":"product_brand","embeddable":true,"href":"https:\/\/www.light.fereistore.com\/fr\/wp-json\/wp\/v2\/product_brand?post=4932"},{"taxonomy":"product_cat","embeddable":true,"href":"https:\/\/www.light.fereistore.com\/fr\/wp-json\/wp\/v2\/product_cat?post=4932"},{"taxonomy":"product_tag","embeddable":true,"href":"https:\/\/www.light.fereistore.com\/fr\/wp-json\/wp\/v2\/product_tag?post=4932"}],"curies":[{"name":"wp","href":"https:\/\/api.w.org\/{rel}","templated":true}]}}