{"id":4905,"date":"2025-09-19T02:57:11","date_gmt":"2025-09-19T02:57:11","guid":{"rendered":"https:\/\/www.light.fereistore.com\/?post_type=product&#038;p=4905"},"modified":"2025-09-19T03:12:48","modified_gmt":"2025-09-19T03:12:48","slug":"ferei-d46-filter","status":"publish","type":"product","link":"https:\/\/www.light.fereistore.com\/fr\/product\/ferei-d46-filter\/","title":{"rendered":"Filtre Ferei D46"},"content":{"rendered":"<ul>\n<li>Particuli\u00e8rement adapt\u00e9 \u00e0 Ferei W158.<\/li>\n<li>Fixer le filtre avec l'\u00e9tui en caoutchouc silicon\u00e9 Ferei sur la t\u00eate de W158, la lampe de poche produira un faisceau chaud, qui a une meilleure p\u00e9n\u00e9tration dans l'eau trouble.<\/li>\n<li>En fixant le diffuseur avec l'\u00e9tui en caoutchouc silicon\u00e9 Ferei sur la t\u00eate de la W158, la lampe de poche produira un faisceau plus large, ce qui permettra au plongeur d'avoir une vision plus large sous l'eau.<\/li>\n<li>diam\u00e8tre\uff1a50mm<\/li>\n<li>hauteur\uff1a4.0mm<\/li>\n<\/ul>","protected":false},"excerpt":{"rendered":"<ul>\n<li>Particuli\u00e8rement adapt\u00e9 \u00e0 Ferei W158.<\/li>\n<li>Fixer le filtre avec l'\u00e9tui en caoutchouc silicon\u00e9 Ferei sur la t\u00eate de W158, la lampe de poche produira un faisceau chaud, qui a une meilleure p\u00e9n\u00e9tration dans l'eau trouble.<\/li>\n<li>En fixant le diffuseur avec l'\u00e9tui en caoutchouc silicon\u00e9 Ferei sur la t\u00eate de la W158, la lampe de poche produira un faisceau plus large, ce qui permettra au plongeur d'avoir une vision plus large sous l'eau.<\/li>\n<li>diam\u00e8tre\uff1a50mm<\/li>\n<li>hauteur\uff1a4.0mm<\/li>\n<\/ul>","protected":false},"featured_media":4908,"comment_status":"open","ping_status":"closed","template":"","meta":{"site-sidebar-layout":"default","site-content-layout":"","ast-site-content-layout":"default","site-content-style":"default","site-sidebar-style":"default","ast-global-header-display":"","ast-banner-title-visibility":"","ast-main-header-display":"","ast-hfb-above-header-display":"","ast-hfb-below-header-display":"","ast-hfb-mobile-header-display":"","site-post-title":"","ast-breadcrumbs-content":"","ast-featured-img":"","footer-sml-layout":"","ast-disable-related-posts":"","theme-transparent-header-meta":"default","adv-header-id-meta":"","stick-header-meta":"default","header-above-stick-meta":"","header-main-stick-meta":"","header-below-stick-meta":"","astra-migrate-meta-layouts":"set","ast-page-background-enabled":"default","ast-page-background-meta":{"desktop":{"background-color":"var(--ast-global-color-4)","background-image":"","background-repeat":"repeat","background-position":"center center","background-size":"auto","background-attachment":"scroll","background-type":"","background-media":"","overlay-type":"","overlay-color":"","overlay-opacity":"","overlay-gradient":""},"tablet":{"background-color":"","background-image":"","background-repeat":"repeat","background-position":"center center","background-size":"auto","background-attachment":"scroll","background-type":"","background-media":"","overlay-type":"","overlay-color":"","overlay-opacity":"","overlay-gradient":""},"mobile":{"background-color":"","background-image":"","background-repeat":"repeat","background-position":"center center","background-size":"auto","background-attachment":"scroll","background-type":"","background-media":"","overlay-type":"","overlay-color":"","overlay-opacity":"","overlay-gradient":""}},"ast-content-background-meta":{"desktop":{"background-color":"var(--ast-global-color-5)","background-image":"","background-repeat":"repeat","background-position":"center center","background-size":"auto","background-attachment":"scroll","background-type":"","background-media":"","overlay-type":"","overlay-color":"","overlay-opacity":"","overlay-gradient":""},"tablet":{"background-color":"var(--ast-global-color-5)","background-image":"","background-repeat":"repeat","background-position":"center center","background-size":"auto","background-attachment":"scroll","background-type":"","background-media":"","overlay-type":"","overlay-color":"","overlay-opacity":"","overlay-gradient":""},"mobile":{"background-color":"var(--ast-global-color-5)","background-image":"","background-repeat":"repeat","background-position":"center center","background-size":"auto","background-attachment":"scroll","background-type":"","background-media":"","overlay-type":"","overlay-color":"","overlay-opacity":"","overlay-gradient":""}}},"product_brand":[],"product_cat":[124],"product_tag":[125],"class_list":{"0":"post-4905","1":"product","2":"type-product","3":"status-publish","4":"has-post-thumbnail","6":"product_cat-filters","7":"product_tag-filter","8":"desktop-align-center","9":"tablet-align-left","10":"mobile-align-left","11":"ast-product-gallery-layout-horizontal-slider","12":"ast-magnify-disabled","14":"first","15":"instock","16":"shipping-taxable","17":"purchasable","18":"product-type-simple"},"_links":{"self":[{"href":"https:\/\/www.light.fereistore.com\/fr\/wp-json\/wp\/v2\/product\/4905","targetHints":{"allow":["GET"]}}],"collection":[{"href":"https:\/\/www.light.fereistore.com\/fr\/wp-json\/wp\/v2\/product"}],"about":[{"href":"https:\/\/www.light.fereistore.com\/fr\/wp-json\/wp\/v2\/types\/product"}],"replies":[{"embeddable":true,"href":"https:\/\/www.light.fereistore.com\/fr\/wp-json\/wp\/v2\/comments?post=4905"}],"version-history":[{"count":0,"href":"https:\/\/www.light.fereistore.com\/fr\/wp-json\/wp\/v2\/product\/4905\/revisions"}],"wp:featuredmedia":[{"embeddable":true,"href":"https:\/\/www.light.fereistore.com\/fr\/wp-json\/wp\/v2\/media\/4908"}],"wp:attachment":[{"href":"https:\/\/www.light.fereistore.com\/fr\/wp-json\/wp\/v2\/media?parent=4905"}],"wp:term":[{"taxonomy":"product_brand","embeddable":true,"href":"https:\/\/www.light.fereistore.com\/fr\/wp-json\/wp\/v2\/product_brand?post=4905"},{"taxonomy":"product_cat","embeddable":true,"href":"https:\/\/www.light.fereistore.com\/fr\/wp-json\/wp\/v2\/product_cat?post=4905"},{"taxonomy":"product_tag","embeddable":true,"href":"https:\/\/www.light.fereistore.com\/fr\/wp-json\/wp\/v2\/product_tag?post=4905"}],"curies":[{"name":"wp","href":"https:\/\/api.w.org\/{rel}","templated":true}]}}