{"id":1959,"date":"2025-06-25T10:09:08","date_gmt":"2025-06-25T10:09:08","guid":{"rendered":"https:\/\/www.light.fereistore.com\/?page_id=1959"},"modified":"2025-06-25T10:09:10","modified_gmt":"2025-06-25T10:09:10","slug":"politique-de-garantie","status":"publish","type":"page","link":"https:\/\/www.light.fereistore.com\/fr\/warranty-policy\/","title":{"rendered":"Politique de garantie"},"content":{"rendered":"<p><strong>Feux et composants de bicyclettes<\/strong><\/p>\n\n\n\n<p>Cher client,<\/p>\n\n\n\n<p>Nous vous remercions d'avoir choisi les produits Ferei. Afin de mieux vous servir, veuillez lire attentivement les conditions de garantie suivantes relatives \u00e0 votre achat :<\/p>\n\n\n\n<ol start=\"1\" class=\"wp-block-list\">\n<li>Tout produit Ferei qui fonctionne mal ou cesse de fonctionner\u00a0<strong>dans les 14 jours<\/strong>\u00a0Les produits non conformes \u00e0 la date d'achat dans des conditions normales d'utilisation peuvent \u00eatre retourn\u00e9s \u00e0 un distributeur\/revendeur agr\u00e9\u00e9 ou \u00e0 Ferei pour un \u00e9change du m\u00eame produit ou d'un produit \u00e9quivalent.<\/li>\n\n\n\n<li>Tous les \u00e9clairages et composants de v\u00e9lo Ferei sont garantis contre les d\u00e9fauts de fabrication et\/ou les dysfonctionnements.\u00a0<strong>pendant 2 ans \u00e0 compter de la date d'achat<\/strong>\u00a0avec le ticket de caisse original.<\/li>\n\n\n\n<li>La p\u00e9riode de garantie pour\u00a0<strong>denr\u00e9es p\u00e9rissables et accessoires<\/strong>\u00a0(lentilles en verre, joints toriques, interrupteurs en caoutchouc, piles, etc.\u00a0<strong>8 mois<\/strong>\u00a0\u00e0 partir de la date d'achat. La p\u00e9riode de garantie pour les adaptateurs CA ou les chargeurs Ferei est de\u00a0<strong>12 mois<\/strong>.<\/li>\n\n\n\n<li>En cas de probl\u00e8mes li\u00e9s \u00e0 la garantie, il convient de s'adresser \u00e0 l'un ou l'autre des services suivants\u00a0<strong>Centre de services Ferei directement<\/strong>\u00a0ou votre distributeur\/d\u00e9taillant local.\u00a0<strong>Ne tentez en aucun cas d'effectuer des r\u00e9parations vous-m\u00eame.<\/strong><\/li>\n\n\n\n<li>En cas de d\u00e9fectuosit\u00e9 d'un produit Ferei\u00a0<strong>en dehors de la p\u00e9riode de garantie<\/strong>les clients peuvent le faire r\u00e9parer dans un\u00a0<strong>co\u00fbt convenu d'un commun accord<\/strong>.<\/li>\n\n\n\n<li>La garantie de Ferei devient\u00a0<strong>nul et non avenu<\/strong>\u00a0dans ces conditions :\n<ul class=\"wp-block-list\">\n<li><strong>A :<\/strong>\u00a0Dysfonctionnement r\u00e9sultant d'une mauvaise utilisation.<\/li>\n\n\n\n<li><strong>B :<\/strong>\u00a0Dysfonctionnement d\u00fb \u00e0 une modification ou un d\u00e9sassemblage non autoris\u00e9.<\/li>\n\n\n\n<li><strong>C :<\/strong>\u00a0Dysfonctionnement caus\u00e9 par un entretien et\/ou un stockage incorrect.<\/li>\n\n\n\n<li><strong>D :<\/strong>\u00a0Absence d'un ticket de caisse, d'une facture ou d'une carte de garantie en cours de validit\u00e9.<\/li>\n\n\n\n<li><strong>E :<\/strong>\u00a0Le produit est contrefait.<\/li>\n\n\n\n<li><strong>F :<\/strong>\u00a0Arr\u00eat du fonctionnement en raison d'un choc et\/ou d'une chute.<\/li>\n<\/ul>\n<\/li>\n\n\n\n<li><strong>Lieu d'ex\u00e9cution et juridiction :<\/strong>\u00a0Shenzhen, Chine. R\u00e9gie par le droit chinois.<\/li>\n<\/ol>\n\n\n\n<p><strong>Garantie prolong\u00e9e :<\/strong><\/p>\n\n\n\n<ol start=\"1\" class=\"wp-block-list\">\n<li>Les nouveaux utilisateurs inscrits sur notre site officiel b\u00e9n\u00e9ficieront d'une garantie \u00e9tendue (par exemple, deux mois ou six mois).<\/li>\n\n\n\n<li>Les produits personnalis\u00e9s FEREI b\u00e9n\u00e9ficient d'une nouvelle garantie de service bas\u00e9e sur des mod\u00e8les sp\u00e9cifiques.<\/li>\n<\/ol>","protected":false},"excerpt":{"rendered":"<p>Feux et composants pour bicyclettes Cher client, Nous vous remercions d'avoir choisi les produits Ferei. Afin de mieux vous servir, veuillez lire attentivement les conditions de garantie suivantes relatives \u00e0 votre achat : Garantie prolong\u00e9e :<\/p>","protected":false},"author":1,"featured_media":0,"parent":0,"menu_order":0,"comment_status":"closed","ping_status":"closed","template":"","meta":{"site-sidebar-layout":"default","site-content-layout":"","ast-site-content-layout":"default","site-content-style":"default","site-sidebar-style":"default","ast-global-header-display":"","ast-banner-title-visibility":"","ast-main-header-display":"","ast-hfb-above-header-display":"","ast-hfb-below-header-display":"","ast-hfb-mobile-header-display":"","site-post-title":"","ast-breadcrumbs-content":"","ast-featured-img":"","footer-sml-layout":"","ast-disable-related-posts":"","theme-transparent-header-meta":"","adv-header-id-meta":"","stick-header-meta":"","header-above-stick-meta":"","header-main-stick-meta":"","header-below-stick-meta":"","astra-migrate-meta-layouts":"set","ast-page-background-enabled":"default","ast-page-background-meta":{"desktop":{"background-color":"var(--ast-global-color-4)","background-image":"","background-repeat":"repeat","background-position":"center center","background-size":"auto","background-attachment":"scroll","background-type":"","background-media":"","overlay-type":"","overlay-color":"","overlay-opacity":"","overlay-gradient":""},"tablet":{"background-color":"","background-image":"","background-repeat":"repeat","background-position":"center center","background-size":"auto","background-attachment":"scroll","background-type":"","background-media":"","overlay-type":"","overlay-color":"","overlay-opacity":"","overlay-gradient":""},"mobile":{"background-color":"","background-image":"","background-repeat":"repeat","background-position":"center center","background-size":"auto","background-attachment":"scroll","background-type":"","background-media":"","overlay-type":"","overlay-color":"","overlay-opacity":"","overlay-gradient":""}},"ast-content-background-meta":{"desktop":{"background-color":"var(--ast-global-color-5)","background-image":"","background-repeat":"repeat","background-position":"center center","background-size":"auto","background-attachment":"scroll","background-type":"","background-media":"","overlay-type":"","overlay-color":"","overlay-opacity":"","overlay-gradient":""},"tablet":{"background-color":"var(--ast-global-color-5)","background-image":"","background-repeat":"repeat","background-position":"center center","background-size":"auto","background-attachment":"scroll","background-type":"","background-media":"","overlay-type":"","overlay-color":"","overlay-opacity":"","overlay-gradient":""},"mobile":{"background-color":"var(--ast-global-color-5)","background-image":"","background-repeat":"repeat","background-position":"center center","background-size":"auto","background-attachment":"scroll","background-type":"","background-media":"","overlay-type":"","overlay-color":"","overlay-opacity":"","overlay-gradient":""}},"footnotes":""},"class_list":["post-1959","page","type-page","status-publish","hentry"],"_links":{"self":[{"href":"https:\/\/www.light.fereistore.com\/fr\/wp-json\/wp\/v2\/pages\/1959","targetHints":{"allow":["GET"]}}],"collection":[{"href":"https:\/\/www.light.fereistore.com\/fr\/wp-json\/wp\/v2\/pages"}],"about":[{"href":"https:\/\/www.light.fereistore.com\/fr\/wp-json\/wp\/v2\/types\/page"}],"author":[{"embeddable":true,"href":"https:\/\/www.light.fereistore.com\/fr\/wp-json\/wp\/v2\/users\/1"}],"replies":[{"embeddable":true,"href":"https:\/\/www.light.fereistore.com\/fr\/wp-json\/wp\/v2\/comments?post=1959"}],"version-history":[{"count":0,"href":"https:\/\/www.light.fereistore.com\/fr\/wp-json\/wp\/v2\/pages\/1959\/revisions"}],"wp:attachment":[{"href":"https:\/\/www.light.fereistore.com\/fr\/wp-json\/wp\/v2\/media?parent=1959"}],"curies":[{"name":"wp","href":"https:\/\/api.w.org\/{rel}","templated":true}]}}