{"id":1951,"date":"2025-06-25T09:29:56","date_gmt":"2025-06-25T09:29:56","guid":{"rendered":"https:\/\/www.light.fereistore.com\/?page_id=1951"},"modified":"2025-06-25T09:29:58","modified_gmt":"2025-06-25T09:29:58","slug":"politique-dexpedition","status":"publish","type":"page","link":"https:\/\/www.light.fereistore.com\/fr\/shipping-policy\/","title":{"rendered":"Politique d'exp\u00e9dition"},"content":{"rendered":"<p><strong>Livraison gratuite<\/strong><br>Nous exp\u00e9dions dans le monde entier en utilisant des services de messagerie internationale renomm\u00e9s. Si votre pays ne figure pas parmi les options propos\u00e9es sur notre site web, contactez-nous \u00e0 l'adresse suivante&nbsp;<a href=\"https:\/\/mailto:ferei@ferei.com\/\" target=\"_blank\" rel=\"noreferrer noopener\">ferei@ferei.com<\/a>&nbsp;pour obtenir de l'aide.<\/p>\n\n\n\n<p>Nous proposons&nbsp;<strong>livraison gratuite dans plus de 70 pays<\/strong>&nbsp;pour toutes les commandes de roues plac\u00e9es sur notre site web.<\/p>\n\n\n\n<p>En outre, nous fournissons un&nbsp;<strong>m\u00e9thode d'exp\u00e9dition taxe incluse<\/strong>&nbsp;vers ces pays\/r\u00e9gions :<\/p>\n\n\n\n<ul class=\"wp-block-list\">\n<li>Les \u00c9tats-Unis<\/li>\n\n\n\n<li>La plupart des pays de l'UE<\/li>\n\n\n\n<li>Royaume-Uni<\/li>\n\n\n\n<li>Australie<\/li>\n\n\n\n<li>\u00c9mirats arabes unis<\/li>\n\n\n\n<li>Malaisie<\/li>\n\n\n\n<li>Tha\u00eflande<\/li>\n\n\n\n<li>Vietnam<\/li>\n\n\n\n<li>Manille, Philippines (disponible sur demande)<\/li>\n<\/ul>\n\n\n\n<p>Clients choisissant l'exp\u00e9dition avec taxe incluse&nbsp;<strong>ne paiera pas de droits de douane<\/strong>.<\/p>\n\n\n\n<p>En raison des frais de messagerie \u00e9lev\u00e9s pour les destinations \u00e9loign\u00e9es,&nbsp;<strong>la livraison gratuite n'est pas disponible<\/strong>&nbsp;dans ces pays. Des frais suppl\u00e9mentaires s'appliquent :<br><em>Turquie, Isra\u00ebl, Chili, Br\u00e9sil, Argentine, Uruguay, P\u00e9rou, Mexique, Costa Rica, Arabie Saoudite, Qatar.<\/em><br>Si vous exp\u00e9diez vers ces destinations, envoyez un courriel \u00e0&nbsp;<a href=\"https:\/\/mailto:ferei@ferei.com\/\" target=\"_blank\" rel=\"noreferrer noopener\">ferei@ferei.com<\/a>&nbsp;pour plus de d\u00e9tails.<\/p>\n\n\n\n<p><strong>Options et d\u00e9lais de livraison<\/strong><\/p>\n\n\n\n<ul class=\"wp-block-list\">\n<li>EMS\/DPD : 15-30 jours<\/li>\n\n\n\n<li>FedEx\/DHL\/UPS : 5-10 jours<br><em>(Des retards peuvent survenir lors du d\u00e9douanement)<\/em><\/li>\n<\/ul>\n\n\n\n<p>Apr\u00e8s l'exp\u00e9dition, nous vous enverrons imm\u00e9diatement votre num\u00e9ro de suivi par courrier \u00e9lectronique. Vous pouvez aussi :<\/p>\n\n\n\n<ol start=\"1\" class=\"wp-block-list\">\n<li>Consultez notre site web<\/li>\n\n\n\n<li>Track via :\u00a0<a href=\"https:\/\/www.17track.net\/\" target=\"_blank\" rel=\"noreferrer noopener\">https:\/\/www.17track.net\/<\/a><\/li>\n<\/ol>\n\n\n\n<p>*Les frais de port sont gratuits&nbsp;<strong>uniquement pour les commandes de roues<\/strong>. Les commandes d'accessoires uniquement entra\u00eenent des frais d'exp\u00e9dition.<\/p>\n\n\n\n<p><strong>Traitement des commandes<\/strong><\/p>\n\n\n\n<ul class=\"wp-block-list\">\n<li><strong>Commandes en semaine<\/strong>\u00a0(du lundi au vendredi) : Traitement le jour m\u00eame<\/li>\n\n\n\n<li><strong>Commandes du week-end<\/strong>\u00a0(samedi-dimanche) : Traitement le lundi suivant<\/li>\n<\/ul>\n\n\n\n<p>Apr\u00e8s la commande, nous envoyons votre demande \u00e0 l'usine. D\u00e9lais de production :<\/p>\n\n\n\n<ul class=\"wp-block-list\">\n<li><strong>Jantes en stock<\/strong>: 5 jours ouvrables<\/li>\n\n\n\n<li><strong>Jantes sur mesure\/hors stock<\/strong>: 12-15 jours ouvrables<\/li>\n<\/ul>\n\n\n\n<p><strong>D\u00e9lai de livraison total = Temps de production + Temps de logistique<\/strong><br>(*Les envois internationaux n\u00e9cessitent 3 \u00e0 5 jours ouvrables de traitement*)<\/p>\n\n\n\n<p>Une fois exp\u00e9di\u00e9 de notre entrep\u00f4t, la vitesse d'exp\u00e9dition est ind\u00e9pendante de notre volont\u00e9. Pour les demandes urgentes, contactez&nbsp;<a href=\"https:\/\/mailto:ferei@ferei.com\/\" target=\"_blank\" rel=\"noreferrer noopener\">ferei@ferei.com<\/a>. Veuillez pr\u00e9voir un d\u00e9lai d'acheminement suffisant.<\/p>\n\n\n\n<p><em>(Note : Toutes les politiques, les listes de pays, les calendriers, les coordonn\u00e9es et les exceptions ont \u00e9t\u00e9 conserv\u00e9s \u00e0 l'identique du texte original).<\/em><\/p>","protected":false},"excerpt":{"rendered":"<p>Free ShippingWe ship worldwide using renowned international courier services. If your country isn\u2019t listed as an option on our website, contact us at&nbsp;ferei@ferei.com&nbsp;for assistance. We offer&nbsp;free shipping to over 70 countries&nbsp;for all wheelset orders placed on our website. Additionally, we provide a&nbsp;tax-included shipping method&nbsp;to these countries\/regions: Customers selecting tax-included shipping&nbsp;will not pay customs duties. Due [&hellip;]<\/p>\n","protected":false},"author":1,"featured_media":0,"parent":0,"menu_order":0,"comment_status":"closed","ping_status":"closed","template":"","meta":{"site-sidebar-layout":"default","site-content-layout":"","ast-site-content-layout":"default","site-content-style":"default","site-sidebar-style":"default","ast-global-header-display":"","ast-banner-title-visibility":"","ast-main-header-display":"","ast-hfb-above-header-display":"","ast-hfb-below-header-display":"","ast-hfb-mobile-header-display":"","site-post-title":"","ast-breadcrumbs-content":"","ast-featured-img":"","footer-sml-layout":"","ast-disable-related-posts":"","theme-transparent-header-meta":"","adv-header-id-meta":"","stick-header-meta":"","header-above-stick-meta":"","header-main-stick-meta":"","header-below-stick-meta":"","astra-migrate-meta-layouts":"set","ast-page-background-enabled":"default","ast-page-background-meta":{"desktop":{"background-color":"var(--ast-global-color-4)","background-image":"","background-repeat":"repeat","background-position":"center center","background-size":"auto","background-attachment":"scroll","background-type":"","background-media":"","overlay-type":"","overlay-color":"","overlay-opacity":"","overlay-gradient":""},"tablet":{"background-color":"","background-image":"","background-repeat":"repeat","background-position":"center center","background-size":"auto","background-attachment":"scroll","background-type":"","background-media":"","overlay-type":"","overlay-color":"","overlay-opacity":"","overlay-gradient":""},"mobile":{"background-color":"","background-image":"","background-repeat":"repeat","background-position":"center center","background-size":"auto","background-attachment":"scroll","background-type":"","background-media":"","overlay-type":"","overlay-color":"","overlay-opacity":"","overlay-gradient":""}},"ast-content-background-meta":{"desktop":{"background-color":"var(--ast-global-color-5)","background-image":"","background-repeat":"repeat","background-position":"center center","background-size":"auto","background-attachment":"scroll","background-type":"","background-media":"","overlay-type":"","overlay-color":"","overlay-opacity":"","overlay-gradient":""},"tablet":{"background-color":"var(--ast-global-color-5)","background-image":"","background-repeat":"repeat","background-position":"center center","background-size":"auto","background-attachment":"scroll","background-type":"","background-media":"","overlay-type":"","overlay-color":"","overlay-opacity":"","overlay-gradient":""},"mobile":{"background-color":"var(--ast-global-color-5)","background-image":"","background-repeat":"repeat","background-position":"center center","background-size":"auto","background-attachment":"scroll","background-type":"","background-media":"","overlay-type":"","overlay-color":"","overlay-opacity":"","overlay-gradient":""}},"footnotes":""},"class_list":["post-1951","page","type-page","status-publish","hentry"],"_links":{"self":[{"href":"https:\/\/www.light.fereistore.com\/fr\/wp-json\/wp\/v2\/pages\/1951","targetHints":{"allow":["GET"]}}],"collection":[{"href":"https:\/\/www.light.fereistore.com\/fr\/wp-json\/wp\/v2\/pages"}],"about":[{"href":"https:\/\/www.light.fereistore.com\/fr\/wp-json\/wp\/v2\/types\/page"}],"author":[{"embeddable":true,"href":"https:\/\/www.light.fereistore.com\/fr\/wp-json\/wp\/v2\/users\/1"}],"replies":[{"embeddable":true,"href":"https:\/\/www.light.fereistore.com\/fr\/wp-json\/wp\/v2\/comments?post=1951"}],"version-history":[{"count":0,"href":"https:\/\/www.light.fereistore.com\/fr\/wp-json\/wp\/v2\/pages\/1951\/revisions"}],"wp:attachment":[{"href":"https:\/\/www.light.fereistore.com\/fr\/wp-json\/wp\/v2\/media?parent=1951"}],"curies":[{"name":"wp","href":"https:\/\/api.w.org\/{rel}","templated":true}]}}