{"id":1934,"date":"2025-06-25T09:35:08","date_gmt":"2025-06-25T09:35:08","guid":{"rendered":"https:\/\/www.light.fereistore.com\/?page_id=1934"},"modified":"2025-06-25T09:35:10","modified_gmt":"2025-06-25T09:35:10","slug":"politique-de-paiement","status":"publish","type":"page","link":"https:\/\/www.light.fereistore.com\/fr\/payment-policy\/","title":{"rendered":"politique de paiement"},"content":{"rendered":"<p>Paiement<\/p>\n\n\n\n<p>Quelles sont les modalit\u00e9s de paiement accept\u00e9es ?<\/p>\n\n\n\n<p>Nous acceptons les modes de paiement suivants : PayPal, virement bancaire et cartes de cr\u00e9dit\/d\u00e9bit.<\/p>\n\n\n\n<p>Remarque : pour les paiements par carte de cr\u00e9dit\/d\u00e9bit, des frais de traitement suppl\u00e9mentaires de 4% impos\u00e9s par le processeur de paiement s'appliquent. Ces frais sont \u00e0 la charge de l'acheteur.<\/p>\n\n\n\n<p>Pour \u00e9viter les frais de carte 4%, vous pouvez ajouter votre carte de cr\u00e9dit\/d\u00e9bit \u00e0 votre compte PayPal et effectuer le paiement par l'interm\u00e9diaire de PayPal.<\/p>\n\n\n\n<p>Vous rencontrez des probl\u00e8mes ? Contactez-nous \u00e0 l'adresse suivante : ferei@ferei.com.<\/p>\n\n\n\n<p>PayPal (recommand\u00e9)<\/p>\n\n\n\n<p>En s\u00e9lectionnant \"Payez via PayPal\" lors de la commande, vous \u00eates redirig\u00e9 vers la plateforme s\u00e9curis\u00e9e de PayPal.<\/p>\n\n\n\n<p>\u2192 Pas de compte PayPal ? Choisissez \"Payer avec une carte de d\u00e9bit\/cr\u00e9dit\" sur la page de connexion de PayPal.<\/p>\n\n\n\n<p>\u2192 PayPal accepte : Visa, Mastercard, American Express, Discover, JCB et autres cartes majeures.<\/p>\n\n\n\n<p>Les raisons les plus courantes de l'\u00e9chec des paiements :<\/p>\n\n\n\n<p>Num\u00e9ro de carte, code de s\u00e9curit\u00e9 ou donn\u00e9es de facturation incorrects<\/p>\n\n\n\n<p>Restrictions de la carte pour ce type de transaction<\/p>\n\n\n\n<p>D\u00e9passement de la limite de d\u00e9penses ou carte expir\u00e9e<\/p>\n\n\n\n<p>D\u00e9clin des banques<\/p>\n\n\n\n<p>R\u00e9solution : V\u00e9rifiez les d\u00e9tails de la facturation, contactez l'\u00e9metteur de votre carte ou essayez une autre carte.<\/p>\n\n\n\n<p>Notes :<\/p>\n\n\n\n<p>Des frais de traitement de 4% s'appliquent.<\/p>\n\n\n\n<p>Les paiements sont trait\u00e9s en toute s\u00e9curit\u00e9 par Stripe (certifi\u00e9 PCI). Nous ne collectons jamais les donn\u00e9es de votre carte.<\/p>\n\n\n\n<p>Virement bancaire<\/p>\n\n\n\n<p>Contactez-nous \u00e0 l'adresse ferei@ferei.com pour demander les d\u00e9tails du virement bancaire.<\/p>\n\n\n\n<p>\u2192 Utilisez votre num\u00e9ro de commande comme r\u00e9f\u00e9rence de paiement.<\/p>\n\n\n\n<p>\u2192 Les commandes ne sont exp\u00e9di\u00e9es qu'apr\u00e8s r\u00e9ception des fonds.<\/p>","protected":false},"excerpt":{"rendered":"<p>Payment What terms of payment do we accept? We accept the following payment methods: PayPal, bank transfer, and credit\/debit cards. Please note: For credit\/debit card payments, an additional 4% processing fee imposed by the payment processor will apply. This fee is the buyer\u2019s responsibility. To avoid the 4% card fee, you may add your credit\/debit [&hellip;]<\/p>\n","protected":false},"author":1,"featured_media":0,"parent":0,"menu_order":0,"comment_status":"closed","ping_status":"closed","template":"","meta":{"site-sidebar-layout":"default","site-content-layout":"","ast-site-content-layout":"default","site-content-style":"default","site-sidebar-style":"default","ast-global-header-display":"","ast-banner-title-visibility":"","ast-main-header-display":"","ast-hfb-above-header-display":"","ast-hfb-below-header-display":"","ast-hfb-mobile-header-display":"","site-post-title":"","ast-breadcrumbs-content":"","ast-featured-img":"","footer-sml-layout":"","ast-disable-related-posts":"","theme-transparent-header-meta":"","adv-header-id-meta":"","stick-header-meta":"","header-above-stick-meta":"","header-main-stick-meta":"","header-below-stick-meta":"","astra-migrate-meta-layouts":"set","ast-page-background-enabled":"default","ast-page-background-meta":{"desktop":{"background-color":"var(--ast-global-color-4)","background-image":"","background-repeat":"repeat","background-position":"center center","background-size":"auto","background-attachment":"scroll","background-type":"","background-media":"","overlay-type":"","overlay-color":"","overlay-opacity":"","overlay-gradient":""},"tablet":{"background-color":"","background-image":"","background-repeat":"repeat","background-position":"center center","background-size":"auto","background-attachment":"scroll","background-type":"","background-media":"","overlay-type":"","overlay-color":"","overlay-opacity":"","overlay-gradient":""},"mobile":{"background-color":"","background-image":"","background-repeat":"repeat","background-position":"center center","background-size":"auto","background-attachment":"scroll","background-type":"","background-media":"","overlay-type":"","overlay-color":"","overlay-opacity":"","overlay-gradient":""}},"ast-content-background-meta":{"desktop":{"background-color":"var(--ast-global-color-5)","background-image":"","background-repeat":"repeat","background-position":"center center","background-size":"auto","background-attachment":"scroll","background-type":"","background-media":"","overlay-type":"","overlay-color":"","overlay-opacity":"","overlay-gradient":""},"tablet":{"background-color":"var(--ast-global-color-5)","background-image":"","background-repeat":"repeat","background-position":"center center","background-size":"auto","background-attachment":"scroll","background-type":"","background-media":"","overlay-type":"","overlay-color":"","overlay-opacity":"","overlay-gradient":""},"mobile":{"background-color":"var(--ast-global-color-5)","background-image":"","background-repeat":"repeat","background-position":"center center","background-size":"auto","background-attachment":"scroll","background-type":"","background-media":"","overlay-type":"","overlay-color":"","overlay-opacity":"","overlay-gradient":""}},"footnotes":""},"class_list":["post-1934","page","type-page","status-publish","hentry"],"_links":{"self":[{"href":"https:\/\/www.light.fereistore.com\/fr\/wp-json\/wp\/v2\/pages\/1934","targetHints":{"allow":["GET"]}}],"collection":[{"href":"https:\/\/www.light.fereistore.com\/fr\/wp-json\/wp\/v2\/pages"}],"about":[{"href":"https:\/\/www.light.fereistore.com\/fr\/wp-json\/wp\/v2\/types\/page"}],"author":[{"embeddable":true,"href":"https:\/\/www.light.fereistore.com\/fr\/wp-json\/wp\/v2\/users\/1"}],"replies":[{"embeddable":true,"href":"https:\/\/www.light.fereistore.com\/fr\/wp-json\/wp\/v2\/comments?post=1934"}],"version-history":[{"count":0,"href":"https:\/\/www.light.fereistore.com\/fr\/wp-json\/wp\/v2\/pages\/1934\/revisions"}],"wp:attachment":[{"href":"https:\/\/www.light.fereistore.com\/fr\/wp-json\/wp\/v2\/media?parent=1934"}],"curies":[{"name":"wp","href":"https:\/\/api.w.org\/{rel}","templated":true}]}}