{"id":1959,"date":"2025-06-25T10:09:08","date_gmt":"2025-06-25T10:09:08","guid":{"rendered":"https:\/\/www.light.fereistore.com\/?page_id=1959"},"modified":"2025-06-25T10:09:10","modified_gmt":"2025-06-25T10:09:10","slug":"warranty-policy","status":"publish","type":"page","link":"https:\/\/www.light.fereistore.com\/es\/warranty-policy\/","title":{"rendered":"Pol\u00edtica de garant\u00eda"},"content":{"rendered":"<p><strong>Luces y componentes para bicicletas<\/strong><\/p>\n\n\n\n<p>Estimado cliente,<\/p>\n\n\n\n<p>Gracias por elegir los productos Ferei. Para servirle mejor, por favor lea cuidadosamente las siguientes condiciones de garant\u00eda relativas a su compra:<\/p>\n\n\n\n<ol start=\"1\" class=\"wp-block-list\">\n<li>Cualquier producto Ferei que funcione mal o deje de funcionar\u00a0<strong>en un plazo de 14 d\u00edas<\/strong>\u00a0de compra bajo condiciones normales de uso puede ser devuelto a cualquier distribuidor\/vendedor autorizado o a Ferei para un cambio del mismo producto o uno equivalente.<\/li>\n\n\n\n<li>Todas las luces y componentes de bicicleta Ferei est\u00e1n garantizados contra defectos de fabricaci\u00f3n y\/o mal funcionamiento.\u00a0<strong>durante 2 a\u00f1os a partir de la fecha de compra<\/strong>\u00a0con el recibo de compra original.<\/li>\n\n\n\n<li>El periodo de garant\u00eda de\u00a0<strong>perecederos y accesorios<\/strong>\u00a0(lentes de cristal, juntas t\u00f3ricas, interruptores de goma, pilas, etc.) es\u00a0<strong>8 meses<\/strong>\u00a0a partir de la fecha de compra. El per\u00edodo de garant\u00eda de los adaptadores de CA o cargadores Ferei es de\u00a0<strong>12 meses<\/strong>.<\/li>\n\n\n\n<li>Si tiene dudas sobre la garant\u00eda, p\u00f3ngase en contacto con\u00a0<strong>Centro de servicio Ferei directamente<\/strong>\u00a0o su distribuidor o minorista local.\u00a0<strong>No intente repararlo usted mismo bajo ninguna circunstancia.<\/strong><\/li>\n\n\n\n<li>Si alg\u00fan producto Ferei resultara defectuoso\u00a0<strong>fuera del periodo de garant\u00eda<\/strong>, Los clientes pueden repararlo en\u00a0<strong>coste acordado mutuamente<\/strong>.<\/li>\n\n\n\n<li>La garant\u00eda de Ferei pasa a ser\u00a0<strong>nulo y sin valor<\/strong>\u00a0en estas condiciones:\n<ul class=\"wp-block-list\">\n<li><strong>A:<\/strong>\u00a0Mal funcionamiento derivado de un uso indebido.<\/li>\n\n\n\n<li><strong>B:<\/strong>\u00a0Mal funcionamiento debido a modificaci\u00f3n o desmontaje no autorizados.<\/li>\n\n\n\n<li><strong>C:<\/strong>\u00a0Mal funcionamiento causado por un mantenimiento y\/o almacenamiento incorrectos.<\/li>\n\n\n\n<li><strong>D:<\/strong>\u00a0Ausencia de recibo de compra, factura o tarjeta de garant\u00eda v\u00e1lidos.<\/li>\n\n\n\n<li><strong>E:<\/strong>\u00a0El producto es falso.<\/li>\n\n\n\n<li><strong>F:<\/strong>\u00a0Cese de funcionamiento debido a da\u00f1os por impacto y\/o ca\u00edda.<\/li>\n<\/ul>\n<\/li>\n\n\n\n<li><strong>Lugar de cumplimiento y jurisdicci\u00f3n:<\/strong>\u00a0Shenzhen, China. Se rige por la legislaci\u00f3n china.<\/li>\n<\/ol>\n\n\n\n<p><strong>Garant\u00eda ampliada:<\/strong><\/p>\n\n\n\n<ol start=\"1\" class=\"wp-block-list\">\n<li>Los nuevos usuarios registrados en nuestro sitio web oficial recibir\u00e1n una garant\u00eda ampliada (por ejemplo, dos meses o medio a\u00f1o).<\/li>\n\n\n\n<li>Los productos personalizados de FEREI reciben una nueva garant\u00eda de servicio basada en modelos espec\u00edficos.<\/li>\n<\/ol>","protected":false},"excerpt":{"rendered":"<p>Luces y Componentes de Bicicleta Estimado Cliente, Gracias por elegir los productos Ferei. Para servirle mejor, por favor lea cuidadosamente las siguientes condiciones de garant\u00eda relativas a su compra: Garant\u00eda Extendida:<\/p>","protected":false},"author":1,"featured_media":0,"parent":0,"menu_order":0,"comment_status":"closed","ping_status":"closed","template":"","meta":{"site-sidebar-layout":"default","site-content-layout":"","ast-site-content-layout":"default","site-content-style":"default","site-sidebar-style":"default","ast-global-header-display":"","ast-banner-title-visibility":"","ast-main-header-display":"","ast-hfb-above-header-display":"","ast-hfb-below-header-display":"","ast-hfb-mobile-header-display":"","site-post-title":"","ast-breadcrumbs-content":"","ast-featured-img":"","footer-sml-layout":"","ast-disable-related-posts":"","theme-transparent-header-meta":"","adv-header-id-meta":"","stick-header-meta":"","header-above-stick-meta":"","header-main-stick-meta":"","header-below-stick-meta":"","astra-migrate-meta-layouts":"set","ast-page-background-enabled":"default","ast-page-background-meta":{"desktop":{"background-color":"var(--ast-global-color-4)","background-image":"","background-repeat":"repeat","background-position":"center center","background-size":"auto","background-attachment":"scroll","background-type":"","background-media":"","overlay-type":"","overlay-color":"","overlay-opacity":"","overlay-gradient":""},"tablet":{"background-color":"","background-image":"","background-repeat":"repeat","background-position":"center center","background-size":"auto","background-attachment":"scroll","background-type":"","background-media":"","overlay-type":"","overlay-color":"","overlay-opacity":"","overlay-gradient":""},"mobile":{"background-color":"","background-image":"","background-repeat":"repeat","background-position":"center center","background-size":"auto","background-attachment":"scroll","background-type":"","background-media":"","overlay-type":"","overlay-color":"","overlay-opacity":"","overlay-gradient":""}},"ast-content-background-meta":{"desktop":{"background-color":"var(--ast-global-color-5)","background-image":"","background-repeat":"repeat","background-position":"center center","background-size":"auto","background-attachment":"scroll","background-type":"","background-media":"","overlay-type":"","overlay-color":"","overlay-opacity":"","overlay-gradient":""},"tablet":{"background-color":"var(--ast-global-color-5)","background-image":"","background-repeat":"repeat","background-position":"center center","background-size":"auto","background-attachment":"scroll","background-type":"","background-media":"","overlay-type":"","overlay-color":"","overlay-opacity":"","overlay-gradient":""},"mobile":{"background-color":"var(--ast-global-color-5)","background-image":"","background-repeat":"repeat","background-position":"center center","background-size":"auto","background-attachment":"scroll","background-type":"","background-media":"","overlay-type":"","overlay-color":"","overlay-opacity":"","overlay-gradient":""}},"footnotes":""},"class_list":["post-1959","page","type-page","status-publish","hentry"],"_links":{"self":[{"href":"https:\/\/www.light.fereistore.com\/es\/wp-json\/wp\/v2\/pages\/1959","targetHints":{"allow":["GET"]}}],"collection":[{"href":"https:\/\/www.light.fereistore.com\/es\/wp-json\/wp\/v2\/pages"}],"about":[{"href":"https:\/\/www.light.fereistore.com\/es\/wp-json\/wp\/v2\/types\/page"}],"author":[{"embeddable":true,"href":"https:\/\/www.light.fereistore.com\/es\/wp-json\/wp\/v2\/users\/1"}],"replies":[{"embeddable":true,"href":"https:\/\/www.light.fereistore.com\/es\/wp-json\/wp\/v2\/comments?post=1959"}],"version-history":[{"count":0,"href":"https:\/\/www.light.fereistore.com\/es\/wp-json\/wp\/v2\/pages\/1959\/revisions"}],"wp:attachment":[{"href":"https:\/\/www.light.fereistore.com\/es\/wp-json\/wp\/v2\/media?parent=1959"}],"curies":[{"name":"wp","href":"https:\/\/api.w.org\/{rel}","templated":true}]}}