{"id":1934,"date":"2025-06-25T09:35:08","date_gmt":"2025-06-25T09:35:08","guid":{"rendered":"https:\/\/www.light.fereistore.com\/?page_id=1934"},"modified":"2025-06-25T09:35:10","modified_gmt":"2025-06-25T09:35:10","slug":"politica-de-pagos","status":"publish","type":"page","link":"https:\/\/www.light.fereistore.com\/es\/payment-policy\/","title":{"rendered":"pol\u00edtica de pagos"},"content":{"rendered":"<p>Pago<\/p>\n\n\n\n<p>\u00bfQu\u00e9 condiciones de pago aceptamos?<\/p>\n\n\n\n<p>Aceptamos los siguientes m\u00e9todos de pago: PayPal, transferencia bancaria y tarjetas de cr\u00e9dito\/d\u00e9bito.<\/p>\n\n\n\n<p>Nota: Para los pagos con tarjeta de cr\u00e9dito\/d\u00e9bito, se aplicar\u00e1 una tarifa de procesamiento 4% adicional impuesta por el procesador de pagos. Esta tasa es responsabilidad del comprador.<\/p>\n\n\n\n<p>Para evitar la comisi\u00f3n de la tarjeta 4%, puede a\u00f1adir su tarjeta de cr\u00e9dito\/d\u00e9bito a su cuenta PayPal y completar el pago a trav\u00e9s de PayPal.<\/p>\n\n\n\n<p>\u00bfTiene problemas? P\u00f3ngase en contacto con nosotros en: ferei@ferei.com.<\/p>\n\n\n\n<p>PayPal (recomendado)<\/p>\n\n\n\n<p>Al seleccionar \u201cPagar con PayPal\u201d en el proceso de pago, se le redirigir\u00e1 a la plataforma segura de PayPal.<\/p>\n\n\n\n<p>\u2192 \u00bfNo tienes cuenta PayPal? Elige \u201cPagar con tarjeta de d\u00e9bito\/cr\u00e9dito\u201d en la p\u00e1gina de inicio de sesi\u00f3n de PayPal.<\/p>\n\n\n\n<p>\u2192 PayPal acepta: Visa, Mastercard, American Express, Discover, JCB y otras tarjetas principales.<\/p>\n\n\n\n<p>Motivos habituales de impago:<\/p>\n\n\n\n<p>N\u00famero de tarjeta, c\u00f3digo de seguridad o datos de facturaci\u00f3n incorrectos<\/p>\n\n\n\n<p>Restricciones de la tarjeta para este tipo de transacci\u00f3n<\/p>\n\n\n\n<p>L\u00edmite de gasto superado o tarjeta caducada<\/p>\n\n\n\n<p>Descenso de los bancos<\/p>\n\n\n\n<p>Soluci\u00f3n: Verifique los datos de facturaci\u00f3n, p\u00f3ngase en contacto con el emisor de su tarjeta o pruebe con otra tarjeta.<\/p>\n\n\n\n<p>Notas:<\/p>\n\n\n\n<p>Se aplica una tasa de tramitaci\u00f3n de 4%.<\/p>\n\n\n\n<p>Los pagos son procesados de forma segura por Stripe (con certificaci\u00f3n PCI). Nunca recopilamos los datos de su tarjeta.<\/p>\n\n\n\n<p>Transferencia bancaria<\/p>\n\n\n\n<p>P\u00f3ngase en contacto con nosotros en ferei@ferei.com para solicitar los datos de la transferencia bancaria.<\/p>\n\n\n\n<p>\u2192 Utilice su ID de pedido como referencia de pago.<\/p>\n\n\n\n<p>\u2192 Los pedidos solo se env\u00edan una vez recibidos los fondos.<\/p>","protected":false},"excerpt":{"rendered":"<p>Payment What terms of payment do we accept? We accept the following payment methods: PayPal, bank transfer, and credit\/debit cards. Please note: For credit\/debit card payments, an additional 4% processing fee imposed by the payment processor will apply. This fee is the buyer\u2019s responsibility. To avoid the 4% card fee, you may add your credit\/debit [&hellip;]<\/p>\n","protected":false},"author":1,"featured_media":0,"parent":0,"menu_order":0,"comment_status":"closed","ping_status":"closed","template":"","meta":{"site-sidebar-layout":"default","site-content-layout":"","ast-site-content-layout":"default","site-content-style":"default","site-sidebar-style":"default","ast-global-header-display":"","ast-banner-title-visibility":"","ast-main-header-display":"","ast-hfb-above-header-display":"","ast-hfb-below-header-display":"","ast-hfb-mobile-header-display":"","site-post-title":"","ast-breadcrumbs-content":"","ast-featured-img":"","footer-sml-layout":"","ast-disable-related-posts":"","theme-transparent-header-meta":"","adv-header-id-meta":"","stick-header-meta":"","header-above-stick-meta":"","header-main-stick-meta":"","header-below-stick-meta":"","astra-migrate-meta-layouts":"set","ast-page-background-enabled":"default","ast-page-background-meta":{"desktop":{"background-color":"var(--ast-global-color-4)","background-image":"","background-repeat":"repeat","background-position":"center center","background-size":"auto","background-attachment":"scroll","background-type":"","background-media":"","overlay-type":"","overlay-color":"","overlay-opacity":"","overlay-gradient":""},"tablet":{"background-color":"","background-image":"","background-repeat":"repeat","background-position":"center center","background-size":"auto","background-attachment":"scroll","background-type":"","background-media":"","overlay-type":"","overlay-color":"","overlay-opacity":"","overlay-gradient":""},"mobile":{"background-color":"","background-image":"","background-repeat":"repeat","background-position":"center center","background-size":"auto","background-attachment":"scroll","background-type":"","background-media":"","overlay-type":"","overlay-color":"","overlay-opacity":"","overlay-gradient":""}},"ast-content-background-meta":{"desktop":{"background-color":"var(--ast-global-color-5)","background-image":"","background-repeat":"repeat","background-position":"center center","background-size":"auto","background-attachment":"scroll","background-type":"","background-media":"","overlay-type":"","overlay-color":"","overlay-opacity":"","overlay-gradient":""},"tablet":{"background-color":"var(--ast-global-color-5)","background-image":"","background-repeat":"repeat","background-position":"center center","background-size":"auto","background-attachment":"scroll","background-type":"","background-media":"","overlay-type":"","overlay-color":"","overlay-opacity":"","overlay-gradient":""},"mobile":{"background-color":"var(--ast-global-color-5)","background-image":"","background-repeat":"repeat","background-position":"center center","background-size":"auto","background-attachment":"scroll","background-type":"","background-media":"","overlay-type":"","overlay-color":"","overlay-opacity":"","overlay-gradient":""}},"footnotes":""},"class_list":["post-1934","page","type-page","status-publish","hentry"],"_links":{"self":[{"href":"https:\/\/www.light.fereistore.com\/es\/wp-json\/wp\/v2\/pages\/1934","targetHints":{"allow":["GET"]}}],"collection":[{"href":"https:\/\/www.light.fereistore.com\/es\/wp-json\/wp\/v2\/pages"}],"about":[{"href":"https:\/\/www.light.fereistore.com\/es\/wp-json\/wp\/v2\/types\/page"}],"author":[{"embeddable":true,"href":"https:\/\/www.light.fereistore.com\/es\/wp-json\/wp\/v2\/users\/1"}],"replies":[{"embeddable":true,"href":"https:\/\/www.light.fereistore.com\/es\/wp-json\/wp\/v2\/comments?post=1934"}],"version-history":[{"count":0,"href":"https:\/\/www.light.fereistore.com\/es\/wp-json\/wp\/v2\/pages\/1934\/revisions"}],"wp:attachment":[{"href":"https:\/\/www.light.fereistore.com\/es\/wp-json\/wp\/v2\/media?parent=1934"}],"curies":[{"name":"wp","href":"https:\/\/api.w.org\/{rel}","templated":true}]}}