{"id":1666,"date":"2025-04-25T09:51:28","date_gmt":"2025-04-25T09:51:28","guid":{"rendered":"https:\/\/www.light.fereistore.com\/about\/"},"modified":"2025-08-22T08:42:34","modified_gmt":"2025-08-22T08:42:34","slug":"about","status":"publish","type":"page","link":"https:\/\/www.light.fereistore.com\/es\/about\/","title":{"rendered":"Acerca de"},"content":{"rendered":"<div data-elementor-type=\"wp-page\" data-elementor-id=\"1666\" class=\"elementor elementor-1666\" data-elementor-post-type=\"page\">\n\t\t\t\t<div class=\"elementor-element elementor-element-c5fc615 e-flex e-con-boxed e-con e-parent\" data-id=\"c5fc615\" data-element_type=\"container\" data-e-type=\"container\" data-settings=\"{&quot;background_background&quot;:&quot;classic&quot;}\">\n\t\t\t\t\t<div class=\"e-con-inner\">\n\t\t\t\t<div class=\"elementor-element elementor-element-a0334b7 elementor-widget elementor-widget-heading\" data-id=\"a0334b7\" data-element_type=\"widget\" data-e-type=\"widget\" data-widget_type=\"heading.default\">\n\t\t\t\t\t<h5 class=\"elementor-heading-title elementor-size-default\">Algunas palabras<\/h5>\t\t\t\t<\/div>\n\t\t\t\t<div class=\"elementor-element elementor-element-43f60d6 elementor-widget elementor-widget-heading\" data-id=\"43f60d6\" data-element_type=\"widget\" data-e-type=\"widget\" data-widget_type=\"heading.default\">\n\t\t\t\t\t<h2 class=\"elementor-heading-title elementor-size-default\">Qui\u00e9nes somos<\/h2>\t\t\t\t<\/div>\n\t\t\t\t\t<\/div>\n\t\t\t\t<\/div>\n\t\t<div class=\"elementor-element elementor-element-304ebbe e-flex e-con-boxed e-con e-parent\" data-id=\"304ebbe\" data-element_type=\"container\" data-e-type=\"container\">\n\t\t\t\t\t<div class=\"e-con-inner\">\n\t\t\t\t<div class=\"elementor-element elementor-element-79eb59f elementor-widget elementor-widget-heading\" data-id=\"79eb59f\" data-element_type=\"widget\" data-e-type=\"widget\" data-widget_type=\"heading.default\">\n\t\t\t\t\t<h2 class=\"elementor-heading-title elementor-size-default\">Acerca de Ferei<\/h2>\t\t\t\t<\/div>\n\t\t\t\t<div class=\"elementor-element elementor-element-e3a9c8b elementor-widget elementor-widget-text-editor\" data-id=\"e3a9c8b\" data-element_type=\"widget\" data-e-type=\"widget\" data-widget_type=\"text-editor.default\">\n\t\t\t\t\t\t\t\t\t<p><span style=\"vertical-align: inherit;\">\u00a0 \u00a0 Ferei, establecida en Shenzhen, China, en 2006, se dedica a convertirse en una marca mundialmente reconocida de equipos de iluminaci\u00f3n para exteriores y deportes, as\u00ed como de componentes para bicicletas.\u00a0<\/span><\/p><p>\u00a0 \u00a0 \u00a0Nuestro objetivo es proporcionar los mejores accesorios de iluminaci\u00f3n y componentes de bicicleta del mundo para los entusiastas de las actividades al aire libre y los jugadores de deportes extremos de todo el mundo.<\/p>\t\t\t\t\t\t\t\t<\/div>\n\t\t\t\t<div class=\"elementor-element elementor-element-6b5b941 elementor-widget elementor-widget-text-editor\" data-id=\"6b5b941\" data-element_type=\"widget\" data-e-type=\"widget\" data-widget_type=\"text-editor.default\">\n\t\t\t\t\t\t\t\t\t<h4 data-slate-node=\"element\"><span data-slate-node=\"text\">Historia del desarrollo de Ferei:<\/span><\/h4><div><span data-slate-node=\"text\">\u00a0<\/span><\/div><div data-slate-node=\"element\"><span data-slate-node=\"text\">FEREI Ferei es una marca de equipamiento para exteriores de alta gama en China, establecida en Shenzhen en 2006. <\/span><span data-slate-node=\"text\">Ferei se dedica a la investigaci\u00f3n y el desarrollo, la fabricaci\u00f3n y la venta de bicicletas de gama alta. <i>componentes<\/i> y productos de iluminaci\u00f3n deportiva exterior. <\/span><span data-slate-node=\"text\">Ferei siempre se ha adherido a la filosof\u00eda central de la marca de innovaci\u00f3n, artesan\u00eda y profesionalidad, y se ha comprometido a convertirse en una marca reconocida a nivel mundial en piezas de bicicleta e iluminaci\u00f3n deportiva al aire libre, creando un espacio de experiencia de producto profesional y de alta calidad para los entusiastas de los deportes al aire libre y los deportes extremos.<\/span><\/div><div data-slate-node=\"element\">\u00a0<\/div><div data-slate-node=\"element\"><span data-slate-node=\"text\">Desde 2009, FEREI Ferei ha estado proporcionando equipo al aire libre estable y profesional de nivel de carrera para los atletas de todo el mundo.<\/span><\/div><div data-slate-node=\"element\">\u00a0<\/div><div data-slate-node=\"element\"><span data-slate-node=\"text\">En 2012, Ferei lanz\u00f3 oficialmente el proyecto independiente de investigaci\u00f3n y desarrollo de componentes centrales de bicicleta, bujes, y simult\u00e1neamente se extendi\u00f3 a la investigaci\u00f3n y desarrollo y pruebas de ruedas y frenos de bicicleta de monta\u00f1a, as\u00ed como ruedas de bicicleta de carretera.<\/span><\/div><div data-slate-node=\"element\">\u00a0<\/div><div data-slate-node=\"element\"><span data-slate-node=\"text\">En 2018, FEREI estableci\u00f3 el equipo de descenso de bicicleta de monta\u00f1a FEREI, y su tecnolog\u00eda de patente de buje de bicicleta de monta\u00f1a de desarrollo propio se aplic\u00f3 m\u00e1s ampliamente al uso del equipo profesional.<\/span><\/div><div data-slate-node=\"element\">\u00a0<\/div><div data-slate-node=\"element\"><span data-slate-node=\"text\">En 2019, FEREI fund\u00f3 el equipo de ciclismo de carretera FEREI Continental, y sus tecnolog\u00edas de patente de buje y rueda de bicicleta de carretera de desarrollo propio se aplicaron al equipo.<\/span><\/div><div data-slate-node=\"element\">\u00a0<\/div><div data-slate-node=\"element\"><span data-slate-node=\"text\">En el segundo semestre de 2019, <\/span><span data-slate-node=\"text\">La serie de cubos patentados de FEREI se lanz\u00f3 a gran escala.<\/span><\/div><div data-slate-node=\"element\">\u00a0<\/div><div data-slate-node=\"element\" data-slate-fragment=\"JTVCJTdCJTIydHlwZSUyMiUzQSUyMnBhcmFncmFwaCUyMiUyQyUyMmNoaWxkcmVuJTIyJTNBJTVCJTdCJTIyaWQlMjIlM0ElMjJlYnhteGI2NHZ6JTIyJTJDJTIycGFyYUlkeCUyMiUzQTAlMkMlMjJzcmMlMjIlM0ElMjJGRVJFSSUyMEZlcmVpJTIwaXMlMjBhJTIwaGlnaC1lbmQlMjBvdXRkb29yJTIwZXF1aXBtZW50JTIwYnJhbmQlMjBpbiUyMENoaW5hJTJDJTIwZXN0YWJsaXNoZWQlMjBpbiUyMFNoZW56aGVuJTIwaW4lMjAyMDA2LiUyMCUyMiUyQyUyMmRzdCUyMiUzQSUyMkZFUkVJJTIwRkVSRUklRTYlOTglQUYlRTQlQjglQUQlRTUlOUIlQkQlRTklQUIlOTglRTclQUIlQUYlRTYlODglQjclRTUlQTQlOTYlRTglQUUlQkUlRTUlQTQlODclRTUlOTMlODElRTclODklOEMlRUYlQkMlOEMlRTQlQkElOEUyMDA2JUU1JUI5JUI0JUU1JTlDJUE4JUU2JUI3JUIxJUU1JTlDJUIzJUU2JTg4JTkwJUU3JUFCJThCJUUzJTgwJTgyJTIyJTJDJTIybWV0YWRhdGElMjIlM0ElMjIlMjIlMkMlMjJtZXRhRGF0YSUyMiUzQSU1QiU1RCUyQyUyMnRleHQlMjIlM0ElMjJGRVJFSSUyMEZlcmVpJTIwaXMlMjBhJTIwaGlnaC1lbmQlMjBvdXRkb29yJTIwZXF1aXBtZW50JTIwYnJhbmQlMjBpbiUyMENoaW5hJTJDJTIwZXN0YWJsaXNoZWQlMjBpbiUyMFNoZW56aGVuJTIwaW4lMjAyMDA2LiUyMCUyMiU3RCUyQyU3QiUyMmlkJTIyJTNBJTIyQlBkMGQ2Ym0xQiUyMiUyQyUyMnBhcmFJZHglMjIlM0EwJTJDJTIyc3JjJTIyJTNBJTIyRmVyZWklMjBmb2N1c2VzJTIwb24lMjB0aGUlMjByZXNlYXJjaCUyMGFuZCUyMGRldmVsb3BtZW50JTJDJTIwbWFudWZhY3R1cmluZyUyQyUyMGFuZCUyMHNhbGVzJTIwb2YlMjBoaWdoLWVuZCUyMGJpY3ljbGUlMjBjb21wb25lbnRzJTIwYW5kJTIwb3V0ZG9vciUyMHNwb3J0cyUyMGxpZ2h0aW5nJTIwcHJvZHVjdHMuJTIwJTIyJTJDJTIyZHN0JTIyJTNBJTIyRmVyZWklRTQlQjglOTMlRTYlQjMlQTglRTQlQkElOEUlRTklQUIlOTglRTclQUIlQUYlRTglODclQUElRTglQTElOEMlRTglQkQlQTYlRTklOUIlQjYlRTklODMlQTglRTQlQkIlQjYlRTUlOTIlOEMlRTYlODglQjclRTUlQTQlOTYlRTglQkYlOTAlRTUlOEElQTglRTclODUlQTclRTYlOTglOEUlRTQlQkElQTclRTUlOTMlODElRTclOUElODQlRTclQTAlOTQlRTUlOEYlOTElRTMlODAlODElRTUlODglQjYlRTklODAlQTAlRTUlOTIlOEMlRTklOTQlODAlRTUlOTQlQUUlRTMlODAlODIlMjIlMkMlMjJtZXRhZGF0YSUyMiUzQSUyMiUyMiUyQyUyMm1ldGFEYXRhJTIyJTNBJTVCJTVEJTJDJTIydGV4dCUyMiUzQSUyMkZlcmVpJTIwZm9jdXNlcyUyMG9uJTIwdGhlJTIwcmVzZWFyY2glMjBhbmQlMjBkZXZlbG9wbWVudCUyQyUyMG1hbnVmYWN0dXJpbmclMkMlMjBhbmQlMjBzYWxlcyUyMG9mJTIwaGlnaC1lbmQlMjBiaWN5Y2xlJTIwY29tcG9uZW50cyUyMGFuZCUyMG91dGRvb3IlMjBzcG9ydHMlMjBsaWdodGluZyUyMHByb2R1Y3RzLiUyMCUyMiU3RCUyQyU3QiUyMmlkJTIyJTNBJTIyVlFaeFoyUEtFeiUyMiUyQyUyMnBhcmFJZHglMjIlM0EwJTJDJTIyc3JjJTIyJTNBJTIyRmVyZWklMjBoYXMlMjBhbHdheXMlMjBhZGhlcmVkJTIwdG8lMjB0aGUlMjBjb3JlJTIwYnJhbmQlMjBwaGlsb3NvcGh5JTIwb2YlMjBpbm5vdmF0aW9uJTJDJTIwY3JhZnRzbWFuc2hpcCUyQyUyMGFuZCUyMHByb2Zlc3Npb25hbGlzbSUyQyUyMGFuZCUyMGlzJTIwY29tbWl0dGVkJTIwdG8lMjBiZWNvbWluZyUyMGElMjBnbG9iYWxseSUyMHJlY29nbml6ZWQlMjBicmFuZCUyMGluJTIwYmljeWNsZSUyMHBhcnRzJTIwYW5kJTIwb3V0ZG9vciUyMHNwb3J0cyUyMGxpZ2h0aW5nJTJDJTIwY3JlYXRpbmclMjBhJTIwcHJvZmVzc2lvbmFsJTIwYW5kJTIwaGlnaC1xdWFsaXR5JTIwcHJvZHVjdCUyMGV4cGVyaWVuY2UlMjBzcGFjZSUyMGZvciUyMG91dGRvb3IlMjBhbmQlMjBzcG9ydHMlMjBlbnRodXNpYXN0cyUyMGFzJTIwd2VsbCUyMGFzJTIwZXh0cmVtZSUyMHNwb3J0cyUyMHBsYXllcnMuJTIyJTJDJTIyZHN0JTIyJTNBJTIyRmVyZWklRTUlQTclOEIlRTclQkIlODglRTUlOUQlOUElRTYlOEMlODElRTUlODglOUIlRTYlOTYlQjAlRTMlODAlODElRTUlQjclQTUlRTglODklQkElRTMlODAlODElRTQlQjglOTMlRTQlQjglOUElRTclOUElODQlRTYlQTAlQjglRTUlQkYlODMlRTUlOTMlODElRTclODklOEMlRTclOTAlODYlRTUlQkYlQjUlRUYlQkMlOEMlRTglODclQjQlRTUlOEElOUIlRTQlQkElOEUlRTYlODglOTAlRTQlQjglQkElRTUlODUlQTglRTclOTAlODMlRTUlODUlQUMlRTglQUUlQTQlRTclOUElODQlRTglODclQUElRTglQTElOEMlRTglQkQlQTYlRTklODUlOEQlRTQlQkIlQjYlRTUlOTIlOEMlRTYlODglQjclRTUlQTQlOTYlRTglQkYlOTAlRTUlOEElQTglRTclODUlQTclRTYlOTglOEUlRTUlOTMlODElRTclODklOEMlRUYlQkMlOEMlRTQlQjglQkElRTYlODglQjclRTUlQTQlOTYlRTglQkYlOTAlRTUlOEElQTglRTclODglQjElRTUlQTUlQkQlRTglODAlODUlRTUlOTIlOEMlRTYlOUUlODElRTklOTklOTAlRTglQkYlOTAlRTUlOEElQTglRTglQkYlOTAlRTUlOEElQTglRTUlOTElOTglRTUlODglOUIlRTklODAlQTAlRTQlQjglOTMlRTQlQjglOUElRTMlODAlODElRTklQUIlOTglRTUlOTMlODElRTglQjQlQTglRTclOUElODQlRTQlQkElQTclRTUlOTMlODElRTQlQkQlOTMlRTklQUElOEMlRTclQTklQkElRTklOTclQjQlRTMlODAlODIlMjIlMkMlMjJtZXRhZGF0YSUyMiUzQSUyMiUyMiUyQyUyMm1ldGFEYXRhJTIyJTNBJTVCJTVEJTJDJTIydGV4dCUyMiUzQSUyMkZlcmVpJTIwaGFzJTIwYWx3YXlzJTIwYWRoZXJlZCUyMHRvJTIwdGhlJTIwY29yZSUyMGJyYW5kJTIwcGhpbG9zb3BoeSUyMG9mJTIwaW5ub3ZhdGlvbiUyQyUyMGNyYWZ0c21hbnNoaXAlMkMlMjBhbmQlMjBwcm9mZXNzaW9uYWxpc20lMkMlMjBhbmQlMjBpcyUyMGNvbW1pdHRlZCUyMHRvJTIwYmVjb21pbmclMjBhJTIwZ2xvYmFsbHklMjByZWNvZ25pemVkJTIwYnJhbmQlMjBpbiUyMGJpY3ljbGUlMjBwYXJ0cyUyMGFuZCUyMG91dGRvb3IlMjBzcG9ydHMlMjBsaWdodGluZyUyQyUyMGNyZWF0aW5nJTIwYSUyMHByb2Zlc3Npb25hbCUyMGFuZCUyMGhpZ2gtcXVhbGl0eSUyMHByb2R1Y3QlMjBleHBlcmllbmNlJTIwc3BhY2UlMjBmb3IlMjBvdXRkb29yJTIwYW5kJTIwc3BvcnRzJTIwZW50aHVzaWFzdHMlMjBhcyUyMHdlbGwlMjBhcyUyMGV4dHJlbWUlMjBzcG9ydHMlMjBwbGF5ZXJzLiUyMiU3RCU1RCU3RCUyQyU3QiUyMnR5cGUlMjIlM0ElMjJwYXJhZ3JhcGglMjIlMkMlMjJjaGlsZHJlbiUyMiUzQSU1QiU3QiUyMmlkJTIyJTNBJTIyVnA5dzl2b0treiUyMiUyQyUyMnBhcmFJZHglMjIlM0ExJTJDJTIyc3JjJTIyJTNBJTIyJTIyJTJDJTIyZHN0JTIyJTNBJTIyJTIyJTJDJTIybWV0YWRhdGElMjIlM0ElMjIlMjIlMkMlMjJtZXRhRGF0YSUyMiUzQSU1QiU1RCUyQyUyMnRleHQlMjIlM0ElMjIlMjIlN0QlNUQlN0QlMkMlN0IlMjJ0eXBlJTIyJTNBJTIycGFyYWdyYXBoJTIyJTJDJTIyY2hpbGRyZW4lMjIlM0ElNUIlN0IlMjJpZCUyMiUzQSUyMlZXT05PMHZFN1YlMjIlMkMlMjJwYXJhSWR4JTIyJTNBMiUyQyUyMnNyYyUyMiUzQSUyMlNpbmNlJTIwMjAwOSUyQyUyMEZFUkVJJTIwRmVyZWklMjBoYXMlMjBiZWVuJTIwcHJvdmlkaW5nJTIwc3RhYmxlJTIwYW5kJTIwcHJvZmVzc2lvbmFsJTIwcmFjZS1sZXZlbCUyMG91dGRvb3IlMjBlcXVpcG1lbnQlMjBmb3IlMjBhdGhsZXRlcyUyMHdvcmxkd2lkZS4lMjIlMkMlMjJkc3QlMjIlM0ElMjIlRTglODclQUEyMDA5JUU1JUI5JUI0JUU0JUJCJUE1JUU2JTlEJUE1JUVGJUJDJThDRkVSRUklMjBGRVJFSSVFNCVCOCU4MCVFNyU5QiVCNCVFNCVCOCVCQSVFNSU4NSVBOCVFNyU5MCU4MyVFOCVCRiU5MCVFNSU4QSVBOCVFNSU5MSU5OCVFNiU4RiU5MCVFNCVCRSU5QiVFNyVBOCVCMyVFNSVBRSU5QSVFNSU5MiU4QyVFNCVCOCU5MyVFNCVCOCU5QSVFNyU5QSU4NCVFNiVBRiU5NCVFOCVCNSU5QiVFNyVCQSVBNyVFNiU4OCVCNyVFNSVBNCU5NiVFOCVBRSVCRSVFNSVBNCU4NyVFMyU4MCU4MiUyMiUyQyUyMm1ldGFkYXRhJTIyJTNBJTIyJTIyJTJDJTIybWV0YURhdGElMjIlM0ElNUIlNUQlMkMlMjJ0ZXh0JTIyJTNBJTIyU2luY2UlMjAyMDA5JTJDJTIwRkVSRUklMjBGZXJlaSUyMGhhcyUyMGJlZW4lMjBwcm92aWRpbmclMjBzdGFibGUlMjBhbmQlMjBwcm9mZXNzaW9uYWwlMjByYWNlLWxldmVsJTIwb3V0ZG9vciUyMGVxdWlwbWVudCUyMGZvciUyMGF0aGxldGVzJTIwd29ybGR3aWRlLiUyMiU3RCU1RCU3RCUyQyU3QiUyMnR5cGUlMjIlM0ElMjJwYXJhZ3JhcGglMjIlMkMlMjJjaGlsZHJlbiUyMiUzQSU1QiU3QiUyMmlkJTIyJTNBJTIyQjhramtHcDZFeiUyMiUyQyUyMnBhcmFJZHglMjIlM0EzJTJDJTIyc3JjJTIyJTNBJTIyJTIyJTJDJTIyZHN0JTIyJTNBJTIyJTIyJTJDJTIybWV0YWRhdGElMjIlM0ElMjIlMjIlMkMlMjJtZXRhRGF0YSUyMiUzQSU1QiU1RCUyQyUyMnRleHQlMjIlM0ElMjIlMjIlN0QlNUQlN0QlMkMlN0IlMjJ0eXBlJTIyJTNBJTIycGFyYWdyYXBoJTIyJTJDJTIyY2hpbGRyZW4lMjIlM0ElNUIlN0IlMjJpZCUyMiUzQSUyMlYxOUs5R2xNd1YlMjIlMkMlMjJwYXJhSWR4JTIyJTNBNCUyQyUyMnNyYyUyMiUzQSUyMkluJTIwMjAxMiUyQyUyMEZlcmVpJTIwb2ZmaWNpYWxseSUyMGxhdW5jaGVkJTIwdGhlJTIwaW5kZXBlbmRlbnQlMjByZXNlYXJjaCUyMGFuZCUyMGRldmVsb3BtZW50JTIwcHJvamVjdCUyMG9mJTIwYmljeWNsZSUyMGNvcmUlMjBjb21wb25lbnRzJTJDJTIwaHVicyUyQyUyMGFuZCUyMHNpbXVsdGFuZW91c2x5JTIwZXh0ZW5kZWQlMjB0byUyMHRoZSUyMHJlc2VhcmNoJTIwYW5kJTIwZGV2ZWxvcG1lbnQlMjBhbmQlMjB0ZXN0aW5nJTIwb2YlMjBtb3VudGFpbiUyMGJpa2UlMjB3aGVlbHMlMjBhbmQlMjBicmFrZXMlMkMlMjBhcyUyMHdlbGwlMjBhcyUyMHJvYWQlMjBiaWtlJTIwd2hlZWxzLiUyMiUyQyUyMmRzdCUyMiUzQSUyMjIwMTIlRTUlQjklQjQlRUYlQkMlOENGZXJlaSVFNiVBRCVBMyVFNSVCQyU4RiVFNSU5MCVBRiVFNSU4QSVBOCVFNCVCQSU4NiVFOCU4NyVBQSVFOCVBMSU4QyVFOCVCRCVBNiVFNiVBMCVCOCVFNSVCRiU4MyVFOSU4MyVBOCVFNCVCQiVCNiVFMyU4MCU4MSVFOCVCRCVBRSVFNiVBRiU4MiVFNyU5QSU4NCVFOCU4NyVBQSVFNCVCOCVCQiVFNyVBMCU5NCVFNSU4RiU5MSVFOSVBMSVCOSVFNyU5QiVBRSVFRiVCQyU4QyVFNSU5MCU4QyVFNiU5NyVCNiVFNiU4OSVBOSVFNSVCMSU5NSVFNSU4OCVCMCVFNSVCMSVCMSVFNSU5QyVCMCVFOCU4NyVBQSVFOCVBMSU4QyVFOCVCRCVBNiVFOCVCRCVBNiVFOCVCRCVBRSVFNSU5MiU4QyVFNSU4OCVCNiVFNSU4QSVBOCVFNSU5OSVBOCVFNCVCQiVBNSVFNSU4RiU4QSVFNSU4NSVBQyVFOCVCNyVBRiVFOCU4NyVBQSVFOCVBMSU4QyVFOCVCRCVBNiVFOCVCRCVBNiVFOCVCRCVBRSVFNyU5QSU4NCVFNyVBMCU5NCVFNSU4RiU5MSVFNSU5MiU4QyVFNiVCNSU4QiVFOCVBRiU5NSVFMyU4MCU4MiUyMiUyQyUyMm1ldGFkYXRhJTIyJTNBJTIyJTIyJTJDJTIybWV0YURhdGElMjIlM0ElNUIlNUQlMkMlMjJ0ZXh0JTIyJTNBJTIySW4lMjAyMDEyJTJDJTIwRmVyZWklMjBvZmZpY2lhbGx5JTIwbGF1bmNoZWQlMjB0aGUlMjBpbmRlcGVuZGVudCUyMHJlc2VhcmNoJTIwYW5kJTIwZGV2ZWxvcG1lbnQlMjBwcm9qZWN0JTIwb2YlMjBiaWN5Y2xlJTIwY29yZSUyMGNvbXBvbmVudHMlMkMlMjBodWJzJTJDJTIwYW5kJTIwc2ltdWx0YW5lb3VzbHklMjBleHRlbmRlZCUyMHRvJTIwdGhlJTIwcmVzZWFyY2glMjBhbmQlMjBkZXZlbG9wbWVudCUyMGFuZCUyMHRlc3RpbmclMjBvZiUyMG1vdW50YWluJTIwYmlrZSUyMHdoZWVscyUyMGFuZCUyMGJyYWtlcyUyQyUyMGFzJTIwd2VsbCUyMGFzJTIwcm9hZCUyMGJpa2UlMjB3aGVlbHMuJTIyJTdEJTVEJTdEJTJDJTdCJTIydHlwZSUyMiUzQSUyMnBhcmFncmFwaCUyMiUyQyUyMmNoaWxkcmVuJTIyJTNBJTVCJTdCJTIyaWQlMjIlM0ElMjJCdmRsZFo2UldWJTIyJTJDJTIycGFyYUlkeCUyMiUzQTUlMkMlMjJzcmMlMjIlM0ElMjIlMjIlMkMlMjJkc3QlMjIlM0ElMjIlMjIlMkMlMjJtZXRhZGF0YSUyMiUzQSUyMiUyMiUyQyUyMm1ldGFEYXRhJTIyJTNBJTVCJTVEJTJDJTIydGV4dCUyMiUzQSUyMiUyMiU3RCU1RCU3RCUyQyU3QiUyMnR5cGUlMjIlM0ElMjJwYXJhZ3JhcGglMjIlMkMlMjJjaGlsZHJlbiUyMiUzQSU1QiU3QiUyMmlkJTIyJTNBJTIyZWpaMlpiNjRwZSUyMiUyQyUyMnBhcmFJZHglMjIlM0E2JTJDJTIyc3JjJTIyJTNBJTIySW4lMjAyMDE4JTJDJTIwRkVSRUklMjBlc3RhYmxpc2hlZCUyMHRoZSUyMEZFUkVJJTIwTW91bnRhaW4lMjBCaWtlJTIwRG93bmhpbGwlMjBUZWFtJTJDJTIwYW5kJTIwaXRzJTIwc2VsZi1kZXZlbG9wZWQlMjBtb3VudGFpbiUyMGJpa2UlMjBodWIlMjBwYXRlbnQlMjB0ZWNobm9sb2d5JTIwd2FzJTIwbW9yZSUyMGV4dGVuc2l2ZWx5JTIwYXBwbGllZCUyMHRvJTIwcHJvZmVzc2lvbmFsJTIwdGVhbSUyMHVzZS4lMjIlMkMlMjJkc3QlMjIlM0ElMjIyMDE4JUU1JUI5JUI0JUVGJUJDJThDRkVSRUklRTYlODglOTAlRTclQUIlOEIlRTQlQkElODZGRVJFSSVFNSVCMSVCMSVFNSU5QyVCMCVFOCU4NyVBQSVFOCVBMSU4QyVFOCVCRCVBNiVFNCVCOCU4QiVFNSU5RCVBMSVFOSU5OCU5RiVFRiVCQyU4QyVFNSU4NSVCNiVFOCU4NyVBQSVFNCVCOCVCQiVFNyVBMCU5NCVFNSU4RiU5MSVFNyU5QSU4NCVFNSVCMSVCMSVFNSU5QyVCMCVFOCU4NyVBQSVFOCVBMSU4QyVFOCVCRCVBNiVFOCVCRCVBRSVFNiVBRiU4MiVFNCVCOCU5MyVFNSU4OCVBOSVFNiU4QSU4MCVFNiU5QyVBRiVFNiU5QiVCNCVFNSVCOSVCRiVFNiVCMyU5QiVFNSU5QyVCMCVFNSVCQSU5NCVFNyU5NCVBOCVFNCVCQSU4RSVFNCVCOCU5MyVFNCVCOCU5QSVFNSU5QiVBMiVFOSU5OCU5RiVFNCVCRCVCRiVFNyU5NCVBOCVFMyU4MCU4MiUyMiUyQyUyMm1ldGFkYXRhJTIyJTNBJTIyJTIyJTJDJTIybWV0YURhdGElMjIlM0ElNUIlNUQlMkMlMjJ0ZXh0JTIyJTNBJTIySW4lMjAyMDE4JTJDJTIwRkVSRUklMjBlc3RhYmxpc2hlZCUyMHRoZSUyMEZFUkVJJTIwTW91bnRhaW4lMjBCaWtlJTIwRG93bmhpbGwlMjBUZWFtJTJDJTIwYW5kJTIwaXRzJTIwc2VsZi1kZXZlbG9wZWQlMjBtb3VudGFpbiUyMGJpa2UlMjBodWIlMjBwYXRlbnQlMjB0ZWNobm9sb2d5JTIwd2FzJTIwbW9yZSUyMGV4dGVuc2l2ZWx5JTIwYXBwbGllZCUyMHRvJTIwcHJvZmVzc2lvbmFsJTIwdGVhbSUyMHVzZS4lMjIlN0QlNUQlN0QlMkMlN0IlMjJ0eXBlJTIyJTNBJTIycGFyYWdyYXBoJTIyJTJDJTIyY2hpbGRyZW4lMjIlM0ElNUIlN0IlMjJpZCUyMiUzQSUyMlZOb09vMExtNHolMjIlMkMlMjJwYXJhSWR4JTIyJTNBNyUyQyUyMnNyYyUyMiUzQSUyMiUyMiUyQyUyMmRzdCUyMiUzQSUyMiUyMiUyQyUyMm1ldGFkYXRhJTIyJTNBJTIyJTIyJTJDJTIybWV0YURhdGElMjIlM0ElNUIlNUQlMkMlMjJ0ZXh0JTIyJTNBJTIyJTIyJTdEJTVEJTdEJTJDJTdCJTIydHlwZSUyMiUzQSUyMnBhcmFncmFwaCUyMiUyQyUyMmNoaWxkcmVuJTIyJTNBJTVCJTdCJTIyaWQlMjIlM0ElMjJ6bjRtNGQ2anhlJTIyJTJDJTIycGFyYUlkeCUyMiUzQTglMkMlMjJzcmMlMjIlM0ElMjJJbiUyMDIwMTklMkMlMjBGRVJFSSUyMGZvdW5kZWQlMjB0aGUlMjBGRVJFSSUyMENvbnRpbmVudGFsJTIwUm9hZCUyMEN5Y2xpbmclMjBUZWFtJTJDJTIwYW5kJTIwaXRzJTIwc2VsZi1kZXZlbG9wZWQlMjByb2FkJTIwYmlrZSUyMGh1YiUyMGFuZCUyMHdoZWVsJTIwcGF0ZW50JTIwdGVjaG5vbG9naWVzJTIwd2VyZSUyMGFwcGxpZWQlMjB0byUyMHRoZSUyMHRlYW0uJTIyJTJDJTIyZHN0JTIyJTNBJTIyMjAxOSVFNSVCOSVCNCVFRiVCQyU4Q0ZFUkVJJUU2JTg4JTkwJUU3JUFCJThCJUU0JUJBJTg2RkVSRUklRTUlQTQlQTclRTklOTklODYlRTUlODUlQUMlRTglQjclQUYlRTglODclQUElRTglQTElOEMlRTglQkQlQTYlRTklOTglOUYlRUYlQkMlOEMlRTUlQjklQjYlRTUlQjAlODYlRTUlODUlQjYlRTglODclQUElRTQlQjglQkIlRTclQTAlOTQlRTUlOEYlOTElRTclOUElODQlRTUlODUlQUMlRTglQjclQUYlRTglODclQUElRTglQTElOEMlRTglQkQlQTYlRTglQkQlQUUlRTYlQUYlODIlRTUlOTIlOEMlRTglQkQlQTYlRTglQkQlQUUlRTQlQjglOTMlRTUlODglQTklRTYlOEElODAlRTYlOUMlQUYlRTUlQkElOTQlRTclOTQlQTglRTQlQkElOEUlRTglQUYlQTUlRTglQkQlQTYlRTklOTglOUYlRTMlODAlODIlMjIlMkMlMjJtZXRhZGF0YSUyMiUzQSUyMiUyMiUyQyUyMm1ldGFEYXRhJTIyJTNBJTVCJTVEJTJDJTIydGV4dCUyMiUzQSUyMkluJTIwMjAxOSUyQyUyMEZFUkVJJTIwZm91bmRlZCUyMHRoZSUyMEZFUkVJJTIwQ29udGluZW50YWwlMjBSb2FkJTIwQ3ljbGluZyUyMFRlYW0lMkMlMjBhbmQlMjBpdHMlMjBzZWxmLWRldmVsb3BlZCUyMHJvYWQlMjBiaWtlJTIwaHViJTIwYW5kJTIwd2hlZWwlMjBwYXRlbnQlMjB0ZWNobm9sb2dpZXMlMjB3ZXJlJTIwYXBwbGllZCUyMHRvJTIwdGhlJTIwdGVhbS4lMjIlN0QlNUQlN0QlMkMlN0IlMjJ0eXBlJTIyJTNBJTIycGFyYWdyYXBoJTIyJTJDJTIyY2hpbGRyZW4lMjIlM0ElNUIlN0IlMjJpZCUyMiUzQSUyMnpZMDEweE5wT1YlMjIlMkMlMjJwYXJhSWR4JTIyJTNBOSUyQyUyMnNyYyUyMiUzQSUyMiUyMiUyQyUyMmRzdCUyMiUzQSUyMiUyMiUyQyUyMm1ldGFkYXRhJTIyJTNBJTIyJTIyJTJDJTIybWV0YURhdGElMjIlM0ElNUIlNUQlMkMlMjJ0ZXh0JTIyJTNBJTIyJTIyJTdEJTVEJTdEJTJDJTdCJTIydHlwZSUyMiUzQSUyMnBhcmFncmFwaCUyMiUyQyUyMmNoaWxkcmVuJTIyJTNBJTVCJTdCJTIyaWQlMjIlM0ElMjJWa2xtbFE2NVp6JTIyJTJDJTIycGFyYUlkeCUyMiUzQTEwJTJDJTIyc3JjJTIyJTNBJTIySW4lMjB0aGUlMjBzZWNvbmQlMjBoYWxmJTIwb2YlMjAyMDE5JTJDJTIwRkVSRUkncyUyMHBhdGVudGVkJTIwaHViJTIwc2VyaWVzJTIwd2FzJTIwbGF1bmNoZWQlMjBvbiUyMGElMjBsYXJnZSUyMHNjYWxlLiUyMiUyQyUyMmRzdCUyMiUzQSUyMjIwMTklRTUlQjklQjQlRTQlQjglOEIlRTUlOEQlOEElRTUlQjklQjQlRUYlQkMlOENGRVJFSSVFNyU5QSU4NCVFNCVCOCU5MyVFNSU4OCVBOSVFOCVCRCVBRSVFNiVBRiU4MiVFNyVCMyVCQiVFNSU4OCU5NyVFNSVBNCVBNyVFOCVBNyU4NCVFNiVBOCVBMSVFNiU4RSVBOCVFNSU4NyVCQSVFMyU4MCU4MiUyMiUyQyUyMm1ldGFkYXRhJTIyJTNBJTIyJTIyJTJDJTIybWV0YURhdGElMjIlM0ElNUIlNUQlMkMlMjJ0ZXh0JTIyJTNBJTIySW4lMjB0aGUlMjBzZWNvbmQlMjBoYWxmJTIwb2YlMjAyMDE5JTJDJTIwRkVSRUkncyUyMHBhdGVudGVkJTIwaHViJTIwc2VyaWVzJTIwd2FzJTIwbGF1bmNoZWQlMjBvbiUyMGElMjBsYXJnZSUyMHNjYWxlLiUyMiU3RCU1RCU3RCUyQyU3QiUyMnR5cGUlMjIlM0ElMjJwYXJhZ3JhcGglMjIlMkMlMjJjaGlsZHJlbiUyMiUzQSU1QiU3QiUyMmlkJTIyJTNBJTIyZW1vNW9kNldveiUyMiUyQyUyMnBhcmFJZHglMjIlM0ExMSUyQyUyMnNyYyUyMiUzQSUyMiUyMiUyQyUyMmRzdCUyMiUzQSUyMiUyMiUyQyUyMm1ldGFkYXRhJTIyJTNBJTIyJTIyJTJDJTIybWV0YURhdGElMjIlM0ElNUIlNUQlMkMlMjJ0ZXh0JTIyJTNBJTIyJTIyJTdEJTVEJTdEJTJDJTdCJTIydHlwZSUyMiUzQSUyMnBhcmFncmFwaCUyMiUyQyUyMmNoaWxkcmVuJTIyJTNBJTVCJTdCJTIyaWQlMjIlM0ElMjJWTVA0UEVESk9lJTIyJTJDJTIycGFyYUlkeCUyMiUzQTEyJTJDJTIyc3JjJTIyJTNBJTIySW4lMjAyMDIzJTJDJTIwRkVSRUkncyUyMG1vdW50YWluJTIwYmlrZSUyMHdoZWVscyUyQyUyMGJyYWtlcyUyQyUyMGFuZCUyMHJvYWQlMjBiaWtlJTIwd2hlZWxzJTIwd2VyZSUyMGZ1bGx5JTIwbGF1bmNoZWQlMkMlMjBicmluZ2luZyUyMHRoZSUyMGJyYW5kJ3MlMjBpbm5vdmF0aXZlJTIwdGVjaG5vbG9neSUyMHRvJTIwdGhlJTIwbWFya2V0LiUyMiUyQyUyMmRzdCUyMiUzQSUyMjIwMjMlRTUlQjklQjQlRUYlQkMlOENGRVJFSSVFNyU5QSU4NCVFNSVCMSVCMSVFNSU5QyVCMCVFOCU4NyVBQSVFOCVBMSU4QyVFOCVCRCVBNiVFOCVCRCVBNiVFOCVCRCVBRSVFMyU4MCU4MSVFNSU4OCVCNiVFNSU4QSVBOCVFNSU5OSVBOCVFNSU5MiU4QyVFNSU4NSVBQyVFOCVCNyVBRiVFOCU4NyVBQSVFOCVBMSU4QyVFOCVCRCVBNiVFOCVCRCVBNiVFOCVCRCVBRSVFNSU4NSVBOCVFOSU5RCVBMiVFNiU4RSVBOCVFNSU4NyVCQSVFRiVCQyU4QyVFNSVCMCU4NiVFOCVBRiVBNSVFNSU5MyU4MSVFNyU4OSU4QyVFNyU5QSU4NCVFNSU4OCU5QiVFNiU5NiVCMCVFNiU4QSU4MCVFNiU5QyVBRiVFNiU4RSVBOCVFNSU5MCU5MSVFNSVCOCU4MiVFNSU5QyVCQSVFMyU4MCU4MiUyMiUyQyUyMm1ldGFkYXRhJTIyJTNBJTIyJTIyJTJDJTIybWV0YURhdGElMjIlM0ElNUIlNUQlMkMlMjJ0ZXh0JTIyJTNBJTIySW4lMjAyMDIzJTJDJTIwRkVSRUkncyUyMG1vdW50YWluJTIwYmlrZSUyMHdoZWVscyUyQyUyMGJyYWtlcyUyQyUyMGFuZCUyMHJvYWQlMjBiaWtlJTIwd2hlZWxzJTIwd2VyZSUyMGZ1bGx5JTIwbGF1bmNoZWQlMkMlMjBicmluZ2luZyUyMHRoZSUyMGJyYW5kJ3MlMjBpbm5vdmF0aXZlJTIwdGVjaG5vbG9neSUyMHRvJTIwdGhlJTIwbWFya2V0LiUyMiU3RCU1RCU3RCU1RA==\"><span data-slate-node=\"text\">En 2023, las ruedas de bicicleta de monta\u00f1a, los frenos y las ruedas de bicicleta de carretera de FEREI se lanzaron por completo, introduciendo en el mercado la innovadora tecnolog\u00eda de la marca.<\/span><\/div>\t\t\t\t\t\t\t\t<\/div>\n\t\t\t\t\t<\/div>\n\t\t\t\t<\/div>\n\t\t\t\t<\/div>","protected":false},"excerpt":{"rendered":"<p>A few words About us About Ferei \u00a0 \u00a0 Ferei, established in Shenzhen, China, in 2006, is dedicated to becoming a globally recognized brand for outdoor and sports lighting equipment, as well as bicycle components.\u00a0 \u00a0 \u00a0 \u00a0Our goal is to provide the world&#8217;s finest lighting fixtures and bicycle components for outdoor enthusiasts and extreme [&hellip;]<\/p>\n","protected":false},"author":1,"featured_media":0,"parent":0,"menu_order":0,"comment_status":"closed","ping_status":"closed","template":"","meta":{"site-sidebar-layout":"no-sidebar","site-content-layout":"page-builder","ast-site-content-layout":"default","site-content-style":"default","site-sidebar-style":"default","ast-global-header-display":"","ast-banner-title-visibility":"","ast-main-header-display":"","ast-hfb-above-header-display":"","ast-hfb-below-header-display":"","ast-hfb-mobile-header-display":"","site-post-title":"disabled","ast-breadcrumbs-content":"","ast-featured-img":"disabled","footer-sml-layout":"","ast-disable-related-posts":"","theme-transparent-header-meta":"enabled","adv-header-id-meta":"","stick-header-meta":"","header-above-stick-meta":"","header-main-stick-meta":"","header-below-stick-meta":"","astra-migrate-meta-layouts":"default","ast-page-background-enabled":"default","ast-page-background-meta":{"desktop":{"background-color":"var(--ast-global-color-4)","background-image":"","background-repeat":"repeat","background-position":"center center","background-size":"auto","background-attachment":"scroll","background-type":"","background-media":"","overlay-type":"","overlay-color":"","overlay-opacity":"","overlay-gradient":""},"tablet":{"background-color":"","background-image":"","background-repeat":"repeat","background-position":"center center","background-size":"auto","background-attachment":"scroll","background-type":"","background-media":"","overlay-type":"","overlay-color":"","overlay-opacity":"","overlay-gradient":""},"mobile":{"background-color":"","background-image":"","background-repeat":"repeat","background-position":"center center","background-size":"auto","background-attachment":"scroll","background-type":"","background-media":"","overlay-type":"","overlay-color":"","overlay-opacity":"","overlay-gradient":""}},"ast-content-background-meta":{"desktop":{"background-color":"var(--ast-global-color-5)","background-image":"","background-repeat":"repeat","background-position":"center center","background-size":"auto","background-attachment":"scroll","background-type":"","background-media":"","overlay-type":"","overlay-color":"","overlay-opacity":"","overlay-gradient":""},"tablet":{"background-color":"var(--ast-global-color-5)","background-image":"","background-repeat":"repeat","background-position":"center center","background-size":"auto","background-attachment":"scroll","background-type":"","background-media":"","overlay-type":"","overlay-color":"","overlay-opacity":"","overlay-gradient":""},"mobile":{"background-color":"var(--ast-global-color-5)","background-image":"","background-repeat":"repeat","background-position":"center center","background-size":"auto","background-attachment":"scroll","background-type":"","background-media":"","overlay-type":"","overlay-color":"","overlay-opacity":"","overlay-gradient":""}},"footnotes":""},"class_list":["post-1666","page","type-page","status-publish","hentry"],"_links":{"self":[{"href":"https:\/\/www.light.fereistore.com\/es\/wp-json\/wp\/v2\/pages\/1666","targetHints":{"allow":["GET"]}}],"collection":[{"href":"https:\/\/www.light.fereistore.com\/es\/wp-json\/wp\/v2\/pages"}],"about":[{"href":"https:\/\/www.light.fereistore.com\/es\/wp-json\/wp\/v2\/types\/page"}],"author":[{"embeddable":true,"href":"https:\/\/www.light.fereistore.com\/es\/wp-json\/wp\/v2\/users\/1"}],"replies":[{"embeddable":true,"href":"https:\/\/www.light.fereistore.com\/es\/wp-json\/wp\/v2\/comments?post=1666"}],"version-history":[{"count":0,"href":"https:\/\/www.light.fereistore.com\/es\/wp-json\/wp\/v2\/pages\/1666\/revisions"}],"wp:attachment":[{"href":"https:\/\/www.light.fereistore.com\/es\/wp-json\/wp\/v2\/media?parent=1666"}],"curies":[{"name":"wp","href":"https:\/\/api.w.org\/{rel}","templated":true}]}}