{"id":5043,"date":"2025-09-19T07:24:56","date_gmt":"2025-09-19T07:24:56","guid":{"rendered":"https:\/\/www.light.fereistore.com\/?post_type=product&#038;p=5043"},"modified":"2025-09-19T07:24:56","modified_gmt":"2025-09-19T07:24:56","slug":"ferei-ac008-5-5dc-ac-charger-plug","status":"publish","type":"product","link":"https:\/\/www.light.fereistore.com\/de\/product\/ferei-ac008-5-5dc-ac-charger-plug\/","title":{"rendered":"Ferei AC008 5,5DC AC-Ladestecker"},"content":{"rendered":"<ul>\n<li>5.5DC Stecker AC Ladeger\u00e4t !  Kann f\u00fcr Scheinwerfer 8.4V Spannung Version (wie HL50II und HL54II ect), und Akku-Pack NEW BP2872B, BP4872B und BP6872B aufgeladen werden.<\/li>\n<li>Das Lademodell ist ein Konstantstrom, der in eine konstante Spannung umgewandelt wird, mit \u00dcberlast-\/Kurzschluss-\/Verpolungsschutz.<\/li>\n<li>Einfach zu bedienen: Jede einzelne Batterie hat eine dreifarbige LED-Lichtanzeige: ROT - Laden, GR\u00dcN - voll und keine Batterie, GR\u00dcN - Batterie mit falscher Polarit\u00e4t eingestellt.<\/li>\n<li>Um die Sicherheit und Zuverl\u00e4ssigkeit der Batterien und der Ladung zu gew\u00e4hrleisten.<\/li>\n<li>Eingang: 100-240V AC<\/li>\n<li>50\/60Hz 100mA<\/li>\n<li>Ausgang: DC8.4V- 1.2A<\/li>\n<\/ul>","protected":false},"excerpt":{"rendered":"<ul>\n<li>5.5DC Stecker AC Ladeger\u00e4t !  Kann f\u00fcr Scheinwerfer 8.4V Spannung Version (wie HL50II und HL54II ect), und Akku-Pack NEW BP2872B, BP4872B und BP6872B aufgeladen werden.<\/li>\n<li>Das Lademodell ist ein Konstantstrom, der in eine konstante Spannung umgewandelt wird, mit \u00dcberlast-\/Kurzschluss-\/Verpolungsschutz.<\/li>\n<li>Einfach zu bedienen: Jede einzelne Batterie hat eine dreifarbige LED-Lichtanzeige: ROT - Laden, GR\u00dcN - voll und keine Batterie, GR\u00dcN - Batterie mit falscher Polarit\u00e4t eingestellt.<\/li>\n<li>Um die Sicherheit und Zuverl\u00e4ssigkeit der Batterien und der Ladung zu gew\u00e4hrleisten.<\/li>\n<li>Eingang: 100-240V AC<\/li>\n<li>50\/60Hz 100mA<\/li>\n<li>Ausgang: DC8.4V- 1.2A<\/li>\n<\/ul>","protected":false},"featured_media":5046,"comment_status":"open","ping_status":"closed","template":"","meta":{"site-sidebar-layout":"default","site-content-layout":"","ast-site-content-layout":"default","site-content-style":"default","site-sidebar-style":"default","ast-global-header-display":"","ast-banner-title-visibility":"","ast-main-header-display":"","ast-hfb-above-header-display":"","ast-hfb-below-header-display":"","ast-hfb-mobile-header-display":"","site-post-title":"","ast-breadcrumbs-content":"","ast-featured-img":"","footer-sml-layout":"","ast-disable-related-posts":"","theme-transparent-header-meta":"default","adv-header-id-meta":"","stick-header-meta":"default","header-above-stick-meta":"","header-main-stick-meta":"","header-below-stick-meta":"","astra-migrate-meta-layouts":"set","ast-page-background-enabled":"default","ast-page-background-meta":{"desktop":{"background-color":"var(--ast-global-color-4)","background-image":"","background-repeat":"repeat","background-position":"center center","background-size":"auto","background-attachment":"scroll","background-type":"","background-media":"","overlay-type":"","overlay-color":"","overlay-opacity":"","overlay-gradient":""},"tablet":{"background-color":"","background-image":"","background-repeat":"repeat","background-position":"center center","background-size":"auto","background-attachment":"scroll","background-type":"","background-media":"","overlay-type":"","overlay-color":"","overlay-opacity":"","overlay-gradient":""},"mobile":{"background-color":"","background-image":"","background-repeat":"repeat","background-position":"center center","background-size":"auto","background-attachment":"scroll","background-type":"","background-media":"","overlay-type":"","overlay-color":"","overlay-opacity":"","overlay-gradient":""}},"ast-content-background-meta":{"desktop":{"background-color":"var(--ast-global-color-5)","background-image":"","background-repeat":"repeat","background-position":"center center","background-size":"auto","background-attachment":"scroll","background-type":"","background-media":"","overlay-type":"","overlay-color":"","overlay-opacity":"","overlay-gradient":""},"tablet":{"background-color":"var(--ast-global-color-5)","background-image":"","background-repeat":"repeat","background-position":"center center","background-size":"auto","background-attachment":"scroll","background-type":"","background-media":"","overlay-type":"","overlay-color":"","overlay-opacity":"","overlay-gradient":""},"mobile":{"background-color":"var(--ast-global-color-5)","background-image":"","background-repeat":"repeat","background-position":"center center","background-size":"auto","background-attachment":"scroll","background-type":"","background-media":"","overlay-type":"","overlay-color":"","overlay-opacity":"","overlay-gradient":""}}},"product_brand":[88],"product_cat":[122],"product_tag":[128],"class_list":{"0":"post-5043","1":"product","2":"type-product","3":"status-publish","4":"has-post-thumbnail","6":"product_brand-ferei","7":"product_cat-charger","8":"product_tag-charger","9":"desktop-align-center","10":"tablet-align-left","11":"mobile-align-left","12":"ast-product-gallery-layout-horizontal-slider","13":"ast-magnify-disabled","14":"ast-product-single-variable","16":"first","17":"instock","18":"shipping-taxable","19":"purchasable","20":"product-type-variable"},"_links":{"self":[{"href":"https:\/\/www.light.fereistore.com\/de\/wp-json\/wp\/v2\/product\/5043","targetHints":{"allow":["GET"]}}],"collection":[{"href":"https:\/\/www.light.fereistore.com\/de\/wp-json\/wp\/v2\/product"}],"about":[{"href":"https:\/\/www.light.fereistore.com\/de\/wp-json\/wp\/v2\/types\/product"}],"replies":[{"embeddable":true,"href":"https:\/\/www.light.fereistore.com\/de\/wp-json\/wp\/v2\/comments?post=5043"}],"version-history":[{"count":0,"href":"https:\/\/www.light.fereistore.com\/de\/wp-json\/wp\/v2\/product\/5043\/revisions"}],"wp:featuredmedia":[{"embeddable":true,"href":"https:\/\/www.light.fereistore.com\/de\/wp-json\/wp\/v2\/media\/5046"}],"wp:attachment":[{"href":"https:\/\/www.light.fereistore.com\/de\/wp-json\/wp\/v2\/media?parent=5043"}],"wp:term":[{"taxonomy":"product_brand","embeddable":true,"href":"https:\/\/www.light.fereistore.com\/de\/wp-json\/wp\/v2\/product_brand?post=5043"},{"taxonomy":"product_cat","embeddable":true,"href":"https:\/\/www.light.fereistore.com\/de\/wp-json\/wp\/v2\/product_cat?post=5043"},{"taxonomy":"product_tag","embeddable":true,"href":"https:\/\/www.light.fereistore.com\/de\/wp-json\/wp\/v2\/product_tag?post=5043"}],"curies":[{"name":"wp","href":"https:\/\/api.w.org\/{rel}","templated":true}]}}