{"id":4995,"date":"2025-09-19T06:04:06","date_gmt":"2025-09-19T06:04:06","guid":{"rendered":"https:\/\/www.light.fereistore.com\/?post_type=product&#038;p=4995"},"modified":"2025-09-19T06:14:41","modified_gmt":"2025-09-19T06:14:41","slug":"ferei-dc12a-dc-plug-charger","status":"publish","type":"product","link":"https:\/\/www.light.fereistore.com\/de\/product\/ferei-dc12a-dc-plug-charger\/","title":{"rendered":"Ferei DC12A DC-Stecker Ladeger\u00e4t"},"content":{"rendered":"<ul>\n<li>12V DC-Adapter, 5,5DC-Stecker, zum Aufladen der Scheinwerfer HL40II, HL40AAII, HL20II, HL20AAII, HL08II, H08AAII und HL65 in der Version mit 5,5DC-Stecker.<\/li>\n<li>Sie brauchen sich keine Sorgen zu machen, dass die Batterie leer wird. Mit diesem Auto-Express-Ladeger\u00e4t k\u00f6nnen Sie die Taschenlampe an den Zigarettenanz\u00fcnder anschlie\u00dfen, um den Ladevorgang zu beenden.<\/li>\n<li>Eingang: DC12-24V<\/li>\n<li>Ausgang: DC4.2V +\/- 6% 1A MAX<\/li>\n<\/ul>","protected":false},"excerpt":{"rendered":"<ul>\n<li>12V DC-Adapter, 5,5DC-Stecker, zum Aufladen der Scheinwerfer HL40II, HL40AAII, HL20II, HL20AAII, HL08II, H08AAII und HL65 in der Version mit 5,5DC-Stecker.<\/li>\n<li>Sie brauchen sich keine Sorgen zu machen, dass die Batterie leer wird. Mit diesem Auto-Express-Ladeger\u00e4t k\u00f6nnen Sie die Taschenlampe an den Zigarettenanz\u00fcnder anschlie\u00dfen, um den Ladevorgang zu beenden.<\/li>\n<li>Eingang: DC12-24V<\/li>\n<li>Ausgang: DC4.2V +\/- 6% 1A MAX<\/li>\n<\/ul>","protected":false},"featured_media":4998,"comment_status":"open","ping_status":"closed","template":"","meta":{"site-sidebar-layout":"default","site-content-layout":"","ast-site-content-layout":"default","site-content-style":"default","site-sidebar-style":"default","ast-global-header-display":"","ast-banner-title-visibility":"","ast-main-header-display":"","ast-hfb-above-header-display":"","ast-hfb-below-header-display":"","ast-hfb-mobile-header-display":"","site-post-title":"","ast-breadcrumbs-content":"","ast-featured-img":"","footer-sml-layout":"","ast-disable-related-posts":"","theme-transparent-header-meta":"default","adv-header-id-meta":"","stick-header-meta":"default","header-above-stick-meta":"","header-main-stick-meta":"","header-below-stick-meta":"","astra-migrate-meta-layouts":"set","ast-page-background-enabled":"default","ast-page-background-meta":{"desktop":{"background-color":"var(--ast-global-color-4)","background-image":"","background-repeat":"repeat","background-position":"center center","background-size":"auto","background-attachment":"scroll","background-type":"","background-media":"","overlay-type":"","overlay-color":"","overlay-opacity":"","overlay-gradient":""},"tablet":{"background-color":"","background-image":"","background-repeat":"repeat","background-position":"center center","background-size":"auto","background-attachment":"scroll","background-type":"","background-media":"","overlay-type":"","overlay-color":"","overlay-opacity":"","overlay-gradient":""},"mobile":{"background-color":"","background-image":"","background-repeat":"repeat","background-position":"center center","background-size":"auto","background-attachment":"scroll","background-type":"","background-media":"","overlay-type":"","overlay-color":"","overlay-opacity":"","overlay-gradient":""}},"ast-content-background-meta":{"desktop":{"background-color":"var(--ast-global-color-5)","background-image":"","background-repeat":"repeat","background-position":"center center","background-size":"auto","background-attachment":"scroll","background-type":"","background-media":"","overlay-type":"","overlay-color":"","overlay-opacity":"","overlay-gradient":""},"tablet":{"background-color":"var(--ast-global-color-5)","background-image":"","background-repeat":"repeat","background-position":"center center","background-size":"auto","background-attachment":"scroll","background-type":"","background-media":"","overlay-type":"","overlay-color":"","overlay-opacity":"","overlay-gradient":""},"mobile":{"background-color":"var(--ast-global-color-5)","background-image":"","background-repeat":"repeat","background-position":"center center","background-size":"auto","background-attachment":"scroll","background-type":"","background-media":"","overlay-type":"","overlay-color":"","overlay-opacity":"","overlay-gradient":""}}},"product_brand":[88],"product_cat":[122],"product_tag":[128],"class_list":{"0":"post-4995","1":"product","2":"type-product","3":"status-publish","4":"has-post-thumbnail","6":"product_brand-ferei","7":"product_cat-charger","8":"product_tag-charger","9":"desktop-align-center","10":"tablet-align-left","11":"mobile-align-left","12":"ast-product-gallery-layout-horizontal-slider","13":"ast-magnify-disabled","15":"first","16":"instock","17":"shipping-taxable","18":"purchasable","19":"product-type-simple"},"_links":{"self":[{"href":"https:\/\/www.light.fereistore.com\/de\/wp-json\/wp\/v2\/product\/4995","targetHints":{"allow":["GET"]}}],"collection":[{"href":"https:\/\/www.light.fereistore.com\/de\/wp-json\/wp\/v2\/product"}],"about":[{"href":"https:\/\/www.light.fereistore.com\/de\/wp-json\/wp\/v2\/types\/product"}],"replies":[{"embeddable":true,"href":"https:\/\/www.light.fereistore.com\/de\/wp-json\/wp\/v2\/comments?post=4995"}],"version-history":[{"count":0,"href":"https:\/\/www.light.fereistore.com\/de\/wp-json\/wp\/v2\/product\/4995\/revisions"}],"wp:featuredmedia":[{"embeddable":true,"href":"https:\/\/www.light.fereistore.com\/de\/wp-json\/wp\/v2\/media\/4998"}],"wp:attachment":[{"href":"https:\/\/www.light.fereistore.com\/de\/wp-json\/wp\/v2\/media?parent=4995"}],"wp:term":[{"taxonomy":"product_brand","embeddable":true,"href":"https:\/\/www.light.fereistore.com\/de\/wp-json\/wp\/v2\/product_brand?post=4995"},{"taxonomy":"product_cat","embeddable":true,"href":"https:\/\/www.light.fereistore.com\/de\/wp-json\/wp\/v2\/product_cat?post=4995"},{"taxonomy":"product_tag","embeddable":true,"href":"https:\/\/www.light.fereistore.com\/de\/wp-json\/wp\/v2\/product_tag?post=4995"}],"curies":[{"name":"wp","href":"https:\/\/api.w.org\/{rel}","templated":true}]}}