{"id":1959,"date":"2025-06-25T10:09:08","date_gmt":"2025-06-25T10:09:08","guid":{"rendered":"https:\/\/www.light.fereistore.com\/?page_id=1959"},"modified":"2025-06-25T10:09:10","modified_gmt":"2025-06-25T10:09:10","slug":"warranty-policy","status":"publish","type":"page","link":"https:\/\/www.light.fereistore.com\/de\/warranty-policy\/","title":{"rendered":"Garantiepolitik"},"content":{"rendered":"<p><strong>Lichter und Fahrradkomponenten<\/strong><\/p>\n\n\n\n<p>Sehr geehrter Kunde,<\/p>\n\n\n\n<p>Vielen Dank, dass Sie sich f\u00fcr Ferei-Produkte entschieden haben. Um Ihnen einen besseren Service zu bieten, lesen Sie bitte die folgenden Garantiebedingungen f\u00fcr Ihren Kauf sorgf\u00e4ltig durch:<\/p>\n\n\n\n<ol start=\"1\" class=\"wp-block-list\">\n<li>Jedes Ferei-Produkt, das eine Fehlfunktion aufweist oder nicht mehr funktioniert\u00a0<strong>innerhalb von 14 Tagen<\/strong>\u00a0des Kaufs unter normalen Nutzungsbedingungen an einen autorisierten Distributor\/H\u00e4ndler oder an Ferei zur\u00fcckgegeben werden, um das gleiche oder ein gleichwertiges Produkt zu erhalten.<\/li>\n\n\n\n<li>F\u00fcr alle Ferei-Lampen und Fahrradkomponenten gilt eine Garantie auf Herstellungsfehler und\/oder Fehlfunktionen\u00a0<strong>f\u00fcr 2 Jahre ab dem Datum des Kaufs<\/strong>\u00a0mit dem Original-Kaufbeleg.<\/li>\n\n\n\n<li>Die Garantiezeit f\u00fcr\u00a0<strong>verderbliche Waren und Zubeh\u00f6r<\/strong>\u00a0(Glaslinsen, O-Ringe, Gummischalter, Batterien usw.) ist\u00a0<strong>8 Monate<\/strong>\u00a0ab dem Datum des Kaufs. Die Garantiezeit f\u00fcr Ferei AC-Adapter oder Ladeger\u00e4te betr\u00e4gt\u00a0<strong>12 Monate<\/strong>.<\/li>\n\n\n\n<li>Sollten Sie Fragen zur Garantie haben, wenden Sie sich entweder an die\u00a0<strong>Ferei Service Center direkt<\/strong>\u00a0oder Ihren \u00f6rtlichen Verteiler\/Einzelh\u00e4ndler.\u00a0<strong>Versuchen Sie unter keinen Umst\u00e4nden, das Ger\u00e4t selbst zu reparieren.<\/strong><\/li>\n\n\n\n<li>Sollte ein Ferei-Produkt fehlerhaft sein\u00a0<strong>au\u00dferhalb der Garantiezeit<\/strong>, k\u00f6nnen die Kunden das Ger\u00e4t zu einem g\u00fcnstigen Preis reparieren lassen.\u00a0<strong>einvernehmlich vereinbarte Kosten<\/strong>.<\/li>\n\n\n\n<li>Die Garantie von Ferei wird\u00a0<strong>null und nichtig<\/strong>\u00a0unter diesen Bedingungen:\n<ul class=\"wp-block-list\">\n<li><strong>A:<\/strong>\u00a0Fehlfunktion aufgrund von Fehlgebrauch.<\/li>\n\n\n\n<li><strong>B:<\/strong>\u00a0Fehlfunktion aufgrund unbefugter \u00c4nderung oder Demontage.<\/li>\n\n\n\n<li><strong>C:<\/strong>\u00a0Fehlfunktion durch falsche Wartung und\/oder Lagerung.<\/li>\n\n\n\n<li><strong>D:<\/strong>\u00a0Fehlen eines g\u00fcltigen Kaufbelegs, einer Rechnung oder einer Garantiekarte.<\/li>\n\n\n\n<li><strong>E:<\/strong>\u00a0Das Produkt ist eine F\u00e4lschung.<\/li>\n\n\n\n<li><strong>F:<\/strong>\u00a0Betriebsunterbrechung aufgrund von Sto\u00df- und\/oder Fallsch\u00e4den.<\/li>\n<\/ul>\n<\/li>\n\n\n\n<li><strong>Erf\u00fcllungsort und Gerichtsstand:<\/strong>\u00a0Shenzhen, China. Unterliegt dem chinesischen Recht.<\/li>\n<\/ol>\n\n\n\n<p><strong>Erweiterte Garantie:<\/strong><\/p>\n\n\n\n<ol start=\"1\" class=\"wp-block-list\">\n<li>Neue Nutzer, die sich auf unserer offiziellen Website registrieren, erhalten eine verl\u00e4ngerte Garantie (z. B. zwei Monate oder ein halbes Jahr).<\/li>\n\n\n\n<li>FEREI-Sonderanfertigungen erhalten eine neue, modellspezifische Servicegarantie.<\/li>\n<\/ol>","protected":false},"excerpt":{"rendered":"<p>Lichter und Fahrradkomponenten Sehr geehrter Kunde, vielen Dank, dass Sie sich f\u00fcr Ferei-Produkte entschieden haben. Um Ihnen einen besseren Service bieten zu k\u00f6nnen, bitten wir Sie, die folgenden Garantiebedingungen f\u00fcr Ihren Kauf sorgf\u00e4ltig zu lesen: Erweiterte Garantie:<\/p>","protected":false},"author":1,"featured_media":0,"parent":0,"menu_order":0,"comment_status":"closed","ping_status":"closed","template":"","meta":{"site-sidebar-layout":"default","site-content-layout":"","ast-site-content-layout":"default","site-content-style":"default","site-sidebar-style":"default","ast-global-header-display":"","ast-banner-title-visibility":"","ast-main-header-display":"","ast-hfb-above-header-display":"","ast-hfb-below-header-display":"","ast-hfb-mobile-header-display":"","site-post-title":"","ast-breadcrumbs-content":"","ast-featured-img":"","footer-sml-layout":"","ast-disable-related-posts":"","theme-transparent-header-meta":"","adv-header-id-meta":"","stick-header-meta":"","header-above-stick-meta":"","header-main-stick-meta":"","header-below-stick-meta":"","astra-migrate-meta-layouts":"set","ast-page-background-enabled":"default","ast-page-background-meta":{"desktop":{"background-color":"var(--ast-global-color-4)","background-image":"","background-repeat":"repeat","background-position":"center center","background-size":"auto","background-attachment":"scroll","background-type":"","background-media":"","overlay-type":"","overlay-color":"","overlay-opacity":"","overlay-gradient":""},"tablet":{"background-color":"","background-image":"","background-repeat":"repeat","background-position":"center center","background-size":"auto","background-attachment":"scroll","background-type":"","background-media":"","overlay-type":"","overlay-color":"","overlay-opacity":"","overlay-gradient":""},"mobile":{"background-color":"","background-image":"","background-repeat":"repeat","background-position":"center center","background-size":"auto","background-attachment":"scroll","background-type":"","background-media":"","overlay-type":"","overlay-color":"","overlay-opacity":"","overlay-gradient":""}},"ast-content-background-meta":{"desktop":{"background-color":"var(--ast-global-color-5)","background-image":"","background-repeat":"repeat","background-position":"center center","background-size":"auto","background-attachment":"scroll","background-type":"","background-media":"","overlay-type":"","overlay-color":"","overlay-opacity":"","overlay-gradient":""},"tablet":{"background-color":"var(--ast-global-color-5)","background-image":"","background-repeat":"repeat","background-position":"center center","background-size":"auto","background-attachment":"scroll","background-type":"","background-media":"","overlay-type":"","overlay-color":"","overlay-opacity":"","overlay-gradient":""},"mobile":{"background-color":"var(--ast-global-color-5)","background-image":"","background-repeat":"repeat","background-position":"center center","background-size":"auto","background-attachment":"scroll","background-type":"","background-media":"","overlay-type":"","overlay-color":"","overlay-opacity":"","overlay-gradient":""}},"footnotes":""},"class_list":["post-1959","page","type-page","status-publish","hentry"],"_links":{"self":[{"href":"https:\/\/www.light.fereistore.com\/de\/wp-json\/wp\/v2\/pages\/1959","targetHints":{"allow":["GET"]}}],"collection":[{"href":"https:\/\/www.light.fereistore.com\/de\/wp-json\/wp\/v2\/pages"}],"about":[{"href":"https:\/\/www.light.fereistore.com\/de\/wp-json\/wp\/v2\/types\/page"}],"author":[{"embeddable":true,"href":"https:\/\/www.light.fereistore.com\/de\/wp-json\/wp\/v2\/users\/1"}],"replies":[{"embeddable":true,"href":"https:\/\/www.light.fereistore.com\/de\/wp-json\/wp\/v2\/comments?post=1959"}],"version-history":[{"count":0,"href":"https:\/\/www.light.fereistore.com\/de\/wp-json\/wp\/v2\/pages\/1959\/revisions"}],"wp:attachment":[{"href":"https:\/\/www.light.fereistore.com\/de\/wp-json\/wp\/v2\/media?parent=1959"}],"curies":[{"name":"wp","href":"https:\/\/api.w.org\/{rel}","templated":true}]}}