{"id":1934,"date":"2025-06-25T09:35:08","date_gmt":"2025-06-25T09:35:08","guid":{"rendered":"https:\/\/www.light.fereistore.com\/?page_id=1934"},"modified":"2025-06-25T09:35:10","modified_gmt":"2025-06-25T09:35:10","slug":"zahlungspolitik","status":"publish","type":"page","link":"https:\/\/www.light.fereistore.com\/de\/payment-policy\/","title":{"rendered":"Zahlungspolitik"},"content":{"rendered":"<p>Zahlung<\/p>\n\n\n\n<p>Welche Zahlungsmodalit\u00e4ten akzeptieren wir?<\/p>\n\n\n\n<p>Wir akzeptieren die folgenden Zahlungsarten: PayPal, Bank\u00fcberweisung und Kredit-\/Debitkarten.<\/p>\n\n\n\n<p>Bitte beachten Sie: Bei Zahlungen per Kredit-\/Debitkarte wird eine zus\u00e4tzliche Bearbeitungsgeb\u00fchr von 4% erhoben, die vom Zahlungsdienstleister erhoben wird. Diese Geb\u00fchr liegt in der Verantwortung des K\u00e4ufers.<\/p>\n\n\n\n<p>Um die 4%-Kartengeb\u00fchr zu vermeiden, k\u00f6nnen Sie Ihre Kredit-\/Debitkarte zu Ihrem PayPal-Konto hinzuf\u00fcgen und die Zahlung \u00fcber PayPal abwickeln.<\/p>\n\n\n\n<p>Haben Sie Probleme? Kontaktieren Sie uns unter: ferei@ferei.com.<\/p>\n\n\n\n<p>PayPal (empfohlen)<\/p>\n\n\n\n<p>Wenn Sie an der Kasse \u201cMit PayPal bezahlen\u201d w\u00e4hlen, werden Sie auf die sichere Plattform von PayPal weitergeleitet.<\/p>\n\n\n\n<p>\u2192 Kein PayPal-Konto? W\u00e4hlen Sie auf der Anmeldeseite von PayPal \u201cMit Debit-\/Kreditkarte bezahlen\u201d.<\/p>\n\n\n\n<p>\u2192 PayPal akzeptiert: Visa, Mastercard, American Express, Discover, JCB und andere wichtige Karten.<\/p>\n\n\n\n<p>H\u00e4ufige Gr\u00fcnde f\u00fcr Zahlungsausf\u00e4lle:<\/p>\n\n\n\n<p>Falsche Kartennummer, Sicherheitscode oder Rechnungsdaten<\/p>\n\n\n\n<p>Karteneinschr\u00e4nkungen f\u00fcr diese Transaktionsart<\/p>\n\n\n\n<p>Ausgabenlimit \u00fcberschritten oder abgelaufene Karte<\/p>\n\n\n\n<p>R\u00fcckgang der Banken<\/p>\n\n\n\n<p>L\u00f6sung: \u00dcberpr\u00fcfen Sie die Rechnungsdaten, wenden Sie sich an Ihren Kartenaussteller oder versuchen Sie es mit einer anderen Karte.<\/p>\n\n\n\n<p>Anmerkungen:<\/p>\n\n\n\n<p>Es wird eine Bearbeitungsgeb\u00fchr von 4% erhoben.<\/p>\n\n\n\n<p>Zahlungen werden sicher von Stripe (PCI-zertifiziert) verarbeitet. Wir sammeln niemals Ihre Kartendaten.<\/p>\n\n\n\n<p>Bank\/\u00dcberweisung<\/p>\n\n\n\n<p>Kontaktieren Sie uns unter ferei@ferei.com, um die Bankverbindung zu erfragen.<\/p>\n\n\n\n<p>\u2192 Verwenden Sie Ihre Bestell-ID als Zahlungsreferenz.<\/p>\n\n\n\n<p>\u2192 Bestellungen werden erst nach Eingang des Geldes versandt.<\/p>","protected":false},"excerpt":{"rendered":"<p>Payment What terms of payment do we accept? We accept the following payment methods: PayPal, bank transfer, and credit\/debit cards. Please note: For credit\/debit card payments, an additional 4% processing fee imposed by the payment processor will apply. This fee is the buyer\u2019s responsibility. To avoid the 4% card fee, you may add your credit\/debit [&hellip;]<\/p>\n","protected":false},"author":1,"featured_media":0,"parent":0,"menu_order":0,"comment_status":"closed","ping_status":"closed","template":"","meta":{"site-sidebar-layout":"default","site-content-layout":"","ast-site-content-layout":"default","site-content-style":"default","site-sidebar-style":"default","ast-global-header-display":"","ast-banner-title-visibility":"","ast-main-header-display":"","ast-hfb-above-header-display":"","ast-hfb-below-header-display":"","ast-hfb-mobile-header-display":"","site-post-title":"","ast-breadcrumbs-content":"","ast-featured-img":"","footer-sml-layout":"","ast-disable-related-posts":"","theme-transparent-header-meta":"","adv-header-id-meta":"","stick-header-meta":"","header-above-stick-meta":"","header-main-stick-meta":"","header-below-stick-meta":"","astra-migrate-meta-layouts":"set","ast-page-background-enabled":"default","ast-page-background-meta":{"desktop":{"background-color":"var(--ast-global-color-4)","background-image":"","background-repeat":"repeat","background-position":"center center","background-size":"auto","background-attachment":"scroll","background-type":"","background-media":"","overlay-type":"","overlay-color":"","overlay-opacity":"","overlay-gradient":""},"tablet":{"background-color":"","background-image":"","background-repeat":"repeat","background-position":"center center","background-size":"auto","background-attachment":"scroll","background-type":"","background-media":"","overlay-type":"","overlay-color":"","overlay-opacity":"","overlay-gradient":""},"mobile":{"background-color":"","background-image":"","background-repeat":"repeat","background-position":"center center","background-size":"auto","background-attachment":"scroll","background-type":"","background-media":"","overlay-type":"","overlay-color":"","overlay-opacity":"","overlay-gradient":""}},"ast-content-background-meta":{"desktop":{"background-color":"var(--ast-global-color-5)","background-image":"","background-repeat":"repeat","background-position":"center center","background-size":"auto","background-attachment":"scroll","background-type":"","background-media":"","overlay-type":"","overlay-color":"","overlay-opacity":"","overlay-gradient":""},"tablet":{"background-color":"var(--ast-global-color-5)","background-image":"","background-repeat":"repeat","background-position":"center center","background-size":"auto","background-attachment":"scroll","background-type":"","background-media":"","overlay-type":"","overlay-color":"","overlay-opacity":"","overlay-gradient":""},"mobile":{"background-color":"var(--ast-global-color-5)","background-image":"","background-repeat":"repeat","background-position":"center center","background-size":"auto","background-attachment":"scroll","background-type":"","background-media":"","overlay-type":"","overlay-color":"","overlay-opacity":"","overlay-gradient":""}},"footnotes":""},"class_list":["post-1934","page","type-page","status-publish","hentry"],"_links":{"self":[{"href":"https:\/\/www.light.fereistore.com\/de\/wp-json\/wp\/v2\/pages\/1934","targetHints":{"allow":["GET"]}}],"collection":[{"href":"https:\/\/www.light.fereistore.com\/de\/wp-json\/wp\/v2\/pages"}],"about":[{"href":"https:\/\/www.light.fereistore.com\/de\/wp-json\/wp\/v2\/types\/page"}],"author":[{"embeddable":true,"href":"https:\/\/www.light.fereistore.com\/de\/wp-json\/wp\/v2\/users\/1"}],"replies":[{"embeddable":true,"href":"https:\/\/www.light.fereistore.com\/de\/wp-json\/wp\/v2\/comments?post=1934"}],"version-history":[{"count":0,"href":"https:\/\/www.light.fereistore.com\/de\/wp-json\/wp\/v2\/pages\/1934\/revisions"}],"wp:attachment":[{"href":"https:\/\/www.light.fereistore.com\/de\/wp-json\/wp\/v2\/media?parent=1934"}],"curies":[{"name":"wp","href":"https:\/\/api.w.org\/{rel}","templated":true}]}}